{"id":10251,"date":"2020-05-05T08:47:37","date_gmt":"2020-05-05T06:47:37","guid":{"rendered":"https:\/\/integral.ba\/?page_id=10251"},"modified":"2024-03-11T09:07:35","modified_gmt":"2024-03-11T08:07:35","slug":"financial-data","status":"publish","type":"page","link":"https:\/\/integral.ba\/en\/about-us\/financial-data\/","title":{"rendered":"Financial data"},"content":{"rendered":"<p>[et_pb_section fb_built=&#8221;1&#8243; fullwidth=&#8221;on&#8221; admin_label=&#8221;Section&#8221; _builder_version=&#8221;4.16&#8243; use_background_color_gradient=&#8221;on&#8221; background_color_gradient_stops=&#8221;rgba(16,21,81,0) 0%|rgba(20,1,0,0.57) 100%&#8221; background_color_gradient_overlays_image=&#8221;on&#8221; background_color_gradient_start=&#8221;rgba(16,21,81,0)&#8221; background_color_gradient_end=&#8221;rgba(20,1,0,0.57)&#8221; background_image=&#8221;https:\/\/integral.ba\/wp-content\/uploads\/2020\/05\/finansijski-podaci.jpeg&#8221; custom_margin=&#8221;||0px||false|false&#8221; custom_padding=&#8221;||0px||false|false&#8221; da_disable_devices=&#8221;off|off|off&#8221; locked=&#8221;off&#8221; global_colors_info=&#8221;{}&#8221; da_is_popup=&#8221;off&#8221; da_exit_intent=&#8221;off&#8221; da_has_close=&#8221;on&#8221; da_alt_close=&#8221;off&#8221; da_dark_close=&#8221;off&#8221; da_not_modal=&#8221;on&#8221; da_is_singular=&#8221;off&#8221; da_with_loader=&#8221;off&#8221; da_has_shadow=&#8221;on&#8221;][et_pb_fullwidth_header title=&#8221;Financial data&#8221; _builder_version=&#8221;4.20.4&#8243; title_font=&#8221;Raleway|900||on|||||&#8221; title_text_align=&#8221;left&#8221; title_font_size=&#8221;3vw&#8221; background_enable_color=&#8221;off&#8221; custom_padding=&#8221;15vw||1vw||false|false&#8221; animation_style=&#8221;slide&#8221; animation_direction=&#8221;bottom&#8221; animation_intensity_slide=&#8221;5%&#8221; title_font_size_tablet=&#8221;7vw&#8221; title_font_size_phone=&#8221;9vw&#8221; title_font_size_last_edited=&#8221;on|phone&#8221; global_colors_info=&#8221;{}&#8221;][\/et_pb_fullwidth_header][\/et_pb_section][et_pb_section fb_built=&#8221;1&#8243; _builder_version=&#8221;4.16&#8243; use_background_color_gradient=&#8221;on&#8221; background_color_gradient_type=&#8221;circular&#8221; background_color_gradient_stops=&#8221;rgba(38,17,89,0.18) 0%|rgba(1,25,51,0.53) 100%&#8221; background_color_gradient_start=&#8221;rgba(38,17,89,0.18)&#8221; background_color_gradient_end=&#8221;rgba(1,25,51,0.53)&#8221; da_disable_devices=&#8221;off|off|off&#8221; global_colors_info=&#8221;{}&#8221; da_is_popup=&#8221;off&#8221; da_exit_intent=&#8221;off&#8221; da_has_close=&#8221;on&#8221; da_alt_close=&#8221;off&#8221; da_dark_close=&#8221;off&#8221; da_not_modal=&#8221;on&#8221; da_is_singular=&#8221;off&#8221; da_with_loader=&#8221;off&#8221; da_has_shadow=&#8221;on&#8221;][et_pb_row _builder_version=&#8221;4.16&#8243; global_colors_info=&#8221;{}&#8221;][et_pb_column type=&#8221;4_4&#8243; _builder_version=&#8221;4.16&#8243; global_colors_info=&#8221;{}&#8221;][et_pb_text _builder_version=&#8221;4.24.2&#8243; text_font_size=&#8221;0.9vw&#8221; text_line_height=&#8221;1.5vw&#8221; background_color=&#8221;#ffffff&#8221; max_width=&#8221;80%&#8221; max_width_tablet=&#8221;&#8221; max_width_phone=&#8221;&#8221; max_width_last_edited=&#8221;on|desktop&#8221; module_alignment=&#8221;center&#8221; min_height_tablet=&#8221;&#8221; min_height_phone=&#8221;&#8221; min_height_last_edited=&#8221;on|desktop&#8221; custom_margin=&#8221;0px||0px||true|false&#8221; custom_padding=&#8221;20px|18px|5px|18px|false|true&#8221; custom_padding_tablet=&#8221;&#8221; custom_padding_phone=&#8221;&#8221; custom_padding_last_edited=&#8221;on|desktop&#8221; animation_style=&#8221;slide&#8221; animation_direction=&#8221;left&#8221; animation_delay=&#8221;100ms&#8221; animation_intensity_slide=&#8221;5%&#8221; hover_enabled=&#8221;0&#8243; text_font_size_tablet=&#8221;2.6vw&#8221; text_font_size_phone=&#8221;3.7vw&#8221; text_font_size_last_edited=&#8221;on|phone&#8221; text_line_height_tablet=&#8221;3.6vw&#8221; text_line_height_phone=&#8221;5vw&#8221; text_line_height_last_edited=&#8221;on|phone&#8221; box_shadow_style=&#8221;preset1&#8243; global_colors_info=&#8221;{}&#8221; sticky_enabled=&#8221;0&#8243;]<\/p>\n<div id=\"footable_parent_86471\"\n         class=\" footable_parent ninja_table_wrapper loading_ninja_table wp_table_data_press_parent semantic_ui \">\n                <table data-ninja_table_instance=\"ninja_table_instance_0\" data-footable_id=\"86471\" data-filter-delay=\"1000\"            id=\"footable_86471\"\n           data-unique_identifier=\"ninja_table_unique_id_1032957245_86471\"\n           class=\" foo-table ninja_footable foo_table_86471 ninja_table_unique_id_1032957245_86471 ui table  ninja_search_right nt_type_legacy_table selectable celled compact vertical_centered  footable-paging-right ninja_table_search_disabled ninja_table_pro\">\n                    <caption>Basic financial indicators (BAM)<\/caption>\n                <colgroup>\n                            <col class=\"ninja_column_0 \">\n                            <col class=\"ninja_column_1 \">\n                            <col class=\"ninja_column_2 \">\n                            <col class=\"ninja_column_3 \">\n                            <col class=\"ninja_column_4 \">\n                    <\/colgroup>\n        <thead>\n<tr class=\"footable-header\">\n                                                                                        <th scope=\"col\"  class=\"ninja_column_0 ninja_clmn_nm_blank blank-c \"><span style=\"font-size:0\">.<\/span><\/th><th scope=\"col\"  class=\"ninja_column_1 ninja_clmn_nm_2025 \">2025<\/th><th scope=\"col\"  class=\"ninja_column_2 ninja_clmn_nm_2024 \">2024<\/th><th scope=\"col\"  class=\"ninja_column_3 ninja_clmn_nm_2018 sive \">2023<\/th><th scope=\"col\"  class=\"ninja_column_4 ninja_clmn_nm_2021 \">2022<\/th><\/tr>\n<\/thead>\n<tbody>\n\n        <tr data-row_id=\"67\" class=\"ninja_table_row_0 nt_row_id_67\">\n            <td>Fixed Assets<\/td><td>65.360.801,00<\/td><td>73.304,996,00<\/td><td>72.223.657,00<\/td><td>76.488.226,00<\/td>        <\/tr>\n            <tr data-row_id=\"68\" class=\"ninja_table_row_1 nt_row_id_68\">\n            <td>Current Assets<\/td><td>91.474.072,00<\/td><td>120.882,618,00<\/td><td>144.167.094,00<\/td><td>157.338.396,00<\/td>        <\/tr>\n            <tr data-row_id=\"102\" class=\"ninja_table_row_2 nt_row_id_102\">\n            <td>Total Assets<\/td><td>156.834.873,00<\/td><td>194.187,614,00<\/td><td>216.390.751,00<\/td><td>233.826.622,00<\/td>        <\/tr>\n            <tr data-row_id=\"103\" class=\"ninja_table_row_3 nt_row_id_103\">\n            <td><span style=\"color:#eaeae6!important\">.<\/span><\/td><td><\/td><td><\/td><td><\/td><td><\/td>        <\/tr>\n            <tr data-row_id=\"104\" class=\"ninja_table_row_4 nt_row_id_104\">\n            <td>Share capital<\/td><td>41.935.200,00<\/td><td>41.935,200,00<\/td><td>41.934.777,00<\/td><td>41.934.777,00<\/td>        <\/tr>\n            <tr data-row_id=\"105\" class=\"ninja_table_row_5 nt_row_id_105\">\n            <td><span style=\"color:#eaeae6!important\">.<\/span><\/td><td><\/td><td><\/td><td><\/td><td><\/td>        <\/tr>\n            <tr data-row_id=\"106\" class=\"ninja_table_row_6 nt_row_id_106\">\n            <td>Long Term Liabilities<\/td><td>7.129.834,00<\/td><td>11.777,362,00<\/td><td>18.148.375,00<\/td><td>22.511.283,00<\/td>        <\/tr>\n            <tr data-row_id=\"108\" class=\"ninja_table_row_7 nt_row_id_108\">\n            <td>Short Term Liabilities<\/td><td>58.990.773,00<\/td><td>85.210,352,00<\/td><td>103.353.085,00<\/td><td>136.708.454,00<\/td>        <\/tr>\n            <tr data-row_id=\"109\" class=\"ninja_table_row_8 nt_row_id_109\">\n            <td><span style=\"color:#ffffff!important\">.<\/span><\/td><td><\/td><td><\/td><td><\/td><td><\/td>        <\/tr>\n            <tr data-row_id=\"110\" class=\"ninja_table_row_9 nt_row_id_110\">\n            <td>Total income<\/td><td>129.331.012,00<\/td><td>128.003,333,00<\/td><td>184.683.028,00<\/td><td>194.139.844,00<\/td>        <\/tr>\n            <tr data-row_id=\"111\" class=\"ninja_table_row_10 nt_row_id_111\">\n            <td>Total expenses<\/td><td>118.914.839,00<\/td><td>113.358,324,00<\/td><td>163.983.264,00<\/td><td>182.987.342,00<\/td>        <\/tr>\n            <tr data-row_id=\"112\" class=\"ninja_table_row_11 nt_row_id_112\">\n            <td>Construction activity income<\/td><td>105.837.138,00<\/td><td>108.124,091,00<\/td><td>170.316.281,00<\/td><td>185.526.682,00<\/td>        <\/tr>\n            <tr data-row_id=\"113\" class=\"ninja_table_row_12 nt_row_id_113\">\n            <td><span style=\"color:#ffffff!important\">.<\/span><\/td><td><\/td><td><\/td><td><\/td><td><\/td>        <\/tr>\n            <tr data-row_id=\"114\" class=\"ninja_table_row_13 nt_row_id_114\">\n            <td>EBITDA<\/td><td>20.859.625,00<\/td><td>25.116,315,00<\/td><td>30.680.905,00<\/td><td>23.051.152,00<\/td>        <\/tr>\n            <tr data-row_id=\"115\" class=\"ninja_table_row_14 nt_row_id_115\">\n            <td>EBIT<\/td><td>10.416.173,00<\/td><td>14.645,009,00<\/td><td>20.699.764,00<\/td><td>11.152.502,00<\/td>        <\/tr>\n            <tr data-row_id=\"116\" class=\"ninja_table_row_15 nt_row_id_116\">\n            <td><span style=\"color:#eaeae6!important\">.<\/span><\/td><td><\/td><td><\/td><td><\/td><td><\/td>        <\/tr>\n            <tr data-row_id=\"117\" class=\"ninja_table_row_16 nt_row_id_117\">\n            <td>Net profit<\/td><td>10.058.416,00<\/td><td>14.415,465,00<\/td><td>20.006.286,00<\/td><td>10.975.259,00<\/td>        <\/tr>\n    <\/tbody><!--ninja_tobody_rendering_done-->\n    <\/table>\n    \n    \n    \n<\/div>\n\n<p>[\/et_pb_text][\/et_pb_column][\/et_pb_row][\/et_pb_section]<\/p>\n","protected":false},"excerpt":{"rendered":"<div id=\"footable_parent_86471\"\n         class=\" footable_parent ninja_table_wrapper loading_ninja_table wp_table_data_press_parent semantic_ui \">\n                <table data-ninja_table_instance=\"ninja_table_instance_1\" data-footable_id=\"86471\" data-filter-delay=\"1000\"            id=\"footable_86471\"\n           data-unique_identifier=\"ninja_table_unique_id_1097389665_86471\"\n           class=\" foo-table ninja_footable foo_table_86471 ninja_table_unique_id_1097389665_86471 ui table  ninja_search_right nt_type_legacy_table selectable celled compact vertical_centered  footable-paging-right ninja_table_search_disabled ninja_table_pro\">\n                    <caption>Basic financial indicators (BAM)<\/caption>\n                <colgroup>\n                            <col class=\"ninja_column_0 \">\n                            <col class=\"ninja_column_1 \">\n                            <col class=\"ninja_column_2 \">\n                            <col class=\"ninja_column_3 \">\n                            <col class=\"ninja_column_4 \">\n                    <\/colgroup>\n        <thead>\n<tr class=\"footable-header\">\n                                                                                        <th scope=\"col\"  class=\"ninja_column_0 ninja_clmn_nm_blank blank-c \"><span style=\"font-size:0\">.<\/span><\/th><th scope=\"col\"  class=\"ninja_column_1 ninja_clmn_nm_2025 \">2025<\/th><th scope=\"col\"  class=\"ninja_column_2 ninja_clmn_nm_2024 \">2024<\/th><th scope=\"col\"  class=\"ninja_column_3 ninja_clmn_nm_2018 sive \">2023<\/th><th scope=\"col\"  class=\"ninja_column_4 ninja_clmn_nm_2021 \">2022<\/th><\/tr>\n<\/thead>\n<tbody>\n\n        <tr data-row_id=\"67\" class=\"ninja_table_row_0 nt_row_id_67\">\n            <td>Fixed Assets<\/td><td>65.360.801,00<\/td><td>73.304,996,00<\/td><td>72.223.657,00<\/td><td>76.488.226,00<\/td>        <\/tr>\n            <tr data-row_id=\"68\" class=\"ninja_table_row_1 nt_row_id_68\">\n            <td>Current Assets<\/td><td>91.474.072,00<\/td><td>120.882,618,00<\/td><td>144.167.094,00<\/td><td>157.338.396,00<\/td>        <\/tr>\n            <tr data-row_id=\"102\" class=\"ninja_table_row_2 nt_row_id_102\">\n            <td>Total Assets<\/td><td>156.834.873,00<\/td><td>194.187,614,00<\/td><td>216.390.751,00<\/td><td>233.826.622,00<\/td>        <\/tr>\n            <tr data-row_id=\"103\" class=\"ninja_table_row_3 nt_row_id_103\">\n            <td><span style=\"color:#eaeae6!important\">.<\/span><\/td><td><\/td><td><\/td><td><\/td><td><\/td>        <\/tr>\n            <tr data-row_id=\"104\" class=\"ninja_table_row_4 nt_row_id_104\">\n            <td>Share capital<\/td><td>41.935.200,00<\/td><td>41.935,200,00<\/td><td>41.934.777,00<\/td><td>41.934.777,00<\/td>        <\/tr>\n            <tr data-row_id=\"105\" class=\"ninja_table_row_5 nt_row_id_105\">\n            <td><span style=\"color:#eaeae6!important\">.<\/span><\/td><td><\/td><td><\/td><td><\/td><td><\/td>        <\/tr>\n            <tr data-row_id=\"106\" class=\"ninja_table_row_6 nt_row_id_106\">\n            <td>Long Term Liabilities<\/td><td>7.129.834,00<\/td><td>11.777,362,00<\/td><td>18.148.375,00<\/td><td>22.511.283,00<\/td>        <\/tr>\n            <tr data-row_id=\"108\" class=\"ninja_table_row_7 nt_row_id_108\">\n            <td>Short Term Liabilities<\/td><td>58.990.773,00<\/td><td>85.210,352,00<\/td><td>103.353.085,00<\/td><td>136.708.454,00<\/td>        <\/tr>\n            <tr data-row_id=\"109\" class=\"ninja_table_row_8 nt_row_id_109\">\n            <td><span style=\"color:#ffffff!important\">.<\/span><\/td><td><\/td><td><\/td><td><\/td><td><\/td>        <\/tr>\n            <tr data-row_id=\"110\" class=\"ninja_table_row_9 nt_row_id_110\">\n            <td>Total income<\/td><td>129.331.012,00<\/td><td>128.003,333,00<\/td><td>184.683.028,00<\/td><td>194.139.844,00<\/td>        <\/tr>\n            <tr data-row_id=\"111\" class=\"ninja_table_row_10 nt_row_id_111\">\n            <td>Total expenses<\/td><td>118.914.839,00<\/td><td>113.358,324,00<\/td><td>163.983.264,00<\/td><td>182.987.342,00<\/td>        <\/tr>\n            <tr data-row_id=\"112\" class=\"ninja_table_row_11 nt_row_id_112\">\n            <td>Construction activity income<\/td><td>105.837.138,00<\/td><td>108.124,091,00<\/td><td>170.316.281,00<\/td><td>185.526.682,00<\/td>        <\/tr>\n            <tr data-row_id=\"113\" class=\"ninja_table_row_12 nt_row_id_113\">\n            <td><span style=\"color:#ffffff!important\">.<\/span><\/td><td><\/td><td><\/td><td><\/td><td><\/td>        <\/tr>\n            <tr data-row_id=\"114\" class=\"ninja_table_row_13 nt_row_id_114\">\n            <td>EBITDA<\/td><td>20.859.625,00<\/td><td>25.116,315,00<\/td><td>30.680.905,00<\/td><td>23.051.152,00<\/td>        <\/tr>\n            <tr data-row_id=\"115\" class=\"ninja_table_row_14 nt_row_id_115\">\n            <td>EBIT<\/td><td>10.416.173,00<\/td><td>14.645,009,00<\/td><td>20.699.764,00<\/td><td>11.152.502,00<\/td>        <\/tr>\n            <tr data-row_id=\"116\" class=\"ninja_table_row_15 nt_row_id_116\">\n            <td><span style=\"color:#eaeae6!important\">.<\/span><\/td><td><\/td><td><\/td><td><\/td><td><\/td>        <\/tr>\n            <tr data-row_id=\"117\" class=\"ninja_table_row_16 nt_row_id_117\">\n            <td>Net profit<\/td><td>10.058.416,00<\/td><td>14.415,465,00<\/td><td>20.006.286,00<\/td><td>10.975.259,00<\/td>        <\/tr>\n    <\/tbody><!--ninja_tobody_rendering_done-->\n    <\/table>\n    \n    \n    \n<\/div>\n\n","protected":false},"author":2,"featured_media":0,"parent":8727,"menu_order":0,"comment_status":"closed","ping_status":"closed","template":"","meta":{"_acf_changed":false,"_et_pb_use_builder":"on","_et_pb_old_content":"[vc_row position=\"center center\" grid=\"true\" css=\".vc_custom_1529670729277{padding-top: 80px !important;padding-bottom: 80px !important;background: #fdca22 url(https:\/\/integral.ba\/wp-content\/uploads\/2018\/06\/bg25-4.jpg?id=5638) !important;}\"][vc_column][vc_column_text css_animation=\"right-to-left\"]\r\n<h1 class=\"vc_custom_heading\" style=\"text-align: left;\">LI\u010cNA KARTA<\/h1>\r\n[\/vc_column_text][\/vc_column][\/vc_row][vc_row grid=\"true\" css=\".vc_custom_1454506993799{padding-top: 80px !important;padding-bottom: 80px !important;}\"][vc_column][vc_column_text css_animation=\"right-to-left\"]Privredno dru\u0161tvo\u00a0Integral In\u017eenjering \u00a0je upisano u sudski registar pri Okru\u017enom Privrednom Sudu u Banjaluci pod brojem 1-91-00 1989. godine. Integral In\u017eenjering je zatvoreno akcionarsko dru\u0161tvo.\r\n<strong>Ime dru\u0161tva:<\/strong> Integral In\u017eenjering a.d. Lakta\u0161i, In\u017eenjering \u2013 promet \u2013 \u00a0eksport \u2013 import\r\n<strong>Registrovano ime\/oznaka:<\/strong> Integral In\u017eenjering a.d. Lakta\u0161i\r\n<strong>Adresa 1:<\/strong> Lakta\u0161i, Omladinska 44\r\n<strong>Adresa 2:<\/strong>\u00a0Banja Luka, Trg Republike Srpske 8\/XII (uprava)\r\n<strong>Telefon:<\/strong> + 387 51 337 401\r\n<strong>Faks:<\/strong> + 387 51 337 491\r\n<strong>Email:<\/strong> iicbl@integralgrupa.com\r\n<strong>Web stranica:<\/strong> www.integralinzenjering.com\r\n<strong>\u010clanice dru\u0161tva:<\/strong>\r\n\u2022 Poslovna jedinica \"Integral\" Banja Luka\r\n\u2022 Poslovna jedinica \"Integral\" Sarajevo\r\n\u2022 Poslovna jedinica \u201cIntegral\u201d Biha\u0107\r\n\u2022 Ogranak Integral in\u017eenjering\u00a0Ni\u0161\r\n\u2022 Integral in\u017eenjering\u00a0d.o.o. Beograd\r\n\u2022 Integral in\u017eenjering a.d. \u2013 Podru\u017enica Zabok za gra\u0111enje\r\n<strong>Mati\u010dni broj:<\/strong> 01255908\r\n<strong>JIB:<\/strong> 4401145050005\r\n<strong>IB:<\/strong> 401145050005\r\n<strong>\u0160ifra djelatnosti:<\/strong> 42.11\r\n<strong>Glavna djelatnost:<\/strong> Izgradnja objekata\u00a0visokogradnje, niskogradnje i hidrogra\u0111evinskih objekata\r\n<strong>Ostale djelatnosti:<\/strong> Arhitektonske i in\u017eenjerske djelatnosti, trgovina na malo gorivima i mazivima\r\n<strong>Osnovni kapital:<\/strong> 41.934.777,00 KM[\/vc_column_text][\/vc_column][\/vc_row]","_et_gb_content_width":"","inline_featured_image":false,"footnotes":""},"class_list":["post-10251","page","type-page","status-publish","hentry"],"acf":[],"yoast_head":"<!-- This site is optimized with the Yoast SEO plugin v27.2 - https:\/\/yoast.com\/product\/yoast-seo-wordpress\/ -->\n<title>LI\u010cNA KARTA | Integral in\u017eenjering a.d.<\/title>\n<meta name=\"description\" content=\"Privredno dru\u0161tvo Integral In\u017eenjering je upisano u sudski registar pri Okru\u017enom Privrednom Sudu u Banjaluci pod brojem 1-91-00 1989. godine.\" \/>\n<meta name=\"robots\" content=\"index, follow, max-snippet:-1, max-image-preview:large, max-video-preview:-1\" \/>\n<link rel=\"canonical\" href=\"https:\/\/integral.ba\/en\/about-us\/financial-data\/\" \/>\n<meta property=\"og:locale\" content=\"en_US\" \/>\n<meta property=\"og:type\" content=\"article\" \/>\n<meta property=\"og:title\" content=\"LI\u010cNA KARTA | Integral in\u017eenjering a.d.\" \/>\n<meta property=\"og:description\" content=\"Privredno dru\u0161tvo Integral In\u017eenjering je upisano u sudski registar pri Okru\u017enom Privrednom Sudu u Banjaluci pod brojem 1-91-00 1989. godine.\" \/>\n<meta property=\"og:url\" content=\"https:\/\/integral.ba\/en\/about-us\/financial-data\/\" \/>\n<meta property=\"og:site_name\" content=\"Integral In\u017eenjering\" \/>\n<meta property=\"article:modified_time\" content=\"2024-03-11T08:07:35+00:00\" \/>\n<meta property=\"og:image\" content=\"https:\/\/integral.ba\/wp-content\/uploads\/2020\/08\/iic-vladicin-han.jpg\" \/>\n\t<meta property=\"og:image:width\" content=\"1200\" \/>\n\t<meta property=\"og:image:height\" content=\"630\" \/>\n\t<meta property=\"og:image:type\" content=\"image\/jpeg\" \/>\n<meta name=\"twitter:card\" content=\"summary_large_image\" \/>\n<meta name=\"twitter:label1\" content=\"Est. reading time\" \/>\n\t<meta name=\"twitter:data1\" content=\"2 minutes\" \/>\n<script type=\"application\/ld+json\" class=\"yoast-schema-graph\">{\"@context\":\"https:\/\/schema.org\",\"@graph\":[{\"@type\":\"WebPage\",\"@id\":\"https:\/\/integral.ba\/en\/about-us\/financial-data\/\",\"url\":\"https:\/\/integral.ba\/en\/about-us\/financial-data\/\",\"name\":\"LI\u010cNA KARTA | Integral in\u017eenjering a.d.\",\"isPartOf\":{\"@id\":\"https:\/\/integral.ba\/en\/#website\"},\"datePublished\":\"2020-05-05T06:47:37+00:00\",\"dateModified\":\"2024-03-11T08:07:35+00:00\",\"description\":\"Privredno dru\u0161tvo Integral In\u017eenjering je upisano u sudski registar pri Okru\u017enom Privrednom Sudu u Banjaluci pod brojem 1-91-00 1989. godine.\",\"breadcrumb\":{\"@id\":\"https:\/\/integral.ba\/en\/about-us\/financial-data\/#breadcrumb\"},\"inLanguage\":\"en-US\",\"potentialAction\":[{\"@type\":\"ReadAction\",\"target\":[\"https:\/\/integral.ba\/en\/about-us\/financial-data\/\"]}]},{\"@type\":\"BreadcrumbList\",\"@id\":\"https:\/\/integral.ba\/en\/about-us\/financial-data\/#breadcrumb\",\"itemListElement\":[{\"@type\":\"ListItem\",\"position\":1,\"name\":\"Home\",\"item\":\"https:\/\/integral.ba\/en\/?lang=en\"},{\"@type\":\"ListItem\",\"position\":2,\"name\":\"About us\",\"item\":\"https:\/\/integral.ba\/en\/about-us\/?lang=en\"},{\"@type\":\"ListItem\",\"position\":3,\"name\":\"Financial data\"}]},{\"@type\":\"WebSite\",\"@id\":\"https:\/\/integral.ba\/en\/#website\",\"url\":\"https:\/\/integral.ba\/en\/\",\"name\":\"Integral In\u017eenjering\",\"description\":\"iic\",\"publisher\":{\"@id\":\"https:\/\/integral.ba\/en\/#organization\"},\"potentialAction\":[{\"@type\":\"SearchAction\",\"target\":{\"@type\":\"EntryPoint\",\"urlTemplate\":\"https:\/\/integral.ba\/en\/?s={search_term_string}\"},\"query-input\":{\"@type\":\"PropertyValueSpecification\",\"valueRequired\":true,\"valueName\":\"search_term_string\"}}],\"inLanguage\":\"en-US\"},{\"@type\":\"Organization\",\"@id\":\"https:\/\/integral.ba\/en\/#organization\",\"name\":\"Integral In\u017eenjering\",\"url\":\"https:\/\/integral.ba\/en\/\",\"logo\":{\"@type\":\"ImageObject\",\"inLanguage\":\"en-US\",\"@id\":\"https:\/\/integral.ba\/en\/#\/schema\/logo\/image\/\",\"url\":\"https:\/\/integral.ba\/wp-content\/uploads\/2020\/08\/favicon.png\",\"contentUrl\":\"https:\/\/integral.ba\/wp-content\/uploads\/2020\/08\/favicon.png\",\"width\":512,\"height\":512,\"caption\":\"Integral In\u017eenjering\"},\"image\":{\"@id\":\"https:\/\/integral.ba\/en\/#\/schema\/logo\/image\/\"},\"sameAs\":[\"https:\/\/www.youtube.com\/user\/IntegralGrupa\",\"https:\/\/sr.wikipedia.org\/sr-el\/\u0418\u043d\u0442\u0435\u0433\u0440\u0430\u043b_\u0438\u043d\u0436\u0435\u045a\u0435\u0440\u0438\u043d\u0433\"]}]}<\/script>\n<!-- \/ Yoast SEO plugin. -->","yoast_head_json":{"title":"LI\u010cNA KARTA | Integral in\u017eenjering a.d.","description":"Privredno dru\u0161tvo Integral In\u017eenjering je upisano u sudski registar pri Okru\u017enom Privrednom Sudu u Banjaluci pod brojem 1-91-00 1989. godine.","robots":{"index":"index","follow":"follow","max-snippet":"max-snippet:-1","max-image-preview":"max-image-preview:large","max-video-preview":"max-video-preview:-1"},"canonical":"https:\/\/integral.ba\/en\/about-us\/financial-data\/","og_locale":"en_US","og_type":"article","og_title":"LI\u010cNA KARTA | Integral in\u017eenjering a.d.","og_description":"Privredno dru\u0161tvo Integral In\u017eenjering je upisano u sudski registar pri Okru\u017enom Privrednom Sudu u Banjaluci pod brojem 1-91-00 1989. godine.","og_url":"https:\/\/integral.ba\/en\/about-us\/financial-data\/","og_site_name":"Integral In\u017eenjering","article_modified_time":"2024-03-11T08:07:35+00:00","og_image":[{"width":1200,"height":630,"url":"https:\/\/integral.ba\/wp-content\/uploads\/2020\/08\/iic-vladicin-han.jpg","type":"image\/jpeg"}],"twitter_card":"summary_large_image","twitter_misc":{"Est. reading time":"2 minutes"},"schema":{"@context":"https:\/\/schema.org","@graph":[{"@type":"WebPage","@id":"https:\/\/integral.ba\/en\/about-us\/financial-data\/","url":"https:\/\/integral.ba\/en\/about-us\/financial-data\/","name":"LI\u010cNA KARTA | Integral in\u017eenjering a.d.","isPartOf":{"@id":"https:\/\/integral.ba\/en\/#website"},"datePublished":"2020-05-05T06:47:37+00:00","dateModified":"2024-03-11T08:07:35+00:00","description":"Privredno dru\u0161tvo Integral In\u017eenjering je upisano u sudski registar pri Okru\u017enom Privrednom Sudu u Banjaluci pod brojem 1-91-00 1989. godine.","breadcrumb":{"@id":"https:\/\/integral.ba\/en\/about-us\/financial-data\/#breadcrumb"},"inLanguage":"en-US","potentialAction":[{"@type":"ReadAction","target":["https:\/\/integral.ba\/en\/about-us\/financial-data\/"]}]},{"@type":"BreadcrumbList","@id":"https:\/\/integral.ba\/en\/about-us\/financial-data\/#breadcrumb","itemListElement":[{"@type":"ListItem","position":1,"name":"Home","item":"https:\/\/integral.ba\/en\/?lang=en"},{"@type":"ListItem","position":2,"name":"About us","item":"https:\/\/integral.ba\/en\/about-us\/?lang=en"},{"@type":"ListItem","position":3,"name":"Financial data"}]},{"@type":"WebSite","@id":"https:\/\/integral.ba\/en\/#website","url":"https:\/\/integral.ba\/en\/","name":"Integral In\u017eenjering","description":"iic","publisher":{"@id":"https:\/\/integral.ba\/en\/#organization"},"potentialAction":[{"@type":"SearchAction","target":{"@type":"EntryPoint","urlTemplate":"https:\/\/integral.ba\/en\/?s={search_term_string}"},"query-input":{"@type":"PropertyValueSpecification","valueRequired":true,"valueName":"search_term_string"}}],"inLanguage":"en-US"},{"@type":"Organization","@id":"https:\/\/integral.ba\/en\/#organization","name":"Integral In\u017eenjering","url":"https:\/\/integral.ba\/en\/","logo":{"@type":"ImageObject","inLanguage":"en-US","@id":"https:\/\/integral.ba\/en\/#\/schema\/logo\/image\/","url":"https:\/\/integral.ba\/wp-content\/uploads\/2020\/08\/favicon.png","contentUrl":"https:\/\/integral.ba\/wp-content\/uploads\/2020\/08\/favicon.png","width":512,"height":512,"caption":"Integral In\u017eenjering"},"image":{"@id":"https:\/\/integral.ba\/en\/#\/schema\/logo\/image\/"},"sameAs":["https:\/\/www.youtube.com\/user\/IntegralGrupa","https:\/\/sr.wikipedia.org\/sr-el\/\u0418\u043d\u0442\u0435\u0433\u0440\u0430\u043b_\u0438\u043d\u0436\u0435\u045a\u0435\u0440\u0438\u043d\u0433"]}]}},"_links":{"self":[{"href":"https:\/\/integral.ba\/en\/wp-json\/wp\/v2\/pages\/10251","targetHints":{"allow":["GET"]}}],"collection":[{"href":"https:\/\/integral.ba\/en\/wp-json\/wp\/v2\/pages"}],"about":[{"href":"https:\/\/integral.ba\/en\/wp-json\/wp\/v2\/types\/page"}],"author":[{"embeddable":true,"href":"https:\/\/integral.ba\/en\/wp-json\/wp\/v2\/users\/2"}],"replies":[{"embeddable":true,"href":"https:\/\/integral.ba\/en\/wp-json\/wp\/v2\/comments?post=10251"}],"version-history":[{"count":13,"href":"https:\/\/integral.ba\/en\/wp-json\/wp\/v2\/pages\/10251\/revisions"}],"predecessor-version":[{"id":87992,"href":"https:\/\/integral.ba\/en\/wp-json\/wp\/v2\/pages\/10251\/revisions\/87992"}],"up":[{"embeddable":true,"href":"https:\/\/integral.ba\/en\/wp-json\/wp\/v2\/pages\/8727"}],"wp:attachment":[{"href":"https:\/\/integral.ba\/en\/wp-json\/wp\/v2\/media?parent=10251"}],"curies":[{"name":"wp","href":"https:\/\/api.w.org\/{rel}","templated":true}]}}