{"id":2730,"date":"2016-02-03T11:57:24","date_gmt":"2016-02-03T10:57:24","guid":{"rendered":"https:\/\/integral.ba\/?page_id=2730"},"modified":"2021-11-11T13:24:13","modified_gmt":"2021-11-11T12:24:13","slug":"brief-overview","status":"publish","type":"page","link":"https:\/\/integral.ba\/en\/about-us\/brief-overview\/","title":{"rendered":"Brief overview"},"content":{"rendered":"<p>[et_pb_section fb_built=&#8221;1&#8243; fullwidth=&#8221;on&#8221; admin_label=&#8221;Section&#8221; _builder_version=&#8221;4.4.2&#8243; background_image=&#8221;https:\/\/integral.ba\/wp-content\/uploads\/revslider\/engleski2019\/4.jpg&#8221; custom_margin=&#8221;||0px||false|false&#8221; custom_padding=&#8221;||0px||false|false&#8221; locked=&#8221;off&#8221; global_colors_info=&#8221;{}&#8221; da_is_popup=&#8221;off&#8221; da_exit_intent=&#8221;off&#8221; da_has_close=&#8221;on&#8221; da_alt_close=&#8221;off&#8221; da_dark_close=&#8221;off&#8221; da_not_modal=&#8221;on&#8221; da_is_singular=&#8221;off&#8221; da_with_loader=&#8221;off&#8221; da_has_shadow=&#8221;on&#8221; da_disable_devices=&#8221;off|off|off&#8221;][et_pb_fullwidth_header title=&#8221;BRIEF OVERVIEW&#8221; _builder_version=&#8221;4.4.2&#8243; title_font=&#8221;Raleway|900||on|||||&#8221; title_text_align=&#8221;left&#8221; title_font_size=&#8221;3vw&#8221; background_enable_color=&#8221;off&#8221; custom_padding=&#8221;15vw||1vw||false|false&#8221; animation_style=&#8221;slide&#8221; animation_direction=&#8221;bottom&#8221; animation_intensity_slide=&#8221;5%&#8221; title_font_size_tablet=&#8221;7vw&#8221; title_font_size_phone=&#8221;9vw&#8221; title_font_size_last_edited=&#8221;on|phone&#8221; global_colors_info=&#8221;{}&#8221;][\/et_pb_fullwidth_header][\/et_pb_section][et_pb_section fb_built=&#8221;1&#8243; admin_label=&#8221;section&#8221; _builder_version=&#8221;4.4.2&#8243; custom_padding=&#8221;||0px||false|false&#8221; global_colors_info=&#8221;{}&#8221; da_is_popup=&#8221;off&#8221; da_exit_intent=&#8221;off&#8221; da_has_close=&#8221;on&#8221; da_alt_close=&#8221;off&#8221; da_dark_close=&#8221;off&#8221; da_not_modal=&#8221;on&#8221; da_is_singular=&#8221;off&#8221; da_with_loader=&#8221;off&#8221; da_has_shadow=&#8221;on&#8221; da_disable_devices=&#8221;off|off|off&#8221;][et_pb_row admin_label=&#8221;row&#8221; _builder_version=&#8221;4.4.2&#8243; background_size=&#8221;initial&#8221; background_position=&#8221;top_left&#8221; background_repeat=&#8221;repeat&#8221; global_colors_info=&#8221;{}&#8221;][et_pb_column type=&#8221;4_4&#8243; _builder_version=&#8221;3.25&#8243; custom_padding=&#8221;|||&#8221; global_colors_info=&#8221;{}&#8221; custom_padding__hover=&#8221;|||&#8221;][et_pb_text admin_label=&#8221;Text&#8221; _builder_version=&#8221;4.12.1&#8243; text_font_size=&#8221;1.2vw&#8221; text_line_height=&#8221;1.8vw&#8221; header_4_font=&#8221;|700|||||||&#8221; header_4_text_color=&#8221;#504d4f&#8221; header_4_font_size=&#8221;39px&#8221; background_size=&#8221;initial&#8221; background_position=&#8221;top_left&#8221; background_repeat=&#8221;repeat&#8221; custom_margin=&#8221;||45px||false|false&#8221; animation_style=&#8221;slide&#8221; animation_direction=&#8221;left&#8221; animation_intensity_slide=&#8221;4%&#8221; hover_enabled=&#8221;0&#8243; text_font_size_tablet=&#8221;2.9vw&#8221; text_font_size_phone=&#8221;4vw&#8221; text_font_size_last_edited=&#8221;on|desktop&#8221; text_line_height_tablet=&#8221;3.9vw&#8221; text_line_height_phone=&#8221;5.3vw&#8221; text_line_height_last_edited=&#8221;on|phone&#8221; global_colors_info=&#8221;{}&#8221; sticky_enabled=&#8221;0&#8243;]<\/p>\n<p>The stock company Integral In\u017eenjering (Integral In\u017eenjering PLC) from Lakta\u0161i was founded in 1989. Integral In\u017eenjering is a regional leader in the field of civil and water engineering in which the company has successfully worked for years constructing remarkable structures of vital social and economic interests. We constructed a lot of roads and highways, tunnels, bridges, viaducts, pedestrian bridges, water supplying systems and structures of special purpose and importance such as airports, helipads, Olympic and recreational swimming pools, border crossings, water factories, hydro-technical facilities and sanitary landfills. We are very proud of our business results and satisfaction of our clients and partners, as well as our representative infrastructural projects, excellent human, material and technical resources that make it all possible.<\/p>\n<p>The core business of Integral In\u017eenjering assumes all types of works in construction business, including development of project documentation and consulting, supervising and construction of very complex structures. With team of experienced engineers and modern equipment, following all state-of-the-art scientific and technological achievements, Integral In\u017eenjering is capable of successful completion of any complex and demanding projects.<\/p>\n<p>[\/et_pb_text][\/et_pb_column][\/et_pb_row][et_pb_row _builder_version=&#8221;4.4.2&#8243; background_color=&#8221;#f8f9f4&#8243; width=&#8221;100%&#8221; max_width=&#8221;100%&#8221; custom_margin=&#8221;||0px||false|false&#8221; custom_padding=&#8221;75px||50px||false|false&#8221; global_colors_info=&#8221;{}&#8221;][et_pb_column type=&#8221;4_4&#8243; _builder_version=&#8221;4.4.2&#8243; global_colors_info=&#8221;{}&#8221;][et_pb_text admin_label=&#8221;Text&#8221; _builder_version=&#8221;4.4.2&#8243; text_font_size=&#8221;1.2vw&#8221; text_line_height=&#8221;1.8vw&#8221; header_4_font=&#8221;|700|||||||&#8221; header_4_text_color=&#8221;#000000&#8243; header_4_font_size=&#8221;39px&#8221; background_size=&#8221;initial&#8221; background_position=&#8221;top_left&#8221; background_repeat=&#8221;repeat&#8221; width=&#8221;80%&#8221; max_width=&#8221;1240px&#8221; module_alignment=&#8221;center&#8221; custom_margin=&#8221;||35px|||&#8221; animation_style=&#8221;slide&#8221; animation_direction=&#8221;left&#8221; animation_delay=&#8221;300ms&#8221; animation_intensity_slide=&#8221;4%&#8221; text_font_size_tablet=&#8221;2.9vw&#8221; text_font_size_phone=&#8221;4vw&#8221; text_font_size_last_edited=&#8221;on|desktop&#8221; text_line_height_tablet=&#8221;3.9vw&#8221; text_line_height_phone=&#8221;5.3vw&#8221; text_line_height_last_edited=&#8221;on|phone&#8221; global_colors_info=&#8221;{}&#8221;]<\/p>\n<h4><strong>Major employers in the previous period were:<\/strong><\/h4>\n<p>[\/et_pb_text][et_pb_text admin_label=&#8221;Text&#8221; module_class=&#8221;dvijekolone&#8221; _builder_version=&#8221;4.4.7&#8243; text_font_size=&#8221;1.2vw&#8221; text_line_height=&#8221;1.8vw&#8221; ul_text_color=&#8221;#000000&#8243; ul_font_size=&#8221;1vw&#8221; ul_line_height=&#8221;1.6vw&#8221; header_4_font=&#8221;|700|||||||&#8221; header_4_text_color=&#8221;#504d4f&#8221; header_4_font_size=&#8221;39px&#8221; background_size=&#8221;initial&#8221; background_position=&#8221;top_left&#8221; background_repeat=&#8221;repeat&#8221; width=&#8221;80%&#8221; max_width=&#8221;1240px&#8221; module_alignment=&#8221;center&#8221; custom_margin=&#8221;||30px|||&#8221; animation_style=&#8221;slide&#8221; animation_direction=&#8221;left&#8221; animation_delay=&#8221;400ms&#8221; animation_intensity_slide=&#8221;4%&#8221; text_font_size_tablet=&#8221;2.9vw&#8221; text_font_size_phone=&#8221;4vw&#8221; text_font_size_last_edited=&#8221;on|desktop&#8221; text_line_height_tablet=&#8221;3.9vw&#8221; text_line_height_phone=&#8221;5.3vw&#8221; text_line_height_last_edited=&#8221;on|phone&#8221; ul_font_size_tablet=&#8221;2.7vw&#8221; ul_font_size_phone=&#8221;3.8vw&#8221; ul_font_size_last_edited=&#8221;on|desktop&#8221; ul_line_height_tablet=&#8221;3.7vw&#8221; ul_line_height_phone=&#8221;5.1vw&#8221; ul_line_height_last_edited=&#8221;on|desktop&#8221; global_colors_info=&#8221;{}&#8221;]<\/p>\n<ul>\n<li>World Bank<\/li>\n<li>European Union, Delegation of European Union to Bosnia and Herzegovina<\/li>\n<li>European Agency for Reconstruction<\/li>\n<li>NATO\/SFOR<\/li>\n<li>The United States Agency for International\u00a0Development (USAID)<\/li>\n<li>Parsons Corporation Delaware<\/li>\n<li>Roughton International Ltd<\/li>\n<li>World Vision<\/li>\n<li>Ministry of Security of Bosnia and Herzegovina<\/li>\n<li>Ministry of Communications and Transport of B&amp;H<\/li>\n<li>Public Corporation &#8220;Railways of\u00a0B&amp;H&#8221;<\/li>\n<li>Government of Montenegro, Ministry of Transport and Marine Affairs<\/li>\n<li>Public Enterprise &#8220;Corridors of Serbia LLC&#8221;<\/li>\n<li>Public Enterprise &#8220;Roads of Serbia LLC&#8221;<\/li>\n<li>Building Directorate of Serbia LLC<\/li>\n<li>Public company &#8220;Croation Roads Ltd&#8221;<\/li>\n<li>Public company &#8220;H\u017d Infrastructure LLC&#8221;<\/li>\n<li>Ministry of the Interior of the Republic of Srpska<\/li>\n<li>Ministry of Transport and Communications of the Republic of Srpska<\/li>\n<li>Ministry of Defence of the Republic of Srpska<\/li>\n<li>Public company \u201cRepublic of Srpska Motorways\u201c<\/li>\n<li>Public company \u201cRepublic of Srpska Roads\u201d<\/li>\n<li>Mixed Holding Power Utility of the Republic of Srpska<\/li>\n<li>Public enterprise \u201cAirports of the Republic of Srpska\u201d<\/li>\n<li>Public company &#8220;Republic of Srpska Railways PLC&#8221;<\/li>\n<li>Federal Ministry of Finance, Department of Customs<\/li>\n<li>Public company &#8220;Roads of the Federation of B&amp;H&#8221;<\/li>\n<li>City of Banja Luka<\/li>\n<\/ul>\n<p>[\/et_pb_text][\/et_pb_column][\/et_pb_row][\/et_pb_section]<\/p>\n","protected":false},"excerpt":{"rendered":"<p>The stock company Integral In\u017eenjering (Integral In\u017eenjering PLC) from Lakta\u0161i was founded in 1989. Integral In\u017eenjering is a regional leader in the field of civil and water engineering in which the company has successfully worked for years constructing remarkable structures of vital social and economic interests. We constructed a lot of roads and highways, tunnels, [&hellip;]<\/p>\n","protected":false},"author":2,"featured_media":0,"parent":8727,"menu_order":0,"comment_status":"closed","ping_status":"closed","template":"","meta":{"_acf_changed":false,"_et_pb_use_builder":"on","_et_pb_old_content":"[vc_row full_width=\"stretch_row\" position=\"center center\" grid=\"true\" css=\".vc_custom_1529670649512{padding-top: 80px !important;padding-bottom: 80px !important;background: #fdca22 url(https:\/\/integral.ba\/wp-content\/uploads\/2018\/06\/bg25-1.jpg?id=5628) !important;}\"][vc_column][vc_column_text css_animation=\"right-to-left\"]\n<h1 class=\"vc_custom_heading\" style=\"text-align: left;\">KRATAK OSVRT<\/h1>\n[\/vc_column_text][\/vc_column][\/vc_row][vc_row grid=\"true\" css=\".vc_custom_1454583215103{padding-top: 80px !important;padding-bottom: 40px !important;}\"][vc_column width=\"3\/4\"][vc_column_text css_animation=\"right-to-left\"]Akcionarsko dru\u0161tvo Integral In\u017eenjering (Integral In\u017eenjering a.d.) iz Lakta\u0161a osnovano je 1989. godine. Integral In\u017eenjering je regionalni lider u oblasti niskogradnje u kojoj, kao i u oblasti hidrogradnje, godinama uspje\u0161no posluje grade\u0107i impozantne strukture i objekte od vitalnog dru\u0161tvenog i ekonomskog zna\u010daja. Za nama su kilometri i kilometri izgradjenih puteva i autoputeva, tunela, mostova, viadukata, pasarela, vodovoda, te mnogi objekti specijalne namjene i zna\u010daja, kao \u0161to su aerodromi, helidromi, olimpijski i bazeni za rekreaciju, grani\u010dni prelazi, fabrike vode i hidrotehni\u010dki objekati, te sanitarne deponije. Veoma smo ponosni na svoje poslovne rezultate, na na\u0161e zadovoljne klijente i partnere, kao i na reprezentativne infrastrukturne objekte, te vrhunske ljudske i materijalnno-tehnolo\u0161ke resurse koji sve to omogu\u0107avaju.\n\nOsnovna djelatnost Integral In\u017eenjeringa podrazumjeva sve vrste radova u gradjevinarstvu od izrade projektne dokumentacije i konsaltinga do nadzora i izvo\u0111enja vrlo slo\u017eenih objekata. Sa timom iskusnih in\u017eenjera i modernom opremom, prate\u0107i savremena dostignu\u0107a u nauci i tehnologiji, Integral In\u017eenjering je u stanju da realizuje veoma slo\u017eene i zahtjevne projekte.[\/vc_column_text][\/vc_column][vc_column width=\"1\/4\"][vc_single_image image=\"2008\" img_size=\"full\" alignment=\"center\" style=\"vc_box_shadow_border\" css_animation=\"left-to-right\"][\/vc_column][\/vc_row][vc_row grid=\"true\" css=\".vc_custom_1454579406634{padding-top: 20px !important;padding-bottom: 80px !important;}\"][vc_column][vc_separator color=\"custom\" border_width=\"2\" accent_color=\"#fdca22\"][vc_column_text css_animation=\"bottom-to-top\"]\n<h4>Zna\u010dajniji poslodavci u proteklom periodu bili su:<\/h4>\n[\/vc_column_text][vc_row_inner][vc_column_inner width=\"1\/2\"][vc_column_text css_animation=\"bottom-to-top\"]<i class=\"fa fa-check-square-o\"><\/i>\u00a0 Svjetska banka\n<i class=\"fa fa-check-square-o\"><\/i>\u00a0 Evropska Unija, Delegacija Evropske komisije u Bosni i Hercegovini\n<i class=\"fa fa-check-square-o\"><\/i>\u00a0 Evropska agencija za rekonstrukciju\n<i class=\"fa fa-check-square-o\"><\/i>\u00a0 NATO\/SFOR,\n<i class=\"fa fa-check-square-o\"><\/i>\u00a0 USAID\n<i class=\"fa fa-check-square-o\"><\/i>\u00a0 Korporacija Parsons Delaware INC\n<i class=\"fa fa-check-square-o\"><\/i>\u00a0 Roughton International\n<i class=\"fa fa-check-square-o\"><\/i>\u00a0 World Vision\n<i class=\"fa fa-check-square-o\"><\/i>\u00a0 Ministarstvo bezbjednosti BiH\n<i class=\"fa fa-check-square-o\"><\/i>\u00a0 Javna korporacija \u017deljeznice BiH\n<i class=\"fa fa-check-square-o\"><\/i>\u00a0 Vlada Crne Gore, Ministarstvo pomorstva i saobra\u0107aja\n<i class=\"fa fa-check-square-o\"><\/i>\u00a0 \u201eKoridori Srbije\u201cd.o.o.[\/vc_column_text][\/vc_column_inner][vc_column_inner width=\"1\/2\"][vc_column_text css_animation=\"bottom-to-top\"]<i class=\"fa fa-check-square-o\"><\/i>\u00a0 \u201eGra\u0111evinska direkcija Srbije\u201c d.o.o.\n<i class=\"fa fa-check-square-o\"><\/i>\u00a0 Ministarstvo unutra\u0161njih poslova Republike Srpske\n<i class=\"fa fa-check-square-o\"><\/i>\u00a0 Ministarstvo saobra\u0107aja i veza Republike Srpske\n<i class=\"fa fa-check-square-o\"><\/i>\u00a0 Ministarstvo odbrane Republike Srpske\n<i class=\"fa fa-check-square-o\"><\/i>\u00a0 Javno preduze\u0107e \u201eAutoputevi Republike Srpske\u201c\n<i class=\"fa fa-check-square-o\"><\/i>\u00a0 Javno preduze\u0107e \u201ePutevi Republike Srpske\u201c\n<i class=\"fa fa-check-square-o\"><\/i>\u00a0 Mje\u0161oviti holding \u201eElektroprivreda Republike Srpske\n<i class=\"fa fa-check-square-o\"><\/i>\u00a0 Javno preduze\u0107e \u201eAerodromi Republike Srpske\u201c\n<i class=\"fa fa-check-square-o\"><\/i>\u00a0 \u201e\u017deljeznice Republike Srpske\u201c a.d.\n<i class=\"fa fa-check-square-o\"><\/i>\u00a0 Ministarstvo finansija Federacije BiH, Carinska uprava\n<i class=\"fa fa-check-square-o\"><\/i>\u00a0 Grad Banja Luka[\/vc_column_text][\/vc_column_inner][\/vc_row_inner][\/vc_column][\/vc_row]","_et_gb_content_width":"","inline_featured_image":false,"footnotes":""},"class_list":["post-2730","page","type-page","status-publish","hentry"],"acf":[],"yoast_head":"<!-- This site is optimized with the Yoast SEO plugin v27.2 - https:\/\/yoast.com\/product\/yoast-seo-wordpress\/ -->\n<title>KRATAK OSVRT | Integral in\u017eenjering a.d.<\/title>\n<meta name=\"description\" content=\"Akcionarsko dru\u0161tvo Integral In\u017eenjering a.d. iz Lakta\u0161a osnovano je 1989. godine. Integral In\u017eenjering je regionalni lider u oblasti niskogradnje...\" \/>\n<meta name=\"robots\" content=\"index, follow, max-snippet:-1, max-image-preview:large, max-video-preview:-1\" \/>\n<link rel=\"canonical\" href=\"https:\/\/integral.ba\/en\/about-us\/brief-overview\/\" \/>\n<meta property=\"og:locale\" content=\"en_US\" \/>\n<meta property=\"og:type\" content=\"article\" \/>\n<meta property=\"og:title\" content=\"KRATAK OSVRT | Integral in\u017eenjering a.d.\" \/>\n<meta property=\"og:description\" content=\"Akcionarsko dru\u0161tvo Integral In\u017eenjering a.d. iz Lakta\u0161a osnovano je 1989. godine. Integral In\u017eenjering je regionalni lider u oblasti niskogradnje...\" \/>\n<meta property=\"og:url\" content=\"https:\/\/integral.ba\/en\/about-us\/brief-overview\/\" \/>\n<meta property=\"og:site_name\" content=\"Integral In\u017eenjering\" \/>\n<meta property=\"article:modified_time\" content=\"2021-11-11T12:24:13+00:00\" \/>\n<meta property=\"og:image\" content=\"https:\/\/integral.ba\/wp-content\/uploads\/2020\/08\/iic-vladicin-han.jpg\" \/>\n\t<meta property=\"og:image:width\" content=\"1200\" \/>\n\t<meta property=\"og:image:height\" content=\"630\" \/>\n\t<meta property=\"og:image:type\" content=\"image\/jpeg\" \/>\n<meta name=\"twitter:card\" content=\"summary_large_image\" \/>\n<meta name=\"twitter:label1\" content=\"Est. reading time\" \/>\n\t<meta name=\"twitter:data1\" content=\"5 minutes\" \/>\n<script type=\"application\/ld+json\" class=\"yoast-schema-graph\">{\"@context\":\"https:\/\/schema.org\",\"@graph\":[{\"@type\":\"WebPage\",\"@id\":\"https:\/\/integral.ba\/en\/about-us\/brief-overview\/\",\"url\":\"https:\/\/integral.ba\/en\/about-us\/brief-overview\/\",\"name\":\"KRATAK OSVRT | Integral in\u017eenjering a.d.\",\"isPartOf\":{\"@id\":\"https:\/\/integral.ba\/en\/#website\"},\"datePublished\":\"2016-02-03T10:57:24+00:00\",\"dateModified\":\"2021-11-11T12:24:13+00:00\",\"description\":\"Akcionarsko dru\u0161tvo Integral In\u017eenjering a.d. iz Lakta\u0161a osnovano je 1989. godine. Integral In\u017eenjering je regionalni lider u oblasti niskogradnje...\",\"breadcrumb\":{\"@id\":\"https:\/\/integral.ba\/en\/about-us\/brief-overview\/#breadcrumb\"},\"inLanguage\":\"en-US\",\"potentialAction\":[{\"@type\":\"ReadAction\",\"target\":[\"https:\/\/integral.ba\/en\/about-us\/brief-overview\/\"]}]},{\"@type\":\"BreadcrumbList\",\"@id\":\"https:\/\/integral.ba\/en\/about-us\/brief-overview\/#breadcrumb\",\"itemListElement\":[{\"@type\":\"ListItem\",\"position\":1,\"name\":\"Home\",\"item\":\"https:\/\/integral.ba\/en\/?lang=en\"},{\"@type\":\"ListItem\",\"position\":2,\"name\":\"About us\",\"item\":\"https:\/\/integral.ba\/en\/about-us\/?lang=en\"},{\"@type\":\"ListItem\",\"position\":3,\"name\":\"Brief overview\"}]},{\"@type\":\"WebSite\",\"@id\":\"https:\/\/integral.ba\/en\/#website\",\"url\":\"https:\/\/integral.ba\/en\/\",\"name\":\"Integral In\u017eenjering\",\"description\":\"iic\",\"publisher\":{\"@id\":\"https:\/\/integral.ba\/en\/#organization\"},\"potentialAction\":[{\"@type\":\"SearchAction\",\"target\":{\"@type\":\"EntryPoint\",\"urlTemplate\":\"https:\/\/integral.ba\/en\/?s={search_term_string}\"},\"query-input\":{\"@type\":\"PropertyValueSpecification\",\"valueRequired\":true,\"valueName\":\"search_term_string\"}}],\"inLanguage\":\"en-US\"},{\"@type\":\"Organization\",\"@id\":\"https:\/\/integral.ba\/en\/#organization\",\"name\":\"Integral In\u017eenjering\",\"url\":\"https:\/\/integral.ba\/en\/\",\"logo\":{\"@type\":\"ImageObject\",\"inLanguage\":\"en-US\",\"@id\":\"https:\/\/integral.ba\/en\/#\/schema\/logo\/image\/\",\"url\":\"https:\/\/integral.ba\/wp-content\/uploads\/2020\/08\/favicon.png\",\"contentUrl\":\"https:\/\/integral.ba\/wp-content\/uploads\/2020\/08\/favicon.png\",\"width\":512,\"height\":512,\"caption\":\"Integral In\u017eenjering\"},\"image\":{\"@id\":\"https:\/\/integral.ba\/en\/#\/schema\/logo\/image\/\"},\"sameAs\":[\"https:\/\/www.youtube.com\/user\/IntegralGrupa\",\"https:\/\/sr.wikipedia.org\/sr-el\/\u0418\u043d\u0442\u0435\u0433\u0440\u0430\u043b_\u0438\u043d\u0436\u0435\u045a\u0435\u0440\u0438\u043d\u0433\"]}]}<\/script>\n<!-- \/ Yoast SEO plugin. -->","yoast_head_json":{"title":"KRATAK OSVRT | Integral in\u017eenjering a.d.","description":"Akcionarsko dru\u0161tvo Integral In\u017eenjering a.d. iz Lakta\u0161a osnovano je 1989. godine. Integral In\u017eenjering je regionalni lider u oblasti niskogradnje...","robots":{"index":"index","follow":"follow","max-snippet":"max-snippet:-1","max-image-preview":"max-image-preview:large","max-video-preview":"max-video-preview:-1"},"canonical":"https:\/\/integral.ba\/en\/about-us\/brief-overview\/","og_locale":"en_US","og_type":"article","og_title":"KRATAK OSVRT | Integral in\u017eenjering a.d.","og_description":"Akcionarsko dru\u0161tvo Integral In\u017eenjering a.d. iz Lakta\u0161a osnovano je 1989. godine. Integral In\u017eenjering je regionalni lider u oblasti niskogradnje...","og_url":"https:\/\/integral.ba\/en\/about-us\/brief-overview\/","og_site_name":"Integral In\u017eenjering","article_modified_time":"2021-11-11T12:24:13+00:00","og_image":[{"width":1200,"height":630,"url":"https:\/\/integral.ba\/wp-content\/uploads\/2020\/08\/iic-vladicin-han.jpg","type":"image\/jpeg"}],"twitter_card":"summary_large_image","twitter_misc":{"Est. reading time":"5 minutes"},"schema":{"@context":"https:\/\/schema.org","@graph":[{"@type":"WebPage","@id":"https:\/\/integral.ba\/en\/about-us\/brief-overview\/","url":"https:\/\/integral.ba\/en\/about-us\/brief-overview\/","name":"KRATAK OSVRT | Integral in\u017eenjering a.d.","isPartOf":{"@id":"https:\/\/integral.ba\/en\/#website"},"datePublished":"2016-02-03T10:57:24+00:00","dateModified":"2021-11-11T12:24:13+00:00","description":"Akcionarsko dru\u0161tvo Integral In\u017eenjering a.d. iz Lakta\u0161a osnovano je 1989. godine. Integral In\u017eenjering je regionalni lider u oblasti niskogradnje...","breadcrumb":{"@id":"https:\/\/integral.ba\/en\/about-us\/brief-overview\/#breadcrumb"},"inLanguage":"en-US","potentialAction":[{"@type":"ReadAction","target":["https:\/\/integral.ba\/en\/about-us\/brief-overview\/"]}]},{"@type":"BreadcrumbList","@id":"https:\/\/integral.ba\/en\/about-us\/brief-overview\/#breadcrumb","itemListElement":[{"@type":"ListItem","position":1,"name":"Home","item":"https:\/\/integral.ba\/en\/?lang=en"},{"@type":"ListItem","position":2,"name":"About us","item":"https:\/\/integral.ba\/en\/about-us\/?lang=en"},{"@type":"ListItem","position":3,"name":"Brief overview"}]},{"@type":"WebSite","@id":"https:\/\/integral.ba\/en\/#website","url":"https:\/\/integral.ba\/en\/","name":"Integral In\u017eenjering","description":"iic","publisher":{"@id":"https:\/\/integral.ba\/en\/#organization"},"potentialAction":[{"@type":"SearchAction","target":{"@type":"EntryPoint","urlTemplate":"https:\/\/integral.ba\/en\/?s={search_term_string}"},"query-input":{"@type":"PropertyValueSpecification","valueRequired":true,"valueName":"search_term_string"}}],"inLanguage":"en-US"},{"@type":"Organization","@id":"https:\/\/integral.ba\/en\/#organization","name":"Integral In\u017eenjering","url":"https:\/\/integral.ba\/en\/","logo":{"@type":"ImageObject","inLanguage":"en-US","@id":"https:\/\/integral.ba\/en\/#\/schema\/logo\/image\/","url":"https:\/\/integral.ba\/wp-content\/uploads\/2020\/08\/favicon.png","contentUrl":"https:\/\/integral.ba\/wp-content\/uploads\/2020\/08\/favicon.png","width":512,"height":512,"caption":"Integral In\u017eenjering"},"image":{"@id":"https:\/\/integral.ba\/en\/#\/schema\/logo\/image\/"},"sameAs":["https:\/\/www.youtube.com\/user\/IntegralGrupa","https:\/\/sr.wikipedia.org\/sr-el\/\u0418\u043d\u0442\u0435\u0433\u0440\u0430\u043b_\u0438\u043d\u0436\u0435\u045a\u0435\u0440\u0438\u043d\u0433"]}]}},"_links":{"self":[{"href":"https:\/\/integral.ba\/en\/wp-json\/wp\/v2\/pages\/2730","targetHints":{"allow":["GET"]}}],"collection":[{"href":"https:\/\/integral.ba\/en\/wp-json\/wp\/v2\/pages"}],"about":[{"href":"https:\/\/integral.ba\/en\/wp-json\/wp\/v2\/types\/page"}],"author":[{"embeddable":true,"href":"https:\/\/integral.ba\/en\/wp-json\/wp\/v2\/users\/2"}],"replies":[{"embeddable":true,"href":"https:\/\/integral.ba\/en\/wp-json\/wp\/v2\/comments?post=2730"}],"version-history":[{"count":26,"href":"https:\/\/integral.ba\/en\/wp-json\/wp\/v2\/pages\/2730\/revisions"}],"predecessor-version":[{"id":85476,"href":"https:\/\/integral.ba\/en\/wp-json\/wp\/v2\/pages\/2730\/revisions\/85476"}],"up":[{"embeddable":true,"href":"https:\/\/integral.ba\/en\/wp-json\/wp\/v2\/pages\/8727"}],"wp:attachment":[{"href":"https:\/\/integral.ba\/en\/wp-json\/wp\/v2\/media?parent=2730"}],"curies":[{"name":"wp","href":"https:\/\/api.w.org\/{rel}","templated":true}]}}