{"id":2775,"date":"2016-02-03T13:40:54","date_gmt":"2016-02-03T12:40:54","guid":{"rendered":"https:\/\/integral.ba\/?page_id=2775"},"modified":"2024-02-13T09:38:50","modified_gmt":"2024-02-13T08:38:50","slug":"companys-profile","status":"publish","type":"page","link":"https:\/\/integral.ba\/en\/about-us\/companys-profile\/","title":{"rendered":"Company&#8217;s profile"},"content":{"rendered":"<p>[et_pb_section fb_built=&#8221;1&#8243; fullwidth=&#8221;on&#8221; admin_label=&#8221;Section&#8221; _builder_version=&#8221;4.16&#8243; use_background_color_gradient=&#8221;on&#8221; background_color_gradient_stops=&#8221;rgba(16,21,81,0) 0%|rgba(20,1,0,0.57) 100%&#8221; background_color_gradient_overlays_image=&#8221;on&#8221; background_color_gradient_start=&#8221;rgba(16,21,81,0)&#8221; background_color_gradient_end=&#8221;rgba(20,1,0,0.57)&#8221; background_image=&#8221;https:\/\/integral.ba\/wp-content\/uploads\/revslider\/engleski2019\/15.jpg&#8221; custom_margin=&#8221;||0px||false|false&#8221; custom_padding=&#8221;||0px||false|false&#8221; da_disable_devices=&#8221;off|off|off&#8221; locked=&#8221;off&#8221; global_colors_info=&#8221;{}&#8221; da_is_popup=&#8221;off&#8221; da_exit_intent=&#8221;off&#8221; da_has_close=&#8221;on&#8221; da_alt_close=&#8221;off&#8221; da_dark_close=&#8221;off&#8221; da_not_modal=&#8221;on&#8221; da_is_singular=&#8221;off&#8221; da_with_loader=&#8221;off&#8221; da_has_shadow=&#8221;on&#8221;][et_pb_fullwidth_header title=&#8221;COMPANY\u2019S PROFILE&#8221; _builder_version=&#8221;4.16&#8243; title_font=&#8221;Raleway|900||on|||||&#8221; title_text_align=&#8221;left&#8221; title_font_size=&#8221;3vw&#8221; background_enable_color=&#8221;off&#8221; custom_padding=&#8221;15vw||1vw||false|false&#8221; animation_style=&#8221;slide&#8221; animation_direction=&#8221;bottom&#8221; animation_intensity_slide=&#8221;5%&#8221; title_font_size_tablet=&#8221;7vw&#8221; title_font_size_phone=&#8221;9vw&#8221; title_font_size_last_edited=&#8221;on|phone&#8221; global_colors_info=&#8221;{}&#8221;][\/et_pb_fullwidth_header][\/et_pb_section][et_pb_section fb_built=&#8221;1&#8243; _builder_version=&#8221;4.16&#8243; da_disable_devices=&#8221;off|off|off&#8221; global_colors_info=&#8221;{}&#8221; da_is_popup=&#8221;off&#8221; da_exit_intent=&#8221;off&#8221; da_has_close=&#8221;on&#8221; da_alt_close=&#8221;off&#8221; da_dark_close=&#8221;off&#8221; da_not_modal=&#8221;on&#8221; da_is_singular=&#8221;off&#8221; da_with_loader=&#8221;off&#8221; da_has_shadow=&#8221;on&#8221;][et_pb_row _builder_version=&#8221;4.16&#8243; global_colors_info=&#8221;{}&#8221;][et_pb_column type=&#8221;4_4&#8243; _builder_version=&#8221;4.16&#8243; global_colors_info=&#8221;{}&#8221;][et_pb_text _builder_version=&#8221;4.16&#8243; text_font_size=&#8221;1.2vw&#8221; text_line_height=&#8221;1.8vw&#8221; max_width=&#8221;80%&#8221; max_width_tablet=&#8221;&#8221; max_width_phone=&#8221;&#8221; max_width_last_edited=&#8221;on|desktop&#8221; min_height_tablet=&#8221;&#8221; min_height_phone=&#8221;&#8221; min_height_last_edited=&#8221;on|desktop&#8221; custom_padding=&#8221;||||false|false&#8221; custom_padding_tablet=&#8221;&#8221; custom_padding_phone=&#8221;&#8221; custom_padding_last_edited=&#8221;on|desktop&#8221; animation_style=&#8221;slide&#8221; animation_direction=&#8221;left&#8221; animation_delay=&#8221;100ms&#8221; animation_intensity_slide=&#8221;5%&#8221; text_font_size_tablet=&#8221;2.9vw&#8221; text_font_size_phone=&#8221;4vw&#8221; text_font_size_last_edited=&#8221;on|desktop&#8221; text_line_height_tablet=&#8221;3.9vw&#8221; text_line_height_phone=&#8221;5.3vw&#8221; text_line_height_last_edited=&#8221;on|phone&#8221; global_colors_info=&#8221;{}&#8221;]<\/p>\n<p>The business association Integral In\u017eenjering is registered in the Court Register of the District Commercial Court in Banja Luka under number 1-91-00, in 1989. Integral In\u017eenjering is a closed joint stock company.<\/p>\n<p>[\/et_pb_text][\/et_pb_column][\/et_pb_row][et_pb_row column_structure=&#8221;1_3,1_3,1_3&#8243; _builder_version=&#8221;4.16&#8243; background_size=&#8221;initial&#8221; background_position=&#8221;top_left&#8221; background_repeat=&#8221;repeat&#8221; animation_style=&#8221;slide&#8221; animation_delay=&#8221;150ms&#8221; animation_intensity_slide=&#8221;6%&#8221; global_colors_info=&#8221;{}&#8221;][et_pb_column type=&#8221;1_3&#8243; _builder_version=&#8221;4.16&#8243; custom_padding=&#8221;|||&#8221; global_colors_info=&#8221;{}&#8221; custom_padding__hover=&#8221;|||&#8221;][et_pb_text _builder_version=&#8221;4.23.1&#8243; background_size=&#8221;initial&#8221; background_position=&#8221;top_left&#8221; background_repeat=&#8221;repeat&#8221; global_colors_info=&#8221;{}&#8221;]<\/p>\n<p><strong>Company&#8217;s name:<\/strong><span> Integral In\u017eenjering PLC, Lakta\u0161i, engineering \u2013 traffic \u2013 export \u2013 import<\/span><br \/><strong>Registered name\/designation:<\/strong><span> Integral In\u017eenjering PLC Lakta\u0161i<\/span><br \/><strong>Address 1:<\/strong><span> Lakta\u0161i, 44 Omladinska Street<\/span><br \/><strong>Address 2:<\/strong><span> Banja Luka, 8 Trg Republike Srpske Street, XII floor (company\u2019s management)<\/span><br \/><strong>Telephone:<\/strong><span> + 387 51 337 401<\/span><br \/><strong>Fax:<\/strong><span> + 387 51 337 491<\/span><br \/><strong>E-mail address:<\/strong><span> iicbl@integragrupa.com<\/span><br \/><strong>Web page:<\/strong><span> www.integral.ba<\/span><br \/><strong><\/strong><\/p>\n<ul><\/ul>\n<p>[\/et_pb_text][\/et_pb_column][et_pb_column type=&#8221;1_3&#8243; _builder_version=&#8221;4.16&#8243; custom_padding=&#8221;|||&#8221; global_colors_info=&#8221;{}&#8221; custom_padding__hover=&#8221;|||&#8221;][et_pb_text _builder_version=&#8221;4.23.1&#8243; background_size=&#8221;initial&#8221; background_position=&#8221;top_left&#8221; background_repeat=&#8221;repeat&#8221; hover_enabled=&#8221;0&#8243; global_colors_info=&#8221;{}&#8221; sticky_enabled=&#8221;0&#8243;]<\/p>\n<p id=\"fittext3\" class=\"vc_custom_heading\"><strong>Members of the company:<\/strong><\/p>\n<p class=\"vc_custom_heading\"><strong><\/strong><\/p>\n<ul>\n<li><span>Business unit \u201cIntegral\u201d Banja Luka<\/span><\/li>\n<li><span>Business Unit \u201cIntegral\u201d Sarajevo<\/span><br \/><span><\/span><\/li>\n<li><span>Branch office Integral In\u017eenjering\u00a0Ni\u0161 (Serbia)<\/span><br \/><span><\/span><\/li>\n<li><span>Integral in\u017eenjering LLC Belgrade\u00a0(Serbia)<\/span><br \/><span><\/span><\/li>\n<li><span>Branch office Integral In\u017eenjering\u00a0Zabok (Croatia)<\/span><\/li>\n<\/ul>\n<p>[\/et_pb_text][\/et_pb_column][et_pb_column type=&#8221;1_3&#8243; _builder_version=&#8221;4.16&#8243; custom_padding=&#8221;|||&#8221; global_colors_info=&#8221;{}&#8221; custom_padding__hover=&#8221;|||&#8221;][et_pb_text _builder_version=&#8221;4.16&#8243; global_colors_info=&#8221;{}&#8221;]<\/p>\n<p><strong>Company number:<\/strong> 01255908<br \/> <strong>Company identification number:<\/strong> 4401145050005<br \/> <strong>VAT number:<\/strong> 401145050005<br \/> <strong>Activity code:<\/strong> 42.11<br \/> <strong>Main activity:<\/strong> Construction of buildings, civil engineering and water engineering structures<br \/> <strong>Other activities:<\/strong> Architectural and engineering activities, retail sale of fuel and lubricants<br \/> <strong>The nominal capital:<\/strong> 41.934.777,00 BAM<\/p>\n<p>[\/et_pb_text][\/et_pb_column][\/et_pb_row][\/et_pb_section]<\/p>\n","protected":false},"excerpt":{"rendered":"<p>The business association Integral In\u017eenjering is registered in the Court Register of the District Commercial Court in Banja Luka under number 1-91-00, in 1989. Integral In\u017eenjering is a closed joint stock company.Company&#8217;s name: Integral In\u017eenjering PLC, Lakta\u0161i, engineering \u2013 traffic \u2013 export \u2013 importRegistered name\/designation: Integral In\u017eenjering PLC Lakta\u0161iAddress 1: Lakta\u0161i, 44 Omladinska StreetAddress 2: [&hellip;]<\/p>\n","protected":false},"author":2,"featured_media":0,"parent":8727,"menu_order":0,"comment_status":"closed","ping_status":"closed","template":"","meta":{"_acf_changed":false,"_et_pb_use_builder":"on","_et_pb_old_content":"[vc_row position=\"center center\" grid=\"true\" css=\".vc_custom_1529670729277{padding-top: 80px !important;padding-bottom: 80px !important;background: #fdca22 url(https:\/\/integral.ba\/wp-content\/uploads\/2018\/06\/bg25-4.jpg?id=5638) !important;}\"][vc_column][vc_column_text css_animation=\"right-to-left\"]\n<h1 class=\"vc_custom_heading\" style=\"text-align: left;\">LI\u010cNA KARTA<\/h1>\n[\/vc_column_text][\/vc_column][\/vc_row][vc_row grid=\"true\" css=\".vc_custom_1454506993799{padding-top: 80px !important;padding-bottom: 80px !important;}\"][vc_column][vc_column_text css_animation=\"right-to-left\"]Privredno dru\u0161tvo&nbsp;Integral In\u017eenjering &nbsp;je upisano u sudski registar pri Okru\u017enom Privrednom Sudu u Banjaluci pod brojem 1-91-00 1989. godine. Integral In\u017eenjering je zatvoreno akcionarsko dru\u0161tvo.\n<strong>Ime dru\u0161tva:<\/strong> Integral In\u017eenjering a.d. Lakta\u0161i, In\u017eenjering \u2013 promet \u2013 &nbsp;eksport \u2013 import\n<strong>Registrovano ime\/oznaka:<\/strong> Integral In\u017eenjering a.d. Lakta\u0161i\n<strong>Adresa 1:<\/strong> Lakta\u0161i, Omladinska 44\n<strong>Adresa 2:<\/strong>&nbsp;Banja Luka, Trg Republike Srpske 8\/XII (uprava)\n<strong>Telefon:<\/strong> + 387 51 337 401\n<strong>Faks:<\/strong> + 387 51 337 491\n<strong>Email:<\/strong> iicbl@integralgrupa.com\n<strong>Web stranica:<\/strong> www.integralinzenjering.com\n<strong>\u010clanice dru\u0161tva:<\/strong>\n\u2022 Poslovna jedinica \"Integral\" Banja Luka\n\u2022 Poslovna jedinica \"Integral\" Sarajevo\n\u2022 Poslovna jedinica \u201cIntegral\u201d Biha\u0107\n\u2022 Ogranak Integral in\u017eenjering&nbsp;Ni\u0161\n\u2022 Integral in\u017eenjering&nbsp;d.o.o. Beograd\n\u2022 Integral in\u017eenjering a.d. \u2013 Podru\u017enica Zabok za gra\u0111enje\n<strong>Mati\u010dni broj:<\/strong> 01255908\n<strong>JIB:<\/strong> 4401145050005\n<strong>IB:<\/strong> 401145050005\n<strong>\u0160ifra djelatnosti:<\/strong> 42.11\n<strong>Glavna djelatnost:<\/strong> Izgradnja objekata&nbsp;visokogradnje, niskogradnje i hidrogra\u0111evinskih objekata\n<strong>Ostale djelatnosti:<\/strong> Arhitektonske i in\u017eenjerske djelatnosti, trgovina na malo gorivima i mazivima\n<strong>Osnovni kapital:<\/strong> 41.934.777,00 KM[\/vc_column_text][\/vc_column][\/vc_row]","_et_gb_content_width":"","inline_featured_image":false,"footnotes":""},"class_list":["post-2775","page","type-page","status-publish","hentry"],"acf":[],"yoast_head":"<!-- This site is optimized with the Yoast SEO plugin v27.2 - https:\/\/yoast.com\/product\/yoast-seo-wordpress\/ -->\n<title>LI\u010cNA KARTA | Integral in\u017eenjering a.d.<\/title>\n<meta name=\"description\" content=\"Privredno dru\u0161tvo Integral In\u017eenjering je upisano u sudski registar pri Okru\u017enom Privrednom Sudu u Banjaluci pod brojem 1-91-00 1989. godine.\" \/>\n<meta name=\"robots\" content=\"index, follow, max-snippet:-1, max-image-preview:large, max-video-preview:-1\" \/>\n<link rel=\"canonical\" href=\"https:\/\/integral.ba\/en\/about-us\/companys-profile\/\" \/>\n<meta property=\"og:locale\" content=\"en_US\" \/>\n<meta property=\"og:type\" content=\"article\" \/>\n<meta property=\"og:title\" content=\"LI\u010cNA KARTA | Integral in\u017eenjering a.d.\" \/>\n<meta property=\"og:description\" content=\"Privredno dru\u0161tvo Integral In\u017eenjering je upisano u sudski registar pri Okru\u017enom Privrednom Sudu u Banjaluci pod brojem 1-91-00 1989. godine.\" \/>\n<meta property=\"og:url\" content=\"https:\/\/integral.ba\/en\/about-us\/companys-profile\/\" \/>\n<meta property=\"og:site_name\" content=\"Integral In\u017eenjering\" \/>\n<meta property=\"article:modified_time\" content=\"2024-02-13T08:38:50+00:00\" \/>\n<meta property=\"og:image\" content=\"https:\/\/integral.ba\/wp-content\/uploads\/2020\/08\/iic-vladicin-han.jpg\" \/>\n\t<meta property=\"og:image:width\" content=\"1200\" \/>\n\t<meta property=\"og:image:height\" content=\"630\" \/>\n\t<meta property=\"og:image:type\" content=\"image\/jpeg\" \/>\n<meta name=\"twitter:card\" content=\"summary_large_image\" \/>\n<meta name=\"twitter:label1\" content=\"Est. reading time\" \/>\n\t<meta name=\"twitter:data1\" content=\"3 minutes\" \/>\n<script type=\"application\/ld+json\" class=\"yoast-schema-graph\">{\"@context\":\"https:\/\/schema.org\",\"@graph\":[{\"@type\":\"WebPage\",\"@id\":\"https:\/\/integral.ba\/en\/about-us\/companys-profile\/\",\"url\":\"https:\/\/integral.ba\/en\/about-us\/companys-profile\/\",\"name\":\"LI\u010cNA KARTA | Integral in\u017eenjering a.d.\",\"isPartOf\":{\"@id\":\"https:\/\/integral.ba\/en\/#website\"},\"datePublished\":\"2016-02-03T12:40:54+00:00\",\"dateModified\":\"2024-02-13T08:38:50+00:00\",\"description\":\"Privredno dru\u0161tvo Integral In\u017eenjering je upisano u sudski registar pri Okru\u017enom Privrednom Sudu u Banjaluci pod brojem 1-91-00 1989. godine.\",\"breadcrumb\":{\"@id\":\"https:\/\/integral.ba\/en\/about-us\/companys-profile\/#breadcrumb\"},\"inLanguage\":\"en-US\",\"potentialAction\":[{\"@type\":\"ReadAction\",\"target\":[\"https:\/\/integral.ba\/en\/about-us\/companys-profile\/\"]}]},{\"@type\":\"BreadcrumbList\",\"@id\":\"https:\/\/integral.ba\/en\/about-us\/companys-profile\/#breadcrumb\",\"itemListElement\":[{\"@type\":\"ListItem\",\"position\":1,\"name\":\"Home\",\"item\":\"https:\/\/integral.ba\/en\/?lang=en\"},{\"@type\":\"ListItem\",\"position\":2,\"name\":\"About us\",\"item\":\"https:\/\/integral.ba\/en\/about-us\/?lang=en\"},{\"@type\":\"ListItem\",\"position\":3,\"name\":\"Company&#8217;s profile\"}]},{\"@type\":\"WebSite\",\"@id\":\"https:\/\/integral.ba\/en\/#website\",\"url\":\"https:\/\/integral.ba\/en\/\",\"name\":\"Integral In\u017eenjering\",\"description\":\"iic\",\"publisher\":{\"@id\":\"https:\/\/integral.ba\/en\/#organization\"},\"potentialAction\":[{\"@type\":\"SearchAction\",\"target\":{\"@type\":\"EntryPoint\",\"urlTemplate\":\"https:\/\/integral.ba\/en\/?s={search_term_string}\"},\"query-input\":{\"@type\":\"PropertyValueSpecification\",\"valueRequired\":true,\"valueName\":\"search_term_string\"}}],\"inLanguage\":\"en-US\"},{\"@type\":\"Organization\",\"@id\":\"https:\/\/integral.ba\/en\/#organization\",\"name\":\"Integral In\u017eenjering\",\"url\":\"https:\/\/integral.ba\/en\/\",\"logo\":{\"@type\":\"ImageObject\",\"inLanguage\":\"en-US\",\"@id\":\"https:\/\/integral.ba\/en\/#\/schema\/logo\/image\/\",\"url\":\"https:\/\/integral.ba\/wp-content\/uploads\/2020\/08\/favicon.png\",\"contentUrl\":\"https:\/\/integral.ba\/wp-content\/uploads\/2020\/08\/favicon.png\",\"width\":512,\"height\":512,\"caption\":\"Integral In\u017eenjering\"},\"image\":{\"@id\":\"https:\/\/integral.ba\/en\/#\/schema\/logo\/image\/\"},\"sameAs\":[\"https:\/\/www.youtube.com\/user\/IntegralGrupa\",\"https:\/\/sr.wikipedia.org\/sr-el\/\u0418\u043d\u0442\u0435\u0433\u0440\u0430\u043b_\u0438\u043d\u0436\u0435\u045a\u0435\u0440\u0438\u043d\u0433\"]}]}<\/script>\n<!-- \/ Yoast SEO plugin. -->","yoast_head_json":{"title":"LI\u010cNA KARTA | Integral in\u017eenjering a.d.","description":"Privredno dru\u0161tvo Integral In\u017eenjering je upisano u sudski registar pri Okru\u017enom Privrednom Sudu u Banjaluci pod brojem 1-91-00 1989. godine.","robots":{"index":"index","follow":"follow","max-snippet":"max-snippet:-1","max-image-preview":"max-image-preview:large","max-video-preview":"max-video-preview:-1"},"canonical":"https:\/\/integral.ba\/en\/about-us\/companys-profile\/","og_locale":"en_US","og_type":"article","og_title":"LI\u010cNA KARTA | Integral in\u017eenjering a.d.","og_description":"Privredno dru\u0161tvo Integral In\u017eenjering je upisano u sudski registar pri Okru\u017enom Privrednom Sudu u Banjaluci pod brojem 1-91-00 1989. godine.","og_url":"https:\/\/integral.ba\/en\/about-us\/companys-profile\/","og_site_name":"Integral In\u017eenjering","article_modified_time":"2024-02-13T08:38:50+00:00","og_image":[{"width":1200,"height":630,"url":"https:\/\/integral.ba\/wp-content\/uploads\/2020\/08\/iic-vladicin-han.jpg","type":"image\/jpeg"}],"twitter_card":"summary_large_image","twitter_misc":{"Est. reading time":"3 minutes"},"schema":{"@context":"https:\/\/schema.org","@graph":[{"@type":"WebPage","@id":"https:\/\/integral.ba\/en\/about-us\/companys-profile\/","url":"https:\/\/integral.ba\/en\/about-us\/companys-profile\/","name":"LI\u010cNA KARTA | Integral in\u017eenjering a.d.","isPartOf":{"@id":"https:\/\/integral.ba\/en\/#website"},"datePublished":"2016-02-03T12:40:54+00:00","dateModified":"2024-02-13T08:38:50+00:00","description":"Privredno dru\u0161tvo Integral In\u017eenjering je upisano u sudski registar pri Okru\u017enom Privrednom Sudu u Banjaluci pod brojem 1-91-00 1989. godine.","breadcrumb":{"@id":"https:\/\/integral.ba\/en\/about-us\/companys-profile\/#breadcrumb"},"inLanguage":"en-US","potentialAction":[{"@type":"ReadAction","target":["https:\/\/integral.ba\/en\/about-us\/companys-profile\/"]}]},{"@type":"BreadcrumbList","@id":"https:\/\/integral.ba\/en\/about-us\/companys-profile\/#breadcrumb","itemListElement":[{"@type":"ListItem","position":1,"name":"Home","item":"https:\/\/integral.ba\/en\/?lang=en"},{"@type":"ListItem","position":2,"name":"About us","item":"https:\/\/integral.ba\/en\/about-us\/?lang=en"},{"@type":"ListItem","position":3,"name":"Company&#8217;s profile"}]},{"@type":"WebSite","@id":"https:\/\/integral.ba\/en\/#website","url":"https:\/\/integral.ba\/en\/","name":"Integral In\u017eenjering","description":"iic","publisher":{"@id":"https:\/\/integral.ba\/en\/#organization"},"potentialAction":[{"@type":"SearchAction","target":{"@type":"EntryPoint","urlTemplate":"https:\/\/integral.ba\/en\/?s={search_term_string}"},"query-input":{"@type":"PropertyValueSpecification","valueRequired":true,"valueName":"search_term_string"}}],"inLanguage":"en-US"},{"@type":"Organization","@id":"https:\/\/integral.ba\/en\/#organization","name":"Integral In\u017eenjering","url":"https:\/\/integral.ba\/en\/","logo":{"@type":"ImageObject","inLanguage":"en-US","@id":"https:\/\/integral.ba\/en\/#\/schema\/logo\/image\/","url":"https:\/\/integral.ba\/wp-content\/uploads\/2020\/08\/favicon.png","contentUrl":"https:\/\/integral.ba\/wp-content\/uploads\/2020\/08\/favicon.png","width":512,"height":512,"caption":"Integral In\u017eenjering"},"image":{"@id":"https:\/\/integral.ba\/en\/#\/schema\/logo\/image\/"},"sameAs":["https:\/\/www.youtube.com\/user\/IntegralGrupa","https:\/\/sr.wikipedia.org\/sr-el\/\u0418\u043d\u0442\u0435\u0433\u0440\u0430\u043b_\u0438\u043d\u0436\u0435\u045a\u0435\u0440\u0438\u043d\u0433"]}]}},"_links":{"self":[{"href":"https:\/\/integral.ba\/en\/wp-json\/wp\/v2\/pages\/2775","targetHints":{"allow":["GET"]}}],"collection":[{"href":"https:\/\/integral.ba\/en\/wp-json\/wp\/v2\/pages"}],"about":[{"href":"https:\/\/integral.ba\/en\/wp-json\/wp\/v2\/types\/page"}],"author":[{"embeddable":true,"href":"https:\/\/integral.ba\/en\/wp-json\/wp\/v2\/users\/2"}],"replies":[{"embeddable":true,"href":"https:\/\/integral.ba\/en\/wp-json\/wp\/v2\/comments?post=2775"}],"version-history":[{"count":17,"href":"https:\/\/integral.ba\/en\/wp-json\/wp\/v2\/pages\/2775\/revisions"}],"predecessor-version":[{"id":87909,"href":"https:\/\/integral.ba\/en\/wp-json\/wp\/v2\/pages\/2775\/revisions\/87909"}],"up":[{"embeddable":true,"href":"https:\/\/integral.ba\/en\/wp-json\/wp\/v2\/pages\/8727"}],"wp:attachment":[{"href":"https:\/\/integral.ba\/en\/wp-json\/wp\/v2\/media?parent=2775"}],"curies":[{"name":"wp","href":"https:\/\/api.w.org\/{rel}","templated":true}]}}