{"id":2810,"date":"2016-02-03T14:15:08","date_gmt":"2016-02-03T13:15:08","guid":{"rendered":"https:\/\/integral.ba\/?page_id=2810"},"modified":"2025-07-02T10:32:52","modified_gmt":"2025-07-02T08:32:52","slug":"top-management","status":"publish","type":"page","link":"https:\/\/integral.ba\/en\/about-us\/top-management\/","title":{"rendered":"Top management"},"content":{"rendered":"<p>[et_pb_section fb_built=&#8221;1&#8243; fullwidth=&#8221;on&#8221; admin_label=&#8221;Section&#8221; _builder_version=&#8221;4.16&#8243; use_background_color_gradient=&#8221;on&#8221; background_color_gradient_stops=&#8221;rgba(16,21,81,0) 0%|rgba(20,1,0,0.57) 100%&#8221; background_color_gradient_overlays_image=&#8221;on&#8221; background_color_gradient_start=&#8221;rgba(16,21,81,0)&#8221; background_color_gradient_end=&#8221;rgba(20,1,0,0.57)&#8221; background_image=&#8221;https:\/\/integral.ba\/wp-content\/uploads\/2020\/05\/top-management.jpg&#8221; custom_margin=&#8221;||0px||false|false&#8221; custom_padding=&#8221;||0px||false|false&#8221; da_disable_devices=&#8221;off|off|off&#8221; locked=&#8221;off&#8221; global_colors_info=&#8221;{}&#8221; da_is_popup=&#8221;off&#8221; da_exit_intent=&#8221;off&#8221; da_has_close=&#8221;on&#8221; da_alt_close=&#8221;off&#8221; da_dark_close=&#8221;off&#8221; da_not_modal=&#8221;on&#8221; da_is_singular=&#8221;off&#8221; da_with_loader=&#8221;off&#8221; da_has_shadow=&#8221;on&#8221;][et_pb_fullwidth_header title=&#8221;VISIONARY TOP MANAGEMENT\u2026&#8221; _builder_version=&#8221;4.16&#8243; title_font=&#8221;Raleway|900||on|||||&#8221; title_text_align=&#8221;left&#8221; title_font_size=&#8221;3vw&#8221; background_enable_color=&#8221;off&#8221; custom_padding=&#8221;15vw||1vw||false|false&#8221; animation_style=&#8221;slide&#8221; animation_direction=&#8221;bottom&#8221; animation_intensity_slide=&#8221;5%&#8221; title_font_size_tablet=&#8221;7vw&#8221; title_font_size_phone=&#8221;9vw&#8221; title_font_size_last_edited=&#8221;on|phone&#8221; global_colors_info=&#8221;{}&#8221;][\/et_pb_fullwidth_header][\/et_pb_section][et_pb_section fb_built=&#8221;1&#8243; admin_label=&#8221;section&#8221; _builder_version=&#8221;4.16&#8243; min_height=&#8221;643px&#8221; min_height_tablet=&#8221;&#8221; min_height_phone=&#8221;&#8221; min_height_last_edited=&#8221;on|desktop&#8221; custom_margin=&#8221;||||false|false&#8221; custom_margin_tablet=&#8221;25px||20px||false|false&#8221; custom_margin_phone=&#8221;5px||||false|false&#8221; custom_margin_last_edited=&#8221;on|phone&#8221; da_disable_devices=&#8221;off|off|off&#8221; global_colors_info=&#8221;{}&#8221; da_is_popup=&#8221;off&#8221; da_exit_intent=&#8221;off&#8221; da_has_close=&#8221;on&#8221; da_alt_close=&#8221;off&#8221; da_dark_close=&#8221;off&#8221; da_not_modal=&#8221;on&#8221; da_is_singular=&#8221;off&#8221; da_with_loader=&#8221;off&#8221; da_has_shadow=&#8221;on&#8221;][et_pb_row admin_label=&#8221;row&#8221; _builder_version=&#8221;4.16&#8243; background_size=&#8221;initial&#8221; background_position=&#8221;top_left&#8221; background_repeat=&#8221;repeat&#8221; custom_margin=&#8221;||||false|false&#8221; custom_padding=&#8221;0px||0px||true|false&#8221; animation_style=&#8221;slide&#8221; animation_direction=&#8221;left&#8221; animation_intensity_slide=&#8221;4%&#8221; global_colors_info=&#8221;{}&#8221;][et_pb_column type=&#8221;4_4&#8243; _builder_version=&#8221;4.16&#8243; custom_padding=&#8221;||||false|false&#8221; global_colors_info=&#8221;{}&#8221; custom_padding__hover=&#8221;|||&#8221;][et_pb_text admin_label=&#8221;Text&#8221; _builder_version=&#8221;4.16&#8243; text_font_size=&#8221;1vw&#8221; text_line_height=&#8221;1.6vw&#8221; header_2_font=&#8221;|700|||||||&#8221; header_2_font_size=&#8221;1.4vw&#8221; header_2_line_height=&#8221;2.6vw&#8221; background_size=&#8221;initial&#8221; background_position=&#8221;top_left&#8221; background_repeat=&#8221;repeat&#8221; custom_margin=&#8221;||0px||false|false&#8221; custom_padding=&#8221;||0px||false|false&#8221; custom_padding_tablet=&#8221;||15px||false|false&#8221; custom_padding_phone=&#8221;&#8221; custom_padding_last_edited=&#8221;on|phone&#8221; text_font_size_tablet=&#8221;2.7vw&#8221; text_font_size_phone=&#8221;3.8vw&#8221; text_font_size_last_edited=&#8221;on|phone&#8221; text_line_height_tablet=&#8221;3.7vw&#8221; text_line_height_phone=&#8221;5.1vw&#8221; text_line_height_last_edited=&#8221;on|phone&#8221; header_2_font_size_tablet=&#8221;3.2vw&#8221; header_2_font_size_phone=&#8221;4.6vw&#8221; header_2_font_size_last_edited=&#8221;on|phone&#8221; header_2_line_height_tablet=&#8221;4.2vw&#8221; header_2_line_height_phone=&#8221;5.8vw&#8221; header_2_line_height_last_edited=&#8221;on|desktop&#8221; global_colors_info=&#8221;{}&#8221;]<\/p>\n<h2>\u2026WITH VISION AND SIGNIFICANT INTERNATIONAL EXPERIENCE, ARE AS FOLLOWS:<\/h2>\n<p>[\/et_pb_text][et_pb_text admin_label=&#8221;Text&#8221; _builder_version=&#8221;4.27.4&#8243; text_font_size=&#8221;1vw&#8221; text_line_height=&#8221;1.6vw&#8221; background_size=&#8221;initial&#8221; background_position=&#8221;top_left&#8221; background_repeat=&#8221;repeat&#8221; custom_margin=&#8221;|||15px|false|false&#8221; custom_padding=&#8221;|||40px|false|false&#8221; hover_enabled=&#8221;0&#8243; text_font_size_tablet=&#8221;2.7vw&#8221; text_font_size_phone=&#8221;3.8vw&#8221; text_font_size_last_edited=&#8221;on|phone&#8221; text_line_height_tablet=&#8221;3.7vw&#8221; text_line_height_phone=&#8221;5.1vw&#8221; text_line_height_last_edited=&#8221;on|phone&#8221; border_width_left=&#8221;3px&#8221; border_color_left=&#8221;#f9b614&#8243; global_colors_info=&#8221;{}&#8221; sticky_enabled=&#8221;0&#8243;]<\/p>\n<p><strong>Ms. Maja Pra\u0161talo<\/strong>, General Manager without limitation of authority<br \/><strong>Ms. <\/strong><strong>Tamara Regodi\u0107 Stankovi\u0107<\/strong>, Deputy General Manager without limitation of authority<br \/><strong>Mr.\u00a0<\/strong><strong>Dragan Jevtovi\u0107<\/strong>, Chief Technical Officer<br \/><strong>Mr.\u00a0<\/strong><strong>\u017deljko Kuzmanovi\u0107<\/strong>, Chief Officer for Mechanization, Transport and Maintenance<br \/><strong>Mr.\u00a0<\/strong><strong>Zdravko Pra\u0161talo<\/strong>, Chief Officer for Fixed Installations and Construction Material Production<br \/><strong>Ms. <\/strong><strong>Olivera Lasica<\/strong>, Chief Financial\u00a0Officer<br \/><strong>Mr.\u00a0<\/strong><strong>Nikola Radovanovi\u0107<\/strong>, Chief Marketing Officer<br \/><strong>Ms.\u00a0<\/strong><strong>Biljana Mandi\u0107<\/strong>, Chief Officer for Legal and General Affairs<br \/><strong>Ms. Maja Pra\u0161talo,<\/strong> Manager, Business Unit \u201cIntegral\u201d Sarajevo<br \/><strong>Mr.\u00a0<\/strong><strong>Mitar Vukovi\u0107<\/strong>, Manager, Branch office Integral In\u017eenjering Belgrade (Serbia)<br \/><strong>Mr.\u00a0<\/strong><strong>Damjan Kralj<\/strong>, Manager, Branch office Integral In\u017eenjering\u00a0Zabok (Croatia)<\/p>\n<p>[\/et_pb_text][\/et_pb_column][\/et_pb_row][\/et_pb_section]<\/p>\n","protected":false},"excerpt":{"rendered":"<p>\u2026WITH VISION AND SIGNIFICANT INTERNATIONAL EXPERIENCE, ARE AS FOLLOWS:Ms. Maja Pra\u0161talo, General Manager without limitation of authorityMs. Tamara Regodi\u0107 Stankovi\u0107, Deputy General Manager without limitation of authorityMr.\u00a0Dragan Jevtovi\u0107, Chief Technical OfficerMr.\u00a0\u017deljko Kuzmanovi\u0107, Chief Officer for Mechanization, Transport and MaintenanceMr.\u00a0Zdravko Pra\u0161talo, Chief Officer for Fixed Installations and Construction Material ProductionMs. Olivera Lasica, Chief Financial\u00a0OfficerMr.\u00a0Nikola Radovanovi\u0107, Chief [&hellip;]<\/p>\n","protected":false},"author":2,"featured_media":0,"parent":8727,"menu_order":0,"comment_status":"closed","ping_status":"closed","template":"","meta":{"_acf_changed":false,"_et_pb_use_builder":"on","_et_pb_old_content":"[vc_row grid=\"true\" css=\".vc_custom_1528099813786{padding-top: 80px !important;padding-bottom: 80px !important;background: #fdca22 url(https:\/\/integral.ba\/wp-content\/uploads\/2018\/06\/bg25-1.jpg?id=5628) !important;}\" min_height=\"100px\"][vc_column][vc_column_text css_animation=\"right-to-left\"]\r\n<h1 class=\"vc_custom_heading\" style=\"text-align: left;\">TOP MENAD\u017dMENT\u2026<\/h1>\r\n[\/vc_column_text][\/vc_column][\/vc_row][vc_row grid=\"true\" css=\".vc_custom_1473872435550{padding-top: 40px !important;padding-bottom: 0px !important;}\"][vc_column][vc_empty_space][vc_column_text css_animation=\"appear\"]\r\n<h2><strong>\u2026sa vizijom i zna\u010dajnim me\u0111unarodnim iskustvom \u010dine:<\/strong><\/h2>\r\n<strong>Slobodan Stankovi\u0107<\/strong>, Direktor\r\n<strong>Maja Pra\u0161talo<\/strong>, Zamjenik direktora\r\n<strong>Tamara Regodi\u0107 Stankovi\u0107<\/strong>, Zamjenik direktora\r\n<strong>Dragan Jevtovi\u0107<\/strong>, Izvr\u0161ni direktor za tehni\u010dke poslove\r\n<strong>Vlajko Nikoli\u0107<\/strong>, Izvr\u0161ni direktor za mehanizaciju\r\n<strong>Zdravko Pra\u0161talo<\/strong>, Izvr\u0161ni direktor za stabilna postrojenja i proizvodnju gra\u0111evinskog materijala\r\n<strong>Angelina Ivanovi\u0107<\/strong>, Izvr\u0161ni direktor za finansijske poslove\r\n<strong>Nikola Radovanovi\u0107<\/strong>, Izvr\u0161ni direktor za marketing\r\n<strong>Biljana Kondi\u0107<\/strong>, Izvr\u0161ni direktor za pravne, kadrovske i op\u0161te poslove\r\n<strong>Radivoje Kuli\u0107<\/strong>, Direktor, Poslovna jedinica \"Integral\" Sarajevo\r\n<strong>Hamdija Lipova\u010da<\/strong>, Direktor, Poslovna jednica \u201cIntegral\u201d Biha\u0107\r\n<strong>Mitar Vukovi\u0107<\/strong>, Direktor, Ogranak Integral in\u017eenjering\u00a0Ni\u0161\r\n<strong>Vladimir Ma\u010dki\u0107<\/strong>, Direktor, Integral in\u017eenjering d.o.o. Beograd\r\n<strong>Damjan Kralj<\/strong>, Direktor, Integral in\u017eenjering a.d. \u2013 Podru\u017enica Zabok za gra\u0111enje[\/vc_column_text][vc_row_inner][vc_column_inner width=\"1\/4\"][\/vc_column_inner][vc_column_inner width=\"1\/2\"][vc_single_image image=\"5619\" img_size=\"full\" alignment=\"center\" css_animation=\"bottom-to-top\"][\/vc_column_inner][vc_column_inner width=\"1\/4\"][\/vc_column_inner][\/vc_row_inner][\/vc_column][\/vc_row]","_et_gb_content_width":"","inline_featured_image":false,"footnotes":""},"class_list":["post-2810","page","type-page","status-publish","hentry"],"acf":[],"yoast_head":"<!-- This site is optimized with the Yoast SEO plugin v27.2 - https:\/\/yoast.com\/product\/yoast-seo-wordpress\/ -->\n<title>TOP MENAD\u017dMENT | Integral in\u017eenjering a.d.<\/title>\n<meta name=\"description\" content=\"Top menad\u017eement sa vizijom i zna\u010dajnim me\u0111unarodnim iskustvom \u010dine...\" \/>\n<meta name=\"robots\" content=\"index, follow, max-snippet:-1, max-image-preview:large, max-video-preview:-1\" \/>\n<link rel=\"canonical\" href=\"https:\/\/integral.ba\/en\/about-us\/top-management\/\" \/>\n<meta property=\"og:locale\" content=\"en_US\" \/>\n<meta property=\"og:type\" content=\"article\" \/>\n<meta property=\"og:title\" content=\"TOP MENAD\u017dMENT | Integral in\u017eenjering a.d.\" \/>\n<meta property=\"og:description\" content=\"Top menad\u017eement sa vizijom i zna\u010dajnim me\u0111unarodnim iskustvom \u010dine...\" \/>\n<meta property=\"og:url\" content=\"https:\/\/integral.ba\/en\/about-us\/top-management\/\" \/>\n<meta property=\"og:site_name\" content=\"Integral In\u017eenjering\" \/>\n<meta property=\"article:modified_time\" content=\"2025-07-02T08:32:52+00:00\" \/>\n<meta property=\"og:image\" content=\"https:\/\/integral.ba\/wp-content\/uploads\/2020\/08\/iic-vladicin-han.jpg\" \/>\n\t<meta property=\"og:image:width\" content=\"1200\" \/>\n\t<meta property=\"og:image:height\" content=\"630\" \/>\n\t<meta property=\"og:image:type\" content=\"image\/jpeg\" \/>\n<meta name=\"twitter:card\" content=\"summary_large_image\" \/>\n<meta name=\"twitter:label1\" content=\"Est. reading time\" \/>\n\t<meta name=\"twitter:data1\" content=\"3 minutes\" \/>\n<script type=\"application\/ld+json\" class=\"yoast-schema-graph\">{\"@context\":\"https:\/\/schema.org\",\"@graph\":[{\"@type\":\"WebPage\",\"@id\":\"https:\/\/integral.ba\/en\/about-us\/top-management\/\",\"url\":\"https:\/\/integral.ba\/en\/about-us\/top-management\/\",\"name\":\"TOP MENAD\u017dMENT | Integral in\u017eenjering a.d.\",\"isPartOf\":{\"@id\":\"https:\/\/integral.ba\/en\/#website\"},\"datePublished\":\"2016-02-03T13:15:08+00:00\",\"dateModified\":\"2025-07-02T08:32:52+00:00\",\"description\":\"Top menad\u017eement sa vizijom i zna\u010dajnim me\u0111unarodnim iskustvom \u010dine...\",\"breadcrumb\":{\"@id\":\"https:\/\/integral.ba\/en\/about-us\/top-management\/#breadcrumb\"},\"inLanguage\":\"en-US\",\"potentialAction\":[{\"@type\":\"ReadAction\",\"target\":[\"https:\/\/integral.ba\/en\/about-us\/top-management\/\"]}]},{\"@type\":\"BreadcrumbList\",\"@id\":\"https:\/\/integral.ba\/en\/about-us\/top-management\/#breadcrumb\",\"itemListElement\":[{\"@type\":\"ListItem\",\"position\":1,\"name\":\"Home\",\"item\":\"https:\/\/integral.ba\/en\/?lang=en\"},{\"@type\":\"ListItem\",\"position\":2,\"name\":\"About us\",\"item\":\"https:\/\/integral.ba\/en\/about-us\/?lang=en\"},{\"@type\":\"ListItem\",\"position\":3,\"name\":\"Top management\"}]},{\"@type\":\"WebSite\",\"@id\":\"https:\/\/integral.ba\/en\/#website\",\"url\":\"https:\/\/integral.ba\/en\/\",\"name\":\"Integral In\u017eenjering\",\"description\":\"iic\",\"publisher\":{\"@id\":\"https:\/\/integral.ba\/en\/#organization\"},\"potentialAction\":[{\"@type\":\"SearchAction\",\"target\":{\"@type\":\"EntryPoint\",\"urlTemplate\":\"https:\/\/integral.ba\/en\/?s={search_term_string}\"},\"query-input\":{\"@type\":\"PropertyValueSpecification\",\"valueRequired\":true,\"valueName\":\"search_term_string\"}}],\"inLanguage\":\"en-US\"},{\"@type\":\"Organization\",\"@id\":\"https:\/\/integral.ba\/en\/#organization\",\"name\":\"Integral In\u017eenjering\",\"url\":\"https:\/\/integral.ba\/en\/\",\"logo\":{\"@type\":\"ImageObject\",\"inLanguage\":\"en-US\",\"@id\":\"https:\/\/integral.ba\/en\/#\/schema\/logo\/image\/\",\"url\":\"https:\/\/integral.ba\/wp-content\/uploads\/2020\/08\/favicon.png\",\"contentUrl\":\"https:\/\/integral.ba\/wp-content\/uploads\/2020\/08\/favicon.png\",\"width\":512,\"height\":512,\"caption\":\"Integral In\u017eenjering\"},\"image\":{\"@id\":\"https:\/\/integral.ba\/en\/#\/schema\/logo\/image\/\"},\"sameAs\":[\"https:\/\/www.youtube.com\/user\/IntegralGrupa\",\"https:\/\/sr.wikipedia.org\/sr-el\/\u0418\u043d\u0442\u0435\u0433\u0440\u0430\u043b_\u0438\u043d\u0436\u0435\u045a\u0435\u0440\u0438\u043d\u0433\"]}]}<\/script>\n<!-- \/ Yoast SEO plugin. -->","yoast_head_json":{"title":"TOP MENAD\u017dMENT | Integral in\u017eenjering a.d.","description":"Top menad\u017eement sa vizijom i zna\u010dajnim me\u0111unarodnim iskustvom \u010dine...","robots":{"index":"index","follow":"follow","max-snippet":"max-snippet:-1","max-image-preview":"max-image-preview:large","max-video-preview":"max-video-preview:-1"},"canonical":"https:\/\/integral.ba\/en\/about-us\/top-management\/","og_locale":"en_US","og_type":"article","og_title":"TOP MENAD\u017dMENT | Integral in\u017eenjering a.d.","og_description":"Top menad\u017eement sa vizijom i zna\u010dajnim me\u0111unarodnim iskustvom \u010dine...","og_url":"https:\/\/integral.ba\/en\/about-us\/top-management\/","og_site_name":"Integral In\u017eenjering","article_modified_time":"2025-07-02T08:32:52+00:00","og_image":[{"width":1200,"height":630,"url":"https:\/\/integral.ba\/wp-content\/uploads\/2020\/08\/iic-vladicin-han.jpg","type":"image\/jpeg"}],"twitter_card":"summary_large_image","twitter_misc":{"Est. reading time":"3 minutes"},"schema":{"@context":"https:\/\/schema.org","@graph":[{"@type":"WebPage","@id":"https:\/\/integral.ba\/en\/about-us\/top-management\/","url":"https:\/\/integral.ba\/en\/about-us\/top-management\/","name":"TOP MENAD\u017dMENT | Integral in\u017eenjering a.d.","isPartOf":{"@id":"https:\/\/integral.ba\/en\/#website"},"datePublished":"2016-02-03T13:15:08+00:00","dateModified":"2025-07-02T08:32:52+00:00","description":"Top menad\u017eement sa vizijom i zna\u010dajnim me\u0111unarodnim iskustvom \u010dine...","breadcrumb":{"@id":"https:\/\/integral.ba\/en\/about-us\/top-management\/#breadcrumb"},"inLanguage":"en-US","potentialAction":[{"@type":"ReadAction","target":["https:\/\/integral.ba\/en\/about-us\/top-management\/"]}]},{"@type":"BreadcrumbList","@id":"https:\/\/integral.ba\/en\/about-us\/top-management\/#breadcrumb","itemListElement":[{"@type":"ListItem","position":1,"name":"Home","item":"https:\/\/integral.ba\/en\/?lang=en"},{"@type":"ListItem","position":2,"name":"About us","item":"https:\/\/integral.ba\/en\/about-us\/?lang=en"},{"@type":"ListItem","position":3,"name":"Top management"}]},{"@type":"WebSite","@id":"https:\/\/integral.ba\/en\/#website","url":"https:\/\/integral.ba\/en\/","name":"Integral In\u017eenjering","description":"iic","publisher":{"@id":"https:\/\/integral.ba\/en\/#organization"},"potentialAction":[{"@type":"SearchAction","target":{"@type":"EntryPoint","urlTemplate":"https:\/\/integral.ba\/en\/?s={search_term_string}"},"query-input":{"@type":"PropertyValueSpecification","valueRequired":true,"valueName":"search_term_string"}}],"inLanguage":"en-US"},{"@type":"Organization","@id":"https:\/\/integral.ba\/en\/#organization","name":"Integral In\u017eenjering","url":"https:\/\/integral.ba\/en\/","logo":{"@type":"ImageObject","inLanguage":"en-US","@id":"https:\/\/integral.ba\/en\/#\/schema\/logo\/image\/","url":"https:\/\/integral.ba\/wp-content\/uploads\/2020\/08\/favicon.png","contentUrl":"https:\/\/integral.ba\/wp-content\/uploads\/2020\/08\/favicon.png","width":512,"height":512,"caption":"Integral In\u017eenjering"},"image":{"@id":"https:\/\/integral.ba\/en\/#\/schema\/logo\/image\/"},"sameAs":["https:\/\/www.youtube.com\/user\/IntegralGrupa","https:\/\/sr.wikipedia.org\/sr-el\/\u0418\u043d\u0442\u0435\u0433\u0440\u0430\u043b_\u0438\u043d\u0436\u0435\u045a\u0435\u0440\u0438\u043d\u0433"]}]}},"_links":{"self":[{"href":"https:\/\/integral.ba\/en\/wp-json\/wp\/v2\/pages\/2810","targetHints":{"allow":["GET"]}}],"collection":[{"href":"https:\/\/integral.ba\/en\/wp-json\/wp\/v2\/pages"}],"about":[{"href":"https:\/\/integral.ba\/en\/wp-json\/wp\/v2\/types\/page"}],"author":[{"embeddable":true,"href":"https:\/\/integral.ba\/en\/wp-json\/wp\/v2\/users\/2"}],"replies":[{"embeddable":true,"href":"https:\/\/integral.ba\/en\/wp-json\/wp\/v2\/comments?post=2810"}],"version-history":[{"count":25,"href":"https:\/\/integral.ba\/en\/wp-json\/wp\/v2\/pages\/2810\/revisions"}],"predecessor-version":[{"id":88690,"href":"https:\/\/integral.ba\/en\/wp-json\/wp\/v2\/pages\/2810\/revisions\/88690"}],"up":[{"embeddable":true,"href":"https:\/\/integral.ba\/en\/wp-json\/wp\/v2\/pages\/8727"}],"wp:attachment":[{"href":"https:\/\/integral.ba\/en\/wp-json\/wp\/v2\/media?parent=2810"}],"curies":[{"name":"wp","href":"https:\/\/api.w.org\/{rel}","templated":true}]}}