{"id":2814,"date":"2016-02-03T14:16:43","date_gmt":"2016-02-03T13:16:43","guid":{"rendered":"https:\/\/integral.ba\/?page_id=2814"},"modified":"2022-11-09T14:19:57","modified_gmt":"2022-11-09T13:19:57","slug":"complete-business-concept","status":"publish","type":"page","link":"https:\/\/integral.ba\/en\/our-strenght\/complete-business-concept\/","title":{"rendered":"Complete business concept"},"content":{"rendered":"<p>[et_pb_section fb_built=&#8221;1&#8243; admin_label=&#8221;section&#8221; _builder_version=&#8221;4.16&#8243; da_disable_devices=&#8221;off|off|off&#8221; global_colors_info=&#8221;{}&#8221; da_is_popup=&#8221;off&#8221; da_exit_intent=&#8221;off&#8221; da_has_close=&#8221;on&#8221; da_alt_close=&#8221;off&#8221; da_dark_close=&#8221;off&#8221; da_not_modal=&#8221;on&#8221; da_is_singular=&#8221;off&#8221; da_with_loader=&#8221;off&#8221; da_has_shadow=&#8221;on&#8221;][et_pb_row column_structure=&#8221;2_3,1_3&#8243; admin_label=&#8221;row&#8221; _builder_version=&#8221;4.16&#8243; background_size=&#8221;initial&#8221; background_position=&#8221;top_left&#8221; background_repeat=&#8221;repeat&#8221; global_colors_info=&#8221;{}&#8221;][et_pb_column type=&#8221;2_3&#8243; _builder_version=&#8221;4.16&#8243; custom_padding=&#8221;|||&#8221; global_colors_info=&#8221;{}&#8221; custom_padding__hover=&#8221;|||&#8221;][et_pb_text _builder_version=&#8221;4.16&#8243; header_4_font=&#8221;|700|||||||&#8221; header_4_text_color=&#8221;#504d4f&#8221; header_4_font_size=&#8221;2vw&#8221; header_4_line_height=&#8221;3vw&#8221; background_size=&#8221;initial&#8221; background_position=&#8221;top_left&#8221; background_repeat=&#8221;repeat&#8221; custom_margin=&#8221;||10px||false|false&#8221; custom_padding=&#8221;||||false|false&#8221; animation_style=&#8221;slide&#8221; animation_direction=&#8221;left&#8221; animation_intensity_slide=&#8221;4%&#8221; header_4_font_size_tablet=&#8221;4vw&#8221; header_4_font_size_phone=&#8221;6.5vw&#8221; header_4_font_size_last_edited=&#8221;on|phone&#8221; header_4_line_height_tablet=&#8221;5vw&#8221; header_4_line_height_phone=&#8221;7.5vw&#8221; header_4_line_height_last_edited=&#8221;on|phone&#8221; global_colors_info=&#8221;{}&#8221;]<\/p>\n<h4>COMPLETE BUSINESS CONCEPT<\/h4>\n<p>[\/et_pb_text][et_pb_text admin_label=&#8221;Text&#8221; _builder_version=&#8221;4.16&#8243; text_font_size=&#8221;1.2vw&#8221; text_line_height=&#8221;1.8vw&#8221; header_4_font=&#8221;|700|||||||&#8221; header_4_text_color=&#8221;#504d4f&#8221; header_4_font_size=&#8221;39px&#8221; background_size=&#8221;initial&#8221; background_position=&#8221;top_left&#8221; background_repeat=&#8221;repeat&#8221; animation_style=&#8221;slide&#8221; animation_direction=&#8221;left&#8221; animation_intensity_slide=&#8221;4%&#8221; text_font_size_tablet=&#8221;2.9vw&#8221; text_font_size_phone=&#8221;4vw&#8221; text_font_size_last_edited=&#8221;on|desktop&#8221; text_line_height_tablet=&#8221;3.9vw&#8221; text_line_height_phone=&#8221;5.3vw&#8221; text_line_height_last_edited=&#8221;on|phone&#8221; global_colors_info=&#8221;{}&#8221;]<\/p>\n<p>Integral In\u017eenjering PLC completely closed the circle of critical elements necessary for successful business in construction industry at the local and regional markets which makes us highly competitive international company.<\/p>\n<p>We have developed our own abilities in the field of civil engineering and water engineering.<\/p>\n<p>We have continually construct the reference building construction structures for years.<\/p>\n<p>We are constantly investing in our own modern plants for the production of basic building materials.<\/p>\n<p>[\/et_pb_text][\/et_pb_column][et_pb_column type=&#8221;1_3&#8243; _builder_version=&#8221;4.16&#8243; custom_padding=&#8221;|||&#8221; global_colors_info=&#8221;{}&#8221; custom_padding__hover=&#8221;|||&#8221;][et_pb_image src=&#8221;https:\/\/integral.ba\/wp-content\/uploads\/2016\/02\/zaokruzen-koncept.png&#8221; _builder_version=&#8221;4.16&#8243; animation_style=&#8221;zoom&#8221; animation_intensity_zoom=&#8221;20%&#8221; global_colors_info=&#8221;{}&#8221;][\/et_pb_image][\/et_pb_column][\/et_pb_row][\/et_pb_section]<\/p>\n","protected":false},"excerpt":{"rendered":"<p>COMPLETE BUSINESS CONCEPTIntegral In\u017eenjering PLC completely closed the circle of critical elements necessary for successful business in construction industry at the local and regional markets which makes us highly competitive international company. We have developed our own abilities in the field of civil engineering and water engineering. We have continually construct the reference building construction [&hellip;]<\/p>\n","protected":false},"author":2,"featured_media":0,"parent":8796,"menu_order":0,"comment_status":"closed","ping_status":"closed","template":"","meta":{"_acf_changed":false,"_et_pb_use_builder":"on","_et_pb_old_content":"[vc_row grid=\"true\" css=\".vc_custom_1471257151482{padding-top: 80px !important;padding-bottom: 80px !important;background-color: #363f45 !important;}\"][vc_column][vc_column_text css_animation=\"right-to-left\"]\r\n<h1 class=\"vc_custom_heading\" style=\"text-align: left;\">ZAOKRU\u017dEN POSLOVNI KONCEPT<\/h1>\r\n[\/vc_column_text][\/vc_column][\/vc_row][vc_row grid=\"true\" css=\".vc_custom_1454570851728{padding-top: 40px !important;}\"][vc_column width=\"2\/3\"][vc_empty_space][vc_column_text css_animation=\"left-to-right\" css=\".vc_custom_1454509046479{padding-top: 40px !important;}\"]Integral In\u017eenjering a.d. je potpuno zatvorio krug kriti\u010dnih elemenata neophodnih za uspje\u0161no poslovanje u sektoru gra\u0111evinarstva na lokalnim i regionalnim tr\u017ei\u0161tima, \u0161to nas \u010dini visokokonkurentnom me\u0111unarodnom kompanijom.\r\n\r\nRazvili smo vlastite sposobnosti u oblastima niskogradnje i hidrogradnje.\r\nGodinama u kontinuitetu gradimo referentne objekte visokogradnje.\r\nStalno ula\u017eemo u vlastita moderna postrojenja za proizvodnju osnovnih gra\u0111evinskih materijala.[\/vc_column_text][\/vc_column][vc_column width=\"1\/3\"][vc_empty_space][vc_column_text css_animation=\"top-to-bottom\"]<img class=\"alignnone size-medium wp-image-3099\" src=\"https:\/\/integral.ba\/wp-content\/uploads\/2016\/02\/zaokruzen-koncept-300x300.png\" alt=\"zaokruzen koncept\" width=\"300\" height=\"300\" \/>[\/vc_column_text][vc_empty_space][\/vc_column][\/vc_row]","_et_gb_content_width":"","inline_featured_image":false,"footnotes":""},"class_list":["post-2814","page","type-page","status-publish","hentry"],"acf":[],"yoast_head":"<!-- This site is optimized with the Yoast SEO plugin v27.2 - https:\/\/yoast.com\/product\/yoast-seo-wordpress\/ -->\n<title>ZAOKRU\u017dEN POSLOVNI KONCEPT | Integral in\u017eenjering a.d.<\/title>\n<meta name=\"description\" content=\"Integral In\u017eenjering a.d. je potpuno zatvorio krug kriti\u010dnih elemenata neophodnih za uspje\u0161no poslovanje u sektoru gra\u0111evinarstva...\" \/>\n<meta name=\"robots\" content=\"index, follow, max-snippet:-1, max-image-preview:large, max-video-preview:-1\" \/>\n<link rel=\"canonical\" href=\"https:\/\/integral.ba\/en\/our-strenght\/complete-business-concept\/\" \/>\n<meta property=\"og:locale\" content=\"en_US\" \/>\n<meta property=\"og:type\" content=\"article\" \/>\n<meta property=\"og:title\" content=\"ZAOKRU\u017dEN POSLOVNI KONCEPT | Integral in\u017eenjering a.d.\" \/>\n<meta property=\"og:description\" content=\"Integral In\u017eenjering a.d. je potpuno zatvorio krug kriti\u010dnih elemenata neophodnih za uspje\u0161no poslovanje u sektoru gra\u0111evinarstva...\" \/>\n<meta property=\"og:url\" content=\"https:\/\/integral.ba\/en\/our-strenght\/complete-business-concept\/\" \/>\n<meta property=\"og:site_name\" content=\"Integral In\u017eenjering\" \/>\n<meta property=\"article:modified_time\" content=\"2022-11-09T13:19:57+00:00\" \/>\n<meta property=\"og:image\" content=\"https:\/\/integral.ba\/wp-content\/uploads\/2020\/08\/iic-vladicin-han.jpg\" \/>\n\t<meta property=\"og:image:width\" content=\"1200\" \/>\n\t<meta property=\"og:image:height\" content=\"630\" \/>\n\t<meta property=\"og:image:type\" content=\"image\/jpeg\" \/>\n<meta name=\"twitter:card\" content=\"summary_large_image\" \/>\n<meta name=\"twitter:label1\" content=\"Est. reading time\" \/>\n\t<meta name=\"twitter:data1\" content=\"2 minutes\" \/>\n<script type=\"application\/ld+json\" class=\"yoast-schema-graph\">{\"@context\":\"https:\/\/schema.org\",\"@graph\":[{\"@type\":\"WebPage\",\"@id\":\"https:\/\/integral.ba\/en\/our-strenght\/complete-business-concept\/\",\"url\":\"https:\/\/integral.ba\/en\/our-strenght\/complete-business-concept\/\",\"name\":\"ZAOKRU\u017dEN POSLOVNI KONCEPT | Integral in\u017eenjering a.d.\",\"isPartOf\":{\"@id\":\"https:\/\/integral.ba\/en\/#website\"},\"datePublished\":\"2016-02-03T13:16:43+00:00\",\"dateModified\":\"2022-11-09T13:19:57+00:00\",\"description\":\"Integral In\u017eenjering a.d. je potpuno zatvorio krug kriti\u010dnih elemenata neophodnih za uspje\u0161no poslovanje u sektoru gra\u0111evinarstva...\",\"breadcrumb\":{\"@id\":\"https:\/\/integral.ba\/en\/our-strenght\/complete-business-concept\/#breadcrumb\"},\"inLanguage\":\"en-US\",\"potentialAction\":[{\"@type\":\"ReadAction\",\"target\":[\"https:\/\/integral.ba\/en\/our-strenght\/complete-business-concept\/\"]}]},{\"@type\":\"BreadcrumbList\",\"@id\":\"https:\/\/integral.ba\/en\/our-strenght\/complete-business-concept\/#breadcrumb\",\"itemListElement\":[{\"@type\":\"ListItem\",\"position\":1,\"name\":\"Home\",\"item\":\"https:\/\/integral.ba\/en\/?lang=en\"},{\"@type\":\"ListItem\",\"position\":2,\"name\":\"Our strenght\",\"item\":\"https:\/\/integral.ba\/en\/our-strenght\/?lang=en\"},{\"@type\":\"ListItem\",\"position\":3,\"name\":\"Complete business concept\"}]},{\"@type\":\"WebSite\",\"@id\":\"https:\/\/integral.ba\/en\/#website\",\"url\":\"https:\/\/integral.ba\/en\/\",\"name\":\"Integral In\u017eenjering\",\"description\":\"iic\",\"publisher\":{\"@id\":\"https:\/\/integral.ba\/en\/#organization\"},\"potentialAction\":[{\"@type\":\"SearchAction\",\"target\":{\"@type\":\"EntryPoint\",\"urlTemplate\":\"https:\/\/integral.ba\/en\/?s={search_term_string}\"},\"query-input\":{\"@type\":\"PropertyValueSpecification\",\"valueRequired\":true,\"valueName\":\"search_term_string\"}}],\"inLanguage\":\"en-US\"},{\"@type\":\"Organization\",\"@id\":\"https:\/\/integral.ba\/en\/#organization\",\"name\":\"Integral In\u017eenjering\",\"url\":\"https:\/\/integral.ba\/en\/\",\"logo\":{\"@type\":\"ImageObject\",\"inLanguage\":\"en-US\",\"@id\":\"https:\/\/integral.ba\/en\/#\/schema\/logo\/image\/\",\"url\":\"https:\/\/integral.ba\/wp-content\/uploads\/2020\/08\/favicon.png\",\"contentUrl\":\"https:\/\/integral.ba\/wp-content\/uploads\/2020\/08\/favicon.png\",\"width\":512,\"height\":512,\"caption\":\"Integral In\u017eenjering\"},\"image\":{\"@id\":\"https:\/\/integral.ba\/en\/#\/schema\/logo\/image\/\"},\"sameAs\":[\"https:\/\/www.youtube.com\/user\/IntegralGrupa\",\"https:\/\/sr.wikipedia.org\/sr-el\/\u0418\u043d\u0442\u0435\u0433\u0440\u0430\u043b_\u0438\u043d\u0436\u0435\u045a\u0435\u0440\u0438\u043d\u0433\"]}]}<\/script>\n<!-- \/ Yoast SEO plugin. -->","yoast_head_json":{"title":"ZAOKRU\u017dEN POSLOVNI KONCEPT | Integral in\u017eenjering a.d.","description":"Integral In\u017eenjering a.d. je potpuno zatvorio krug kriti\u010dnih elemenata neophodnih za uspje\u0161no poslovanje u sektoru gra\u0111evinarstva...","robots":{"index":"index","follow":"follow","max-snippet":"max-snippet:-1","max-image-preview":"max-image-preview:large","max-video-preview":"max-video-preview:-1"},"canonical":"https:\/\/integral.ba\/en\/our-strenght\/complete-business-concept\/","og_locale":"en_US","og_type":"article","og_title":"ZAOKRU\u017dEN POSLOVNI KONCEPT | Integral in\u017eenjering a.d.","og_description":"Integral In\u017eenjering a.d. je potpuno zatvorio krug kriti\u010dnih elemenata neophodnih za uspje\u0161no poslovanje u sektoru gra\u0111evinarstva...","og_url":"https:\/\/integral.ba\/en\/our-strenght\/complete-business-concept\/","og_site_name":"Integral In\u017eenjering","article_modified_time":"2022-11-09T13:19:57+00:00","og_image":[{"width":1200,"height":630,"url":"https:\/\/integral.ba\/wp-content\/uploads\/2020\/08\/iic-vladicin-han.jpg","type":"image\/jpeg"}],"twitter_card":"summary_large_image","twitter_misc":{"Est. reading time":"2 minutes"},"schema":{"@context":"https:\/\/schema.org","@graph":[{"@type":"WebPage","@id":"https:\/\/integral.ba\/en\/our-strenght\/complete-business-concept\/","url":"https:\/\/integral.ba\/en\/our-strenght\/complete-business-concept\/","name":"ZAOKRU\u017dEN POSLOVNI KONCEPT | Integral in\u017eenjering a.d.","isPartOf":{"@id":"https:\/\/integral.ba\/en\/#website"},"datePublished":"2016-02-03T13:16:43+00:00","dateModified":"2022-11-09T13:19:57+00:00","description":"Integral In\u017eenjering a.d. je potpuno zatvorio krug kriti\u010dnih elemenata neophodnih za uspje\u0161no poslovanje u sektoru gra\u0111evinarstva...","breadcrumb":{"@id":"https:\/\/integral.ba\/en\/our-strenght\/complete-business-concept\/#breadcrumb"},"inLanguage":"en-US","potentialAction":[{"@type":"ReadAction","target":["https:\/\/integral.ba\/en\/our-strenght\/complete-business-concept\/"]}]},{"@type":"BreadcrumbList","@id":"https:\/\/integral.ba\/en\/our-strenght\/complete-business-concept\/#breadcrumb","itemListElement":[{"@type":"ListItem","position":1,"name":"Home","item":"https:\/\/integral.ba\/en\/?lang=en"},{"@type":"ListItem","position":2,"name":"Our strenght","item":"https:\/\/integral.ba\/en\/our-strenght\/?lang=en"},{"@type":"ListItem","position":3,"name":"Complete business concept"}]},{"@type":"WebSite","@id":"https:\/\/integral.ba\/en\/#website","url":"https:\/\/integral.ba\/en\/","name":"Integral In\u017eenjering","description":"iic","publisher":{"@id":"https:\/\/integral.ba\/en\/#organization"},"potentialAction":[{"@type":"SearchAction","target":{"@type":"EntryPoint","urlTemplate":"https:\/\/integral.ba\/en\/?s={search_term_string}"},"query-input":{"@type":"PropertyValueSpecification","valueRequired":true,"valueName":"search_term_string"}}],"inLanguage":"en-US"},{"@type":"Organization","@id":"https:\/\/integral.ba\/en\/#organization","name":"Integral In\u017eenjering","url":"https:\/\/integral.ba\/en\/","logo":{"@type":"ImageObject","inLanguage":"en-US","@id":"https:\/\/integral.ba\/en\/#\/schema\/logo\/image\/","url":"https:\/\/integral.ba\/wp-content\/uploads\/2020\/08\/favicon.png","contentUrl":"https:\/\/integral.ba\/wp-content\/uploads\/2020\/08\/favicon.png","width":512,"height":512,"caption":"Integral In\u017eenjering"},"image":{"@id":"https:\/\/integral.ba\/en\/#\/schema\/logo\/image\/"},"sameAs":["https:\/\/www.youtube.com\/user\/IntegralGrupa","https:\/\/sr.wikipedia.org\/sr-el\/\u0418\u043d\u0442\u0435\u0433\u0440\u0430\u043b_\u0438\u043d\u0436\u0435\u045a\u0435\u0440\u0438\u043d\u0433"]}]}},"_links":{"self":[{"href":"https:\/\/integral.ba\/en\/wp-json\/wp\/v2\/pages\/2814","targetHints":{"allow":["GET"]}}],"collection":[{"href":"https:\/\/integral.ba\/en\/wp-json\/wp\/v2\/pages"}],"about":[{"href":"https:\/\/integral.ba\/en\/wp-json\/wp\/v2\/types\/page"}],"author":[{"embeddable":true,"href":"https:\/\/integral.ba\/en\/wp-json\/wp\/v2\/users\/2"}],"replies":[{"embeddable":true,"href":"https:\/\/integral.ba\/en\/wp-json\/wp\/v2\/comments?post=2814"}],"version-history":[{"count":4,"href":"https:\/\/integral.ba\/en\/wp-json\/wp\/v2\/pages\/2814\/revisions"}],"predecessor-version":[{"id":86417,"href":"https:\/\/integral.ba\/en\/wp-json\/wp\/v2\/pages\/2814\/revisions\/86417"}],"up":[{"embeddable":true,"href":"https:\/\/integral.ba\/en\/wp-json\/wp\/v2\/pages\/8796"}],"wp:attachment":[{"href":"https:\/\/integral.ba\/en\/wp-json\/wp\/v2\/media?parent=2814"}],"curies":[{"name":"wp","href":"https:\/\/api.w.org\/{rel}","templated":true}]}}