{"id":6257,"date":"2018-11-12T11:11:00","date_gmt":"2018-11-12T10:11:00","guid":{"rendered":"https:\/\/integral.ba\/?page_id=6257"},"modified":"2018-11-12T11:11:00","modified_gmt":"2018-11-12T10:11:00","slug":"proizvodnja-gradevinskih-materijala","status":"publish","type":"page","link":"https:\/\/integral.ba\/en\/proizvodnja-gradevinskih-materijala\/","title":{"rendered":"PROIZVODNJA GRA\u0110EVINSKIH MATERIJALA"},"content":{"rendered":"<p>[vc_row grid=&#8221;true&#8221; css=&#8221;.vc_custom_1471257221551{padding-top: 80px !important;padding-bottom: 80px !important;background-color: #363f45 !important;}&#8221;][vc_column][vc_column_text css_animation=&#8221;right-to-left&#8221;]<\/p>\n<h1 class=\"vc_custom_heading\" style=\"text-align: left;\">PROIZVODNJA GRA\u0110EVINSKIH MATERIJALA<\/h1>\n<p>[\/vc_column_text][\/vc_column][\/vc_row][vc_row grid=&#8221;true&#8221; css=&#8221;.vc_custom_1492590528288{padding-top: 80px !important;padding-bottom: 80px !important;}&#8221;][vc_column][vc_column_text]Proizvodimo betone, asfalte i mineralne agregate za vlastite i za potrebe tr\u017ei\u0161ta.<\/p>\n<p>Nudimo gra\u0111evinske materijale,\u00a0prefabrikovane gra\u0111evinske elemente i armaturu \u00a0proizvedene u pogonima na\u0161ih pouzdanih poslovnih partnera.<\/p>\n<p>Svi proizvodi su visokog kvaliteta i ugra\u0111eni su u kapitalne objekte (autoputevi, tuneli, brane, visoke zgrade i sli\u010dno), kao i u tehni\u010dki manje zahtjevne objekte.[\/vc_column_text][vc_empty_space][vc_btn title=&#8221;Pogledajte ponudu&#8221; style=&#8221;flat&#8221; shape=&#8221;square&#8221; color=&#8221;black&#8221; align=&#8221;left&#8221; i_icon_fontawesome=&#8221;fa fa-file-pdf-o&#8221; add_icon=&#8221;true&#8221; el_class=&#8221;p&#8221; link=&#8221;url:%2Fproizvodnja-gradj-materijala-iic.pdf||target:%20_blank|&#8221;][vc_empty_space][vc_tta_tabs shape=&#8221;square&#8221; spacing=&#8221;3&#8243; gap=&#8221;3&#8243; active_section=&#8221;4&#8243; no_fill_content_area=&#8221;true&#8221;][vc_tta_section i_icon_fontawesome=&#8221;fa fa-long-arrow-right&#8221; add_icon=&#8221;true&#8221; title=&#8221;BETONI&#8221; tab_id=&#8221;BETONI&#8221;][vc_row_inner content_placement=&#8221;middle&#8221;][vc_column_inner width=&#8221;1\/2&#8243;][vc_empty_space height=&#8221;18px&#8221;][vc_column_text]<\/p>\n<h5>Standardni beton<\/h5>\n<p>Razredi \u010dvrstine betona: C8\/10, C12\/15, C16\/20, C20\/25, C25\/30, C 30\/37, C35\/45, C40\/50<\/p>\n<ul>\n<li>Uz posebne dodatke (aditive) nudimo:<br \/>\nbeton otporan na djelovanje mraza, soli za odmrzavanje i\/ili na druge<br \/>\nhemijske uticaje (razredi \u010dvrstine C25\/30, C 30\/37, C35\/45, C40\/50);<\/li>\n<li>vodonepropusni beto-sporovezuju\u0107i beton;<\/li>\n<li>beton u boji.<\/li>\n<\/ul>\n<h5>Pumpani beton<\/h5>\n<p>Razredi \u010dvrstine betona: C 16\/20, C 20\/25, C 25\/30, C 30\/37, C 35\/45, C 40\/50<\/p>\n<h5>Mlazni beton<\/h5>\n<p>Ugra\u0111uje se \u0161pricanjem suve ili vla\u017ene smjese, koja se pod visokim pritiskom protiskuje kroz posebne mlaznice i usmjerava na podlogu.[\/vc_column_text][\/vc_column_inner][vc_column_inner width=&#8221;1\/2&#8243;][vc_single_image image=&#8221;6375&#8243; img_size=&#8221;full&#8221; alignment=&#8221;center&#8221;][\/vc_column_inner][\/vc_row_inner][\/vc_tta_section][vc_tta_section i_icon_fontawesome=&#8221;fa fa-long-arrow-right&#8221; add_icon=&#8221;true&#8221; title=&#8221;ASFALNE SMJESE&#8221; tab_id=&#8221;ASFALNE-SMJESE&#8221;][vc_empty_space height=&#8221;18px&#8221;][vc_column_text]<\/p>\n<h5>Asfaltbeton<\/h5>\n<p>U asfaltbetone spadaju asfaltne smjese namjenje za izgradnju nose\u0107ih, vezivnih i habaju\u0107ih slojeva asfalta.<br \/>\nNose\u0107i slojevi se proizvode od zrna agregata veli\u010dine 16 mm, 22 mm i 31,5 mm.<br \/>\nVezivni slojevi se proizvode od zrna veli\u010dine 16 mm i 22 mm.<br \/>\nHabaju\u0107i slojevi se proizvode od zrna veli\u010dine 4 mm, 8 mm i 11 mm.<br \/>\nSve granulometrijske krive asfaltbetona su kontinuirane.<\/p>\n<h5>Asfaltbeton za vrlo tanke slojeve<\/h5>\n<p>To je asfltbeton izra\u0111en od mje\u0161avine kamenog bra\u0161na (kamenog materijala frakcija eruptivnog porijekla). Maksimalna veli\u010dina zrna agregata u kamenom materijalu iznosi 8 mm.<br \/>\nTanki slojevi se izvode u debljini od 20 do 30 mm, naro\u010dito kod sanacije autoputeva i magistralnih puteva. Ovi asfalti se odlikuju pove\u0107anim trenjem izme\u0111u pneumatika vozila i asfaltnog sloja, te smanjenim nivoom buke.<\/p>\n<h5>SMA<\/h5>\n<p>SMA (eng. Stone Mastic Asphalt) je asfalt visog kvaliteta. SMA spada u grupu asfalta za izradu habaju\u0107ih slojeva.<br \/>\nProizvodi se od zrna agregata veli\u010dine 4 mm, 8 mm, 11 mm i 16 mm. Granulometrijske krive SMA asfalta su diskontinuirane.<\/p>\n<h5>Porozni asfalt<\/h5>\n<p>To je asfaltbeton kod kojega ga pove\u0107an udio \u0161upljina u strukturi. Porozni asfalt spada u grupu asfalta za izradu habaju\u0107ih slojeva.<br \/>\nProizvodi se od zrna agregata veli\u010dine 8 mm, 11 mm i 16 mm. Granulometrijske krive poroznog asfalta su diskontinuirane.<\/p>\n<h5>Reciklirani asfaltni agregat<\/h5>\n<p>Reciklirani asfaltni agregat sastoji se od asfalta recikliranog glodanjem asfaltnih slojeva, mrvljenjem asfaltnih plo\u010da ili komada plo\u010da izva\u0111enih iz asfaltnih kolni\u010dkih konstrukcija, te ostataka ili vi\u0161kova asfalta nastalima tokom proizvodnje. Recikla\u017eni asfaltni agregat mo\u017ee da se koristi kao sastavni materijal za bitumenske mje\u0161avine proizvedene u asfaltnoj bazi za vru\u0107u ili toplu bitumensku mje\u0161avinu, u skladu sa specifikacijama za te mje\u0161avine.<\/p>\n<h5>Asfalt u boji<\/h5>\n<p>Upotrebljava se u dekorativne svrhe za pje\u0161a\u010dko-biciklisti\u010dke staze, sportske terene, parkirali\u0161ta, hale, trgove, tunele i sli\u010dno.<\/p>\n<p>[\/vc_column_text][\/vc_tta_section][vc_tta_section i_icon_fontawesome=&#8221;fa fa-long-arrow-right&#8221; add_icon=&#8221;true&#8221; title=&#8221;MINERALNI AGREGATI&#8221; tab_id=&#8221;mineralni-agregati&#8221;][vc_empty_space height=&#8221;18px&#8221;][vc_column_text]<\/p>\n<ul>\n<li>Asfaltne frakcije \u2013 kre\u010dnjak i dijabaz;<\/li>\n<li>Betonske frakcije \u2013 kre\u010dnjak i rije\u010dni \u0161ljunak;<\/li>\n<li>Tampon \u2013 kre\u010dnjak i dijabaz;<\/li>\n<li>Tucanik \u2013 dijabaz;<\/li>\n<li>Sipina \u2013 kre\u010dnjak i dijabaz.<\/li>\n<\/ul>\n<p>[\/vc_column_text][\/vc_tta_section][\/vc_tta_tabs][\/vc_column][\/vc_row]<\/p>\n","protected":false},"excerpt":{"rendered":"<p>[vc_row grid=&#8221;true&#8221; css=&#8221;.vc_custom_1471257221551{padding-top: 80px !important;padding-bottom: 80px !important;background-color: #363f45 !important;}&#8221;][vc_column][vc_column_text css_animation=&#8221;right-to-left&#8221;] PROIZVODNJA GRA\u0110EVINSKIH MATERIJALA [\/vc_column_text][\/vc_column][\/vc_row][vc_row grid=&#8221;true&#8221; css=&#8221;.vc_custom_1492590528288{padding-top: 80px !important;padding-bottom: 80px !important;}&#8221;][vc_column][vc_column_text]Proizvodimo betone, asfalte i mineralne agregate za vlastite i za potrebe tr\u017ei\u0161ta. Nudimo gra\u0111evinske materijale,\u00a0prefabrikovane gra\u0111evinske elemente i armaturu \u00a0proizvedene u pogonima na\u0161ih pouzdanih poslovnih partnera. Svi proizvodi su visokog kvaliteta i ugra\u0111eni su u kapitalne [&hellip;]<\/p>\n","protected":false},"author":2,"featured_media":0,"parent":0,"menu_order":0,"comment_status":"closed","ping_status":"closed","template":"page-templates\/page-fullwidth.php","meta":{"_acf_changed":false,"_et_pb_use_builder":"","_et_pb_old_content":"","_et_gb_content_width":"","inline_featured_image":false,"footnotes":""},"class_list":["post-6257","page","type-page","status-publish","hentry"],"acf":[],"yoast_head":"<!-- This site is optimized with the Yoast SEO plugin v27.2 - https:\/\/yoast.com\/product\/yoast-seo-wordpress\/ -->\n<title>PROIZVODNJA GRA\u0110EVINSKIH MATERIJALA - Integral In\u017eenjering<\/title>\n<meta name=\"robots\" content=\"index, follow, max-snippet:-1, max-image-preview:large, max-video-preview:-1\" \/>\n<link rel=\"canonical\" href=\"https:\/\/integral.ba\/en\/proizvodnja-gradevinskih-materijala\/\" \/>\n<meta property=\"og:locale\" content=\"en_US\" \/>\n<meta property=\"og:type\" content=\"article\" \/>\n<meta property=\"og:title\" content=\"PROIZVODNJA GRA\u0110EVINSKIH MATERIJALA - Integral In\u017eenjering\" \/>\n<meta property=\"og:description\" content=\"[vc_row grid=&#8221;true&#8221; css=&#8221;.vc_custom_1471257221551{padding-top: 80px !important;padding-bottom: 80px !important;background-color: #363f45 !important;}&#8221;][vc_column][vc_column_text css_animation=&#8221;right-to-left&#8221;] PROIZVODNJA GRA\u0110EVINSKIH MATERIJALA [\/vc_column_text][\/vc_column][\/vc_row][vc_row grid=&#8221;true&#8221; css=&#8221;.vc_custom_1492590528288{padding-top: 80px !important;padding-bottom: 80px !important;}&#8221;][vc_column][vc_column_text]Proizvodimo betone, asfalte i mineralne agregate za vlastite i za potrebe tr\u017ei\u0161ta. Nudimo gra\u0111evinske materijale,\u00a0prefabrikovane gra\u0111evinske elemente i armaturu \u00a0proizvedene u pogonima na\u0161ih pouzdanih poslovnih partnera. Svi proizvodi su visokog kvaliteta i ugra\u0111eni su u kapitalne [&hellip;]\" \/>\n<meta property=\"og:url\" content=\"https:\/\/integral.ba\/en\/proizvodnja-gradevinskih-materijala\/\" \/>\n<meta property=\"og:site_name\" content=\"Integral In\u017eenjering\" \/>\n<meta property=\"og:image\" content=\"https:\/\/integral.ba\/wp-content\/uploads\/2020\/08\/iic-vladicin-han.jpg\" \/>\n\t<meta property=\"og:image:width\" content=\"1200\" \/>\n\t<meta property=\"og:image:height\" content=\"630\" \/>\n\t<meta property=\"og:image:type\" content=\"image\/jpeg\" \/>\n<meta name=\"twitter:card\" content=\"summary_large_image\" \/>\n<meta name=\"twitter:label1\" content=\"Est. reading time\" \/>\n\t<meta name=\"twitter:data1\" content=\"4 minutes\" \/>\n<script type=\"application\/ld+json\" class=\"yoast-schema-graph\">{\"@context\":\"https:\/\/schema.org\",\"@graph\":[{\"@type\":\"WebPage\",\"@id\":\"https:\/\/integral.ba\/en\/proizvodnja-gradevinskih-materijala\/\",\"url\":\"https:\/\/integral.ba\/en\/proizvodnja-gradevinskih-materijala\/\",\"name\":\"PROIZVODNJA GRA\u0110EVINSKIH MATERIJALA - Integral In\u017eenjering\",\"isPartOf\":{\"@id\":\"https:\/\/integral.ba\/en\/#website\"},\"datePublished\":\"2018-11-12T10:11:00+00:00\",\"breadcrumb\":{\"@id\":\"https:\/\/integral.ba\/en\/proizvodnja-gradevinskih-materijala\/#breadcrumb\"},\"inLanguage\":\"en-US\",\"potentialAction\":[{\"@type\":\"ReadAction\",\"target\":[\"https:\/\/integral.ba\/en\/proizvodnja-gradevinskih-materijala\/\"]}]},{\"@type\":\"BreadcrumbList\",\"@id\":\"https:\/\/integral.ba\/en\/proizvodnja-gradevinskih-materijala\/#breadcrumb\",\"itemListElement\":[{\"@type\":\"ListItem\",\"position\":1,\"name\":\"Home\",\"item\":\"https:\/\/integral.ba\/en\/?lang=en\"},{\"@type\":\"ListItem\",\"position\":2,\"name\":\"PROIZVODNJA GRA\u0110EVINSKIH MATERIJALA\"}]},{\"@type\":\"WebSite\",\"@id\":\"https:\/\/integral.ba\/en\/#website\",\"url\":\"https:\/\/integral.ba\/en\/\",\"name\":\"Integral In\u017eenjering\",\"description\":\"iic\",\"publisher\":{\"@id\":\"https:\/\/integral.ba\/en\/#organization\"},\"potentialAction\":[{\"@type\":\"SearchAction\",\"target\":{\"@type\":\"EntryPoint\",\"urlTemplate\":\"https:\/\/integral.ba\/en\/?s={search_term_string}\"},\"query-input\":{\"@type\":\"PropertyValueSpecification\",\"valueRequired\":true,\"valueName\":\"search_term_string\"}}],\"inLanguage\":\"en-US\"},{\"@type\":\"Organization\",\"@id\":\"https:\/\/integral.ba\/en\/#organization\",\"name\":\"Integral In\u017eenjering\",\"url\":\"https:\/\/integral.ba\/en\/\",\"logo\":{\"@type\":\"ImageObject\",\"inLanguage\":\"en-US\",\"@id\":\"https:\/\/integral.ba\/en\/#\/schema\/logo\/image\/\",\"url\":\"https:\/\/integral.ba\/wp-content\/uploads\/2020\/08\/favicon.png\",\"contentUrl\":\"https:\/\/integral.ba\/wp-content\/uploads\/2020\/08\/favicon.png\",\"width\":512,\"height\":512,\"caption\":\"Integral In\u017eenjering\"},\"image\":{\"@id\":\"https:\/\/integral.ba\/en\/#\/schema\/logo\/image\/\"},\"sameAs\":[\"https:\/\/www.youtube.com\/user\/IntegralGrupa\",\"https:\/\/sr.wikipedia.org\/sr-el\/\u0418\u043d\u0442\u0435\u0433\u0440\u0430\u043b_\u0438\u043d\u0436\u0435\u045a\u0435\u0440\u0438\u043d\u0433\"]}]}<\/script>\n<!-- \/ Yoast SEO plugin. -->","yoast_head_json":{"title":"PROIZVODNJA GRA\u0110EVINSKIH MATERIJALA - Integral In\u017eenjering","robots":{"index":"index","follow":"follow","max-snippet":"max-snippet:-1","max-image-preview":"max-image-preview:large","max-video-preview":"max-video-preview:-1"},"canonical":"https:\/\/integral.ba\/en\/proizvodnja-gradevinskih-materijala\/","og_locale":"en_US","og_type":"article","og_title":"PROIZVODNJA GRA\u0110EVINSKIH MATERIJALA - Integral In\u017eenjering","og_description":"[vc_row grid=&#8221;true&#8221; css=&#8221;.vc_custom_1471257221551{padding-top: 80px !important;padding-bottom: 80px !important;background-color: #363f45 !important;}&#8221;][vc_column][vc_column_text css_animation=&#8221;right-to-left&#8221;] PROIZVODNJA GRA\u0110EVINSKIH MATERIJALA [\/vc_column_text][\/vc_column][\/vc_row][vc_row grid=&#8221;true&#8221; css=&#8221;.vc_custom_1492590528288{padding-top: 80px !important;padding-bottom: 80px !important;}&#8221;][vc_column][vc_column_text]Proizvodimo betone, asfalte i mineralne agregate za vlastite i za potrebe tr\u017ei\u0161ta. Nudimo gra\u0111evinske materijale,\u00a0prefabrikovane gra\u0111evinske elemente i armaturu \u00a0proizvedene u pogonima na\u0161ih pouzdanih poslovnih partnera. Svi proizvodi su visokog kvaliteta i ugra\u0111eni su u kapitalne [&hellip;]","og_url":"https:\/\/integral.ba\/en\/proizvodnja-gradevinskih-materijala\/","og_site_name":"Integral In\u017eenjering","og_image":[{"width":1200,"height":630,"url":"https:\/\/integral.ba\/wp-content\/uploads\/2020\/08\/iic-vladicin-han.jpg","type":"image\/jpeg"}],"twitter_card":"summary_large_image","twitter_misc":{"Est. reading time":"4 minutes"},"schema":{"@context":"https:\/\/schema.org","@graph":[{"@type":"WebPage","@id":"https:\/\/integral.ba\/en\/proizvodnja-gradevinskih-materijala\/","url":"https:\/\/integral.ba\/en\/proizvodnja-gradevinskih-materijala\/","name":"PROIZVODNJA GRA\u0110EVINSKIH MATERIJALA - Integral In\u017eenjering","isPartOf":{"@id":"https:\/\/integral.ba\/en\/#website"},"datePublished":"2018-11-12T10:11:00+00:00","breadcrumb":{"@id":"https:\/\/integral.ba\/en\/proizvodnja-gradevinskih-materijala\/#breadcrumb"},"inLanguage":"en-US","potentialAction":[{"@type":"ReadAction","target":["https:\/\/integral.ba\/en\/proizvodnja-gradevinskih-materijala\/"]}]},{"@type":"BreadcrumbList","@id":"https:\/\/integral.ba\/en\/proizvodnja-gradevinskih-materijala\/#breadcrumb","itemListElement":[{"@type":"ListItem","position":1,"name":"Home","item":"https:\/\/integral.ba\/en\/?lang=en"},{"@type":"ListItem","position":2,"name":"PROIZVODNJA GRA\u0110EVINSKIH MATERIJALA"}]},{"@type":"WebSite","@id":"https:\/\/integral.ba\/en\/#website","url":"https:\/\/integral.ba\/en\/","name":"Integral In\u017eenjering","description":"iic","publisher":{"@id":"https:\/\/integral.ba\/en\/#organization"},"potentialAction":[{"@type":"SearchAction","target":{"@type":"EntryPoint","urlTemplate":"https:\/\/integral.ba\/en\/?s={search_term_string}"},"query-input":{"@type":"PropertyValueSpecification","valueRequired":true,"valueName":"search_term_string"}}],"inLanguage":"en-US"},{"@type":"Organization","@id":"https:\/\/integral.ba\/en\/#organization","name":"Integral In\u017eenjering","url":"https:\/\/integral.ba\/en\/","logo":{"@type":"ImageObject","inLanguage":"en-US","@id":"https:\/\/integral.ba\/en\/#\/schema\/logo\/image\/","url":"https:\/\/integral.ba\/wp-content\/uploads\/2020\/08\/favicon.png","contentUrl":"https:\/\/integral.ba\/wp-content\/uploads\/2020\/08\/favicon.png","width":512,"height":512,"caption":"Integral In\u017eenjering"},"image":{"@id":"https:\/\/integral.ba\/en\/#\/schema\/logo\/image\/"},"sameAs":["https:\/\/www.youtube.com\/user\/IntegralGrupa","https:\/\/sr.wikipedia.org\/sr-el\/\u0418\u043d\u0442\u0435\u0433\u0440\u0430\u043b_\u0438\u043d\u0436\u0435\u045a\u0435\u0440\u0438\u043d\u0433"]}]}},"_links":{"self":[{"href":"https:\/\/integral.ba\/en\/wp-json\/wp\/v2\/pages\/6257","targetHints":{"allow":["GET"]}}],"collection":[{"href":"https:\/\/integral.ba\/en\/wp-json\/wp\/v2\/pages"}],"about":[{"href":"https:\/\/integral.ba\/en\/wp-json\/wp\/v2\/types\/page"}],"author":[{"embeddable":true,"href":"https:\/\/integral.ba\/en\/wp-json\/wp\/v2\/users\/2"}],"replies":[{"embeddable":true,"href":"https:\/\/integral.ba\/en\/wp-json\/wp\/v2\/comments?post=6257"}],"version-history":[{"count":0,"href":"https:\/\/integral.ba\/en\/wp-json\/wp\/v2\/pages\/6257\/revisions"}],"wp:attachment":[{"href":"https:\/\/integral.ba\/en\/wp-json\/wp\/v2\/media?parent=6257"}],"curies":[{"name":"wp","href":"https:\/\/api.w.org\/{rel}","templated":true}]}}