{"id":6932,"date":"2019-06-13T12:47:07","date_gmt":"2019-06-13T10:47:07","guid":{"rendered":"https:\/\/integral.ba\/?page_id=6932"},"modified":"2019-06-13T12:47:07","modified_gmt":"2019-06-13T10:47:07","slug":"najvazniji-zavrseni-projekti","status":"publish","type":"page","link":"https:\/\/integral.ba\/en\/najvazniji-zavrseni-projekti\/","title":{"rendered":"Najva\u017eniji zavr\u0161eni projekti"},"content":{"rendered":"<p>[vc_row full_width=&#8221;stretch_row&#8221; content_placement=&#8221;middle&#8221; position=&#8221;center center&#8221; css=&#8221;.vc_custom_1529670462913{padding-top: 0px !important;padding-bottom: 40px !important;background: #363f45 url(https:\/\/integral.ba\/wp-content\/uploads\/2018\/06\/bg25-1.jpg?id=5628) !important;}&#8221;][vc_column offset=&#8221;vc_hidden-md vc_hidden-sm vc_hidden-xs&#8221;][vc_column_text css_animation=&#8221;fadeInUp&#8221;]<\/p>\n<h1 style=\"text-align: left;\">NAJVA\u017dNIJI ZAVR\u0160ENI PROJEKTI<\/h1>\n<p>[\/vc_column_text][\/vc_column][\/vc_row][vc_row full_width=&#8221;stretch_row&#8221; full_height=&#8221;yes&#8221; css=&#8221;.vc_custom_1529660413426{padding-top: 20px !important;padding-bottom: 50px !important;background-image: url(https:\/\/integral.ba\/wp-content\/uploads\/2018\/06\/bg.png?id=5698) !important;background-position: 0 0 !important;background-repeat: repeat !important;}&#8221;][vc_column][vc_tta_accordion style=&#8221;flat&#8221; shape=&#8221;square&#8221; color=&#8221;black&#8221; spacing=&#8221;20&#8243; gap=&#8221;1&#8243; c_icon=&#8221;chevron&#8221; active_section=&#8221;100&#8243; no_fill=&#8221;true&#8221; collapsible_all=&#8221;true&#8221; css=&#8221;.vc_custom_1529661499056{background-color: #ffffff !important;}&#8221;][vc_tta_section title=&#8221;PROJEKTOVANJE I IZGRADNJA AUTOPUTA BANJA LUKA \u2013 DOBOJ DIONICA BANJA LUKA \u2013 PRNJAVOR (2014 \u2013 18 )&#8221; tab_id=&#8221;1498820543157-6d182e79-f9ef&#8221;][vc_row_inner css=&#8221;.vc_custom_1462970386377{padding-top: 20px !important;padding-bottom: 20px !important;}&#8221;][vc_column_inner][vc_column_text css_animation=&#8221;fadeIn&#8221;]<\/p>\n<h3 style=\"text-align: left;\">Projektovanje i izvo\u0111enje radova na izgradnji autoputa Banja Luka &#8211; Doboj, dionica Banja Luka &#8211; Prnjavor (km 0+000 do km 35+300) Ugovor br. RS\/EIB-2012\/W<\/h3>\n<p>[\/vc_column_text][\/vc_column_inner][\/vc_row_inner][vc_row_inner css=&#8221;.vc_custom_1460705899990{padding-top: 20px !important;padding-bottom: 40px !important;}&#8221;][vc_column_inner][vc_column_text css_animation=&#8221;fadeIn&#8221;]<strong>Investitor: \u00a0<\/strong>Javno preduze\u0107e&#8221;Autoputevi Republike Srpske&#8221;<\/p>\n<p><strong>Vrijednost radova:\u00a0<\/strong>361,6 miliona KM ili 184,9 miliona\u00a0EUR<\/p>\n<p>Postoje\u0107i magistralni put M16.1 od Banja Luke prema Doboju, preko Dervente, zauzima zna\u010dajno mjesto u sistemu evropskog putnog daljinskog \u00a0transporta.\u00a0 Za ve\u0107i dio Republike Srpske \u00a0i Federacije Bosne i Hercegovine on predstavlja bitnu vezu sa zapadnom i sjevernom Evropom, pri \u010demu je i oko 50% privrednih i dru\u0161tvenih potencijala Republike Srpske \u00a0koncentrisano u zoni ovog puta.<\/p>\n<p>Ovo su glavni razlozi zbog kojih autoput Banja Luka \u2013 Doboj posjeduje najzna\u010dajniji infrastrukturni integracijski potencijal u Republici Srpskoj.\u00a0 Autoput Banja Luka \u2013 Doboj \u0107e povezati ve\u0107 izgra\u0111eni autoput Gradi\u0161ka \u2013 Banja Luka (E 661) sa budu\u0107im autoputem na Koridoru 5c. Nakon \u0161to bude zavr\u0161ena njegova izgradnja, autoput Banja Luka\u00a0 &#8211; Doboj \u0107e postati arterija tranzitnog transporta sa pozitivnim uticajem na poslovne i trgova\u010dke aktivnosti u regionu.<\/p>\n<p>Projekt je podijeljen na dva lota (ugovora): dionica Banja Luka \u2013 Prnjavor i dionica Prnjavor \u2013 Doboj.<\/p>\n<p>Integral in\u017eenjering a.d je veoma ponosan \u0161to je, na veoma zahtjevnom me\u0111unarodnom tenderu,\u00a0 izabran, zajedno sa firmom Granit a.d. (Skoplje), za glavnog izvo\u0111a\u010da radova projektovanja i gra\u0111enja na autoputu Banja Luka \u2013 Doboj (dionica Banja Luka \u2013 Prnjavor). Radovi su u toku. Integral pokazuje da je tehni\u010dki i profesionalno sposoban da igra vode\u0107u ulogu u ovom projektu od velikog me\u0111unarodnog zna\u010daja.<\/p>\n<p>Radovi uklju\u010duju projektovanje i izvo\u0111enje radova:<br \/>\n&#8211; na izgradnji dionice autoputa ukupne du\u017eine l = 33,5 km, sa svim prate\u0107im elementima,<br \/>\n&#8211; na izgradnji petlje na autoputu sa objektima za naplatu putarine,<br \/>\n&#8211; na izgradnji centra za odr\u017eavanje i naplatu putarine,<br \/>\n-na izgradnji prate\u0107eg uslu\u017enog objekta (odmori\u0161te),<br \/>\n&#8211; na izgradnji 63 objekta koji uklju\u010duju, pored ostalih:\u00a0 1 veliki most ( l = 340 m) i 6 manjih mostova; 3 velika vijadukta ( l = 449 m, l = 400 m i l = 146 m) i 4 manja vijadukta; 9 nadvo\u017enjaka; tunel, podvo\u017enjake, prolaze za \u017eivotinje,<br \/>\n&#8211; na izgradnji lokalnih i servisnih saobra\u0107ajnica ukupne du\u017eine l=23,755 m,<br \/>\n-geomehani\u010dke radove,<br \/>\n-na izmije\u0161tanju elektro instalacije,<br \/>\n-na elektroenergetskom napajanju objekata za naplatu putarine, prate\u0107eg uslu\u017enog objekta i\u00a0 tunela,<br \/>\n-na rasvjeti petlje,<br \/>\n-na postavljanje saobra\u0107ajne signalizacije i opreme.<\/p>\n<p>Projekt uklju\u010duje projektovanje i implementaciju sistema za video nadzor i upravljanje kompletnom dionicom autoputa, kao i radove na odvodnji kolovozne konstrukcije, postavljanja opti\u010dkog kabla, SOS pozivnog sistema i objekata za za\u0161titu od buke.<\/p>\n<p>Kolovozna konstrukcija se sastoji od sljede\u0107ih slojeva:<br \/>\n-vozna\u00a0 i preticajna traka: SMA 4cm, vezni bito sloj 6 cm, BNS 7 cm, cementna stabilizacija 20 cm, tampon 25 cm,<br \/>\n-zaustavna traka: AB 7 cm, vezni bito sloj 6 cm, tampon 52 cm.[\/vc_column_text][vc_gallery images=&#8221;6110,6108,6112,5872,5874,6122,6120,6118,2414,2416,2492&#8243; img_size=&#8221;full&#8221; columns=&#8221;4&#8243;][\/vc_column_inner][\/vc_row_inner][\/vc_tta_section][vc_tta_section title=&#8221;IZGRADNJA MALE HIDROELEKTRANE &#8220;BO\u010cAC 2&#8220;IZVO\u0110ENJE GRA\u0110EVINSKIH RADOVA (2015 &#8211; 18 )&#8221; tab_id=&#8221;1460621100391-baa06367-9dd4&#8243;][vc_row_inner css=&#8221;.vc_custom_1462973266325{padding-top: 20px !important;padding-bottom: 20px !important;}&#8221;][vc_column_inner][vc_column_text css_animation=&#8221;left-to-right&#8221;]<\/p>\n<h3 style=\"text-align: left;\">Izgradnja male hidroelektrane &#8220;Bo\u010dac 2&#8221; &#8211; gra\u0111evinski radovi<\/h3>\n<p>[\/vc_column_text][\/vc_column_inner][\/vc_row_inner][vc_row_inner css=&#8221;.vc_custom_1460706823823{padding-top: 20px !important;padding-bottom: 40px !important;}&#8221;][vc_column_inner width=&#8221;2\/3&#8243;][vc_column_text css_animation=&#8221;left-to-right&#8221;]<strong>Investitor:<\/strong> MH \u201eElektroprivreda Republike Srpske\u201c,\u00a0 ZP \u201eHidroelektrane na Vrbasu\u201c a.d. Mrkonji\u0107 Grad<\/p>\n<p><strong>Vrijednost:<\/strong>\u00a0 19,3 miliona KM ili 9,9 m EUR<\/p>\n<p><strong>O projektu:<\/strong><\/p>\n<p>Objekti novoprojektovane elektrane projektovani su u lijevom boku profila, na prostoru izme\u0111u saobra\u0107ajnice i prelivnih polja, a orijentisani su u nizu, paralelno sa pru\u017eanjem rije\u010dne doline i postoje\u0107om saobra\u0107ajnicom. Elektranu \u010dine: ulivni kanal, zahvat, dovodni kanali sa prelaznom dionicom, ma\u0161inska zgrada, odvodna vada. Iznad dovodnih kanala i na vrhu ma\u0161inske grade formiraju se platoi za monta\u017eu i pristup.<\/p>\n<p>Ulazna gra\u0111evina MHE je sastavljena iz dva ulazna polja, koja se nastavljaju dovodnim dionicama kojim se voda dovodi do turbina. Ulazna gra\u0111evina je opremljena re\u0161etkama za zadr\u017eavanje ne\u010disto\u0107a, \u010distilicom re\u0161etke, tablastim zatvara\u010dima, opremom za detekciju za\u010depljenja re\u0161etke i opremom za mjerenje gornjeg nivoa. Izlazna gra\u0111evina, odnosno sifon svake turbine, je opremljena jednodjelnim tablastim zatvara\u010dem.<\/p>\n<p>U skladu sa tehni\u010dkim rje\u0161enjem, MHE \u010dine sljede\u0107i dijelovi:<\/p>\n<ul>\n<li>uvodni kanal<\/li>\n<li>dovod<\/li>\n<li>ma\u0161inski blok<\/li>\n<li>odovdna vada.<\/li>\n<\/ul>\n<p>Pored ovih radova, projekat obuhvata i izgradnju pristupne saobra\u0107ajnice, ma\u0161insku i hidromehani\u010dku opremu, termotehni\u010dke instalacije, elektro opremu &#8211; instalacija i tehni\u010dko osmatranje, geodetsko obilje\u017eavanje i za\u0161titu od po\u017eara[\/vc_column_text][\/vc_column_inner][vc_column_inner width=&#8221;1\/3&#8243;][vc_images_carousel images=&#8221;5057,5056,5055,5054,5053,5052,5051,5050,5049,5048,5047,5046,5045,5044&#8243;][\/vc_column_inner][\/vc_row_inner][\/vc_tta_section][vc_tta_section title=&#8221;IZGRADNJA AUTOPUTA E 75 NA KORIDORU 10 U SRBIJI PODDIONICA CARI\u010cINA DOLINA \u2013 TUNEL MANAJLE (2013 &#8211; 18)&#8221; tab_id=&#8221;1460621102838-bc7bda84-5d01&#8243;][vc_column_text css_animation=&#8221;fadeIn&#8221; css=&#8221;.vc_custom_1532424785795{padding-top: 20px !important;}&#8221;]<\/p>\n<h3 style=\"text-align: left;\">Projekat autoputa na koridoru 10, Izgradnja autoputa E75, Dionica: Cari\u010dina Dolina \u2013 Vladi\u010din Han, LOT 5: Putevi i mostovi na poddionici Cari\u010dina Dolina \u2013 tunel Manajle,<br \/>\nICB br: CORRX.E75.EIB.PACK2-LOT5.ICB<\/h3>\n<p>[\/vc_column_text][vc_row_inner content_placement=&#8221;middle&#8221;][vc_column_inner][vc_column_text css_animation=&#8221;fadeIn&#8221;]<strong>Investitor:\u00a0<\/strong>Koridori Srbije, d.o.o. Beograd<\/p>\n<p><strong>Vrijednost radova:\u00a0<\/strong>124,7 miliona KM ili 63,8 m EUR<\/p>\n<p>Koridor 10 je jedan od najva\u017enijih pan-Evropskih transportnih koridora koji prolaze kroz Srbiju. Program izgradnje Koridora 10 kroz Srbiju se provodi kroz \u010detiri projekta koji se dijele na dionice, a one u lotove (ugovore). Nakon \u0161to bude zavr\u0161en, autoput \u0107e imati pozitivan uticaj na privredne i trgovinske aktivnosti u regionu, te \u0107e doprinositi regionalnom razvoju i povezivanju \u0161ireg prostora Balkana.<\/p>\n<p>Zbog zna\u010daja ovog programa, velikog obima i vrijednosti radova, neke od vode\u0107ih me\u0111unarodnih gra\u0111evinskih kompanija se takmi\u010de na tenderima i izvode radove na Koridoru 10.<\/p>\n<p>\u201cIntegral in\u017eenjering\u201d a.d. je, zajedno sa svojim partnerima, veoma ponosan \u0161to je izabran za glavnog izvo\u0111a\u010da radova na poddionici cari\u010dina Dolina \u2013 tunel Manajle. Ova poddionica je jedna od najzahtjevnijih na autooputu na Koridoru 10 u Srbiji zbog toga \u0161to se radovi izvode u Grdeli\u010dkoj klisuri. Ovo je najva\u017eniji i najve\u0107i projekat Integrala na zahtjevnom tr\u017ei\u0161tu Srbije.<\/p>\n<p>Radovi uklju\u010duju:<br \/>\n&#8211; izgradnju kompletne dionice autoputa (l= 6,75 km), sa svim prate\u0107im elementima: 7 mostova na trasi<br \/>\nautuputa, 1 most na lokalnoj saobra\u0107ajnici, 1 \u017eeljezni\u010dki most, 3 galerije, 28 propusta;<br \/>\n&#8211; izmije\u0161tanje 1 km \u017eeljezni\u010dke pruge, izmije\u0161tanje 1,3 km lokalnih puteva, te izmije\u0161tanje<br \/>\nvisokonaponske, srednjenaponske i niskonaponske mre\u017ee;<br \/>\n-radove na regulaciji Ju\u017ene Morave, rijeke Sokolice i Kozni\u010dke rijeke;<br \/>\n&#8211; izgradnju telefonsko-komunikacione\u00a0 kanalizacije i trafostanice;<br \/>\n&#8211; radove na odvodnji puta;<br \/>\n&#8211; nabavku i postavljanje saobra\u0107ajne signalizacije i opreme i opreme za za\u0161titu od buke;<br \/>\n&#8211; radove na ure\u0111enju okoline.[\/vc_column_text][vc_gallery images=&#8221;5855,5859,5857,5861,3315,3347,3287,3317,3318,2417,2418,2419,3348,2420,2422&#8243; img_size=&#8221;200&#215;100&#8243; css_animation=&#8221;slideInLeft&#8221; columns=&#8221;5&#8243;][\/vc_column_inner][\/vc_row_inner][\/vc_tta_section][\/vc_tta_accordion][\/vc_column][\/vc_row]<\/p>\n","protected":false},"excerpt":{"rendered":"<p>[vc_row full_width=&#8221;stretch_row&#8221; content_placement=&#8221;middle&#8221; position=&#8221;center center&#8221; css=&#8221;.vc_custom_1529670462913{padding-top: 0px !important;padding-bottom: 40px !important;background: #363f45 url(https:\/\/integral.ba\/wp-content\/uploads\/2018\/06\/bg25-1.jpg?id=5628) !important;}&#8221;][vc_column offset=&#8221;vc_hidden-md vc_hidden-sm vc_hidden-xs&#8221;][vc_column_text css_animation=&#8221;fadeInUp&#8221;] NAJVA\u017dNIJI ZAVR\u0160ENI PROJEKTI [\/vc_column_text][\/vc_column][\/vc_row][vc_row full_width=&#8221;stretch_row&#8221; full_height=&#8221;yes&#8221; css=&#8221;.vc_custom_1529660413426{padding-top: 20px !important;padding-bottom: 50px !important;background-image: url(https:\/\/integral.ba\/wp-content\/uploads\/2018\/06\/bg.png?id=5698) !important;background-position: 0 0 !important;background-repeat: repeat !important;}&#8221;][vc_column][vc_tta_accordion style=&#8221;flat&#8221; shape=&#8221;square&#8221; color=&#8221;black&#8221; spacing=&#8221;20&#8243; gap=&#8221;1&#8243; c_icon=&#8221;chevron&#8221; active_section=&#8221;100&#8243; no_fill=&#8221;true&#8221; collapsible_all=&#8221;true&#8221; css=&#8221;.vc_custom_1529661499056{background-color: #ffffff !important;}&#8221;][vc_tta_section title=&#8221;PROJEKTOVANJE I IZGRADNJA AUTOPUTA BANJA LUKA \u2013 DOBOJ [&hellip;]<\/p>\n","protected":false},"author":2,"featured_media":0,"parent":0,"menu_order":0,"comment_status":"closed","ping_status":"closed","template":"","meta":{"_acf_changed":false,"_et_pb_use_builder":"","_et_pb_old_content":"","_et_gb_content_width":"","inline_featured_image":false,"footnotes":""},"class_list":["post-6932","page","type-page","status-publish","hentry"],"acf":[],"yoast_head":"<!-- This site is optimized with the Yoast SEO plugin v27.2 - https:\/\/yoast.com\/product\/yoast-seo-wordpress\/ -->\n<title>AKTUELNI PROJEKTI | Integral in\u017eenjering a.d.<\/title>\n<meta name=\"description\" content=\"Akcionarsko dru\u0161tvo Integral In\u017eenjering a.d. iz Lakta\u0161a osnovano je 1989. godine. Integral In\u017eenjering je regionalni lider u oblasti niskogradnje...\" \/>\n<meta name=\"robots\" content=\"index, follow, max-snippet:-1, max-image-preview:large, max-video-preview:-1\" \/>\n<link rel=\"canonical\" href=\"https:\/\/integral.ba\/en\/najvazniji-zavrseni-projekti\/\" \/>\n<meta property=\"og:locale\" content=\"en_US\" \/>\n<meta property=\"og:type\" content=\"article\" \/>\n<meta property=\"og:title\" content=\"AKTUELNI PROJEKTI | Integral in\u017eenjering a.d.\" \/>\n<meta property=\"og:description\" content=\"Akcionarsko dru\u0161tvo Integral In\u017eenjering a.d. iz Lakta\u0161a osnovano je 1989. godine. Integral In\u017eenjering je regionalni lider u oblasti niskogradnje...\" \/>\n<meta property=\"og:url\" content=\"https:\/\/integral.ba\/en\/najvazniji-zavrseni-projekti\/\" \/>\n<meta property=\"og:site_name\" content=\"Integral In\u017eenjering\" \/>\n<meta property=\"og:image\" content=\"https:\/\/integral.ba\/wp-content\/uploads\/2020\/08\/iic-vladicin-han.jpg\" \/>\n\t<meta property=\"og:image:width\" content=\"1200\" \/>\n\t<meta property=\"og:image:height\" content=\"630\" \/>\n\t<meta property=\"og:image:type\" content=\"image\/jpeg\" \/>\n<meta name=\"twitter:card\" content=\"summary_large_image\" \/>\n<meta name=\"twitter:label1\" content=\"Est. reading time\" \/>\n\t<meta name=\"twitter:data1\" content=\"7 minutes\" \/>\n<script type=\"application\/ld+json\" class=\"yoast-schema-graph\">{\"@context\":\"https:\/\/schema.org\",\"@graph\":[{\"@type\":\"WebPage\",\"@id\":\"https:\/\/integral.ba\/en\/najvazniji-zavrseni-projekti\/\",\"url\":\"https:\/\/integral.ba\/en\/najvazniji-zavrseni-projekti\/\",\"name\":\"AKTUELNI PROJEKTI | Integral in\u017eenjering a.d.\",\"isPartOf\":{\"@id\":\"https:\/\/integral.ba\/en\/#website\"},\"datePublished\":\"2019-06-13T10:47:07+00:00\",\"description\":\"Akcionarsko dru\u0161tvo Integral In\u017eenjering a.d. iz Lakta\u0161a osnovano je 1989. godine. Integral In\u017eenjering je regionalni lider u oblasti niskogradnje...\",\"breadcrumb\":{\"@id\":\"https:\/\/integral.ba\/en\/najvazniji-zavrseni-projekti\/#breadcrumb\"},\"inLanguage\":\"en-US\",\"potentialAction\":[{\"@type\":\"ReadAction\",\"target\":[\"https:\/\/integral.ba\/en\/najvazniji-zavrseni-projekti\/\"]}]},{\"@type\":\"BreadcrumbList\",\"@id\":\"https:\/\/integral.ba\/en\/najvazniji-zavrseni-projekti\/#breadcrumb\",\"itemListElement\":[{\"@type\":\"ListItem\",\"position\":1,\"name\":\"Home\",\"item\":\"https:\/\/integral.ba\/en\/?lang=en\"},{\"@type\":\"ListItem\",\"position\":2,\"name\":\"Najva\u017eniji zavr\u0161eni projekti\"}]},{\"@type\":\"WebSite\",\"@id\":\"https:\/\/integral.ba\/en\/#website\",\"url\":\"https:\/\/integral.ba\/en\/\",\"name\":\"Integral In\u017eenjering\",\"description\":\"iic\",\"publisher\":{\"@id\":\"https:\/\/integral.ba\/en\/#organization\"},\"potentialAction\":[{\"@type\":\"SearchAction\",\"target\":{\"@type\":\"EntryPoint\",\"urlTemplate\":\"https:\/\/integral.ba\/en\/?s={search_term_string}\"},\"query-input\":{\"@type\":\"PropertyValueSpecification\",\"valueRequired\":true,\"valueName\":\"search_term_string\"}}],\"inLanguage\":\"en-US\"},{\"@type\":\"Organization\",\"@id\":\"https:\/\/integral.ba\/en\/#organization\",\"name\":\"Integral In\u017eenjering\",\"url\":\"https:\/\/integral.ba\/en\/\",\"logo\":{\"@type\":\"ImageObject\",\"inLanguage\":\"en-US\",\"@id\":\"https:\/\/integral.ba\/en\/#\/schema\/logo\/image\/\",\"url\":\"https:\/\/integral.ba\/wp-content\/uploads\/2020\/08\/favicon.png\",\"contentUrl\":\"https:\/\/integral.ba\/wp-content\/uploads\/2020\/08\/favicon.png\",\"width\":512,\"height\":512,\"caption\":\"Integral In\u017eenjering\"},\"image\":{\"@id\":\"https:\/\/integral.ba\/en\/#\/schema\/logo\/image\/\"},\"sameAs\":[\"https:\/\/www.youtube.com\/user\/IntegralGrupa\",\"https:\/\/sr.wikipedia.org\/sr-el\/\u0418\u043d\u0442\u0435\u0433\u0440\u0430\u043b_\u0438\u043d\u0436\u0435\u045a\u0435\u0440\u0438\u043d\u0433\"]}]}<\/script>\n<!-- \/ Yoast SEO plugin. -->","yoast_head_json":{"title":"AKTUELNI PROJEKTI | Integral in\u017eenjering a.d.","description":"Akcionarsko dru\u0161tvo Integral In\u017eenjering a.d. iz Lakta\u0161a osnovano je 1989. godine. Integral In\u017eenjering je regionalni lider u oblasti niskogradnje...","robots":{"index":"index","follow":"follow","max-snippet":"max-snippet:-1","max-image-preview":"max-image-preview:large","max-video-preview":"max-video-preview:-1"},"canonical":"https:\/\/integral.ba\/en\/najvazniji-zavrseni-projekti\/","og_locale":"en_US","og_type":"article","og_title":"AKTUELNI PROJEKTI | Integral in\u017eenjering a.d.","og_description":"Akcionarsko dru\u0161tvo Integral In\u017eenjering a.d. iz Lakta\u0161a osnovano je 1989. godine. Integral In\u017eenjering je regionalni lider u oblasti niskogradnje...","og_url":"https:\/\/integral.ba\/en\/najvazniji-zavrseni-projekti\/","og_site_name":"Integral In\u017eenjering","og_image":[{"width":1200,"height":630,"url":"https:\/\/integral.ba\/wp-content\/uploads\/2020\/08\/iic-vladicin-han.jpg","type":"image\/jpeg"}],"twitter_card":"summary_large_image","twitter_misc":{"Est. reading time":"7 minutes"},"schema":{"@context":"https:\/\/schema.org","@graph":[{"@type":"WebPage","@id":"https:\/\/integral.ba\/en\/najvazniji-zavrseni-projekti\/","url":"https:\/\/integral.ba\/en\/najvazniji-zavrseni-projekti\/","name":"AKTUELNI PROJEKTI | Integral in\u017eenjering a.d.","isPartOf":{"@id":"https:\/\/integral.ba\/en\/#website"},"datePublished":"2019-06-13T10:47:07+00:00","description":"Akcionarsko dru\u0161tvo Integral In\u017eenjering a.d. iz Lakta\u0161a osnovano je 1989. godine. Integral In\u017eenjering je regionalni lider u oblasti niskogradnje...","breadcrumb":{"@id":"https:\/\/integral.ba\/en\/najvazniji-zavrseni-projekti\/#breadcrumb"},"inLanguage":"en-US","potentialAction":[{"@type":"ReadAction","target":["https:\/\/integral.ba\/en\/najvazniji-zavrseni-projekti\/"]}]},{"@type":"BreadcrumbList","@id":"https:\/\/integral.ba\/en\/najvazniji-zavrseni-projekti\/#breadcrumb","itemListElement":[{"@type":"ListItem","position":1,"name":"Home","item":"https:\/\/integral.ba\/en\/?lang=en"},{"@type":"ListItem","position":2,"name":"Najva\u017eniji zavr\u0161eni projekti"}]},{"@type":"WebSite","@id":"https:\/\/integral.ba\/en\/#website","url":"https:\/\/integral.ba\/en\/","name":"Integral In\u017eenjering","description":"iic","publisher":{"@id":"https:\/\/integral.ba\/en\/#organization"},"potentialAction":[{"@type":"SearchAction","target":{"@type":"EntryPoint","urlTemplate":"https:\/\/integral.ba\/en\/?s={search_term_string}"},"query-input":{"@type":"PropertyValueSpecification","valueRequired":true,"valueName":"search_term_string"}}],"inLanguage":"en-US"},{"@type":"Organization","@id":"https:\/\/integral.ba\/en\/#organization","name":"Integral In\u017eenjering","url":"https:\/\/integral.ba\/en\/","logo":{"@type":"ImageObject","inLanguage":"en-US","@id":"https:\/\/integral.ba\/en\/#\/schema\/logo\/image\/","url":"https:\/\/integral.ba\/wp-content\/uploads\/2020\/08\/favicon.png","contentUrl":"https:\/\/integral.ba\/wp-content\/uploads\/2020\/08\/favicon.png","width":512,"height":512,"caption":"Integral In\u017eenjering"},"image":{"@id":"https:\/\/integral.ba\/en\/#\/schema\/logo\/image\/"},"sameAs":["https:\/\/www.youtube.com\/user\/IntegralGrupa","https:\/\/sr.wikipedia.org\/sr-el\/\u0418\u043d\u0442\u0435\u0433\u0440\u0430\u043b_\u0438\u043d\u0436\u0435\u045a\u0435\u0440\u0438\u043d\u0433"]}]}},"_links":{"self":[{"href":"https:\/\/integral.ba\/en\/wp-json\/wp\/v2\/pages\/6932","targetHints":{"allow":["GET"]}}],"collection":[{"href":"https:\/\/integral.ba\/en\/wp-json\/wp\/v2\/pages"}],"about":[{"href":"https:\/\/integral.ba\/en\/wp-json\/wp\/v2\/types\/page"}],"author":[{"embeddable":true,"href":"https:\/\/integral.ba\/en\/wp-json\/wp\/v2\/users\/2"}],"replies":[{"embeddable":true,"href":"https:\/\/integral.ba\/en\/wp-json\/wp\/v2\/comments?post=6932"}],"version-history":[{"count":0,"href":"https:\/\/integral.ba\/en\/wp-json\/wp\/v2\/pages\/6932\/revisions"}],"wp:attachment":[{"href":"https:\/\/integral.ba\/en\/wp-json\/wp\/v2\/media?parent=6932"}],"curies":[{"name":"wp","href":"https:\/\/api.w.org\/{rel}","templated":true}]}}