{"id":7349,"date":"2019-10-21T08:16:24","date_gmt":"2019-10-21T06:16:24","guid":{"rendered":"https:\/\/integral.ba\/?page_id=7349"},"modified":"2019-10-21T08:16:24","modified_gmt":"2019-10-21T06:16:24","slug":"politika-privatnosti","status":"publish","type":"page","link":"https:\/\/integral.ba\/en\/politika-privatnosti\/","title":{"rendered":"Politika privatnosti"},"content":{"rendered":"<p>[vc_row grid=&#8221;true&#8221; css=&#8221;.vc_custom_1471257151482{padding-top: 80px !important;padding-bottom: 80px !important;background-color: #363f45 !important;}&#8221;][vc_column][vc_column_text css_animation=&#8221;right-to-left&#8221;]<\/p>\n<h1 class=\"vc_custom_heading\" style=\"text-align: left;\">POLITIKA PRIVATNOSTI<\/h1>\n<p>[\/vc_column_text][\/vc_column][\/vc_row][vc_row grid=&#8221;true&#8221; css=&#8221;.vc_custom_1454570851728{padding-top: 40px !important;}&#8221;][vc_column width=&#8221;2\/3&#8243;][vc_empty_space][vc_column_text css_animation=&#8221;left-to-right&#8221; css=&#8221;.vc_custom_1571638582365{padding-top: 40px !important;}&#8221;]<strong>Koje podatke prikupljamo?<\/strong><\/p>\n<p>Integral in\u017eenjering a.d. mo\u017ee prikupiti sljede\u0107e podatke prilikom posjete sajtu:<\/p>\n<p><em>Li\u010dni identifikacioni podaci<\/em><\/p>\n<p>Li\u010dne informacije korisnika mogu se prikupiti na razli\u010dite na\u010dine. Ove informacije mogu biti vezane za aktivnosti, usluge, funkcije i resurse koji su dostupni na sajtu. Korisnici mogu da posjete sajt anonimno. Li\u010dni podaci za identifikaciju korisnika se prikupljaju jedino ukoliko postoji saglasnost korisnika. Korisnici uvijek mogu da odbiju da dostave li\u010dne podatke za identifikaciju, osim ukoliko to sprje\u010dava realizaciju neophodnih \u00a0aktivnosti na sajtu.<\/p>\n<p><em>Identifikacioni podaci koji nisu li\u010dni<\/em><\/p>\n<p>Svaki put kada korisnici posjete sajt, identifikacioni podaci koji nisu li\u010dni tako\u0111e mogu biti prikupljeni. Identifikacioni podaci koji ne slu\u017ee za li\u010dnu identifikaciju mogu da sadr\u017ee naziv pretra\u017eiva\u010da na Internetu, vrstu ra\u010dunara i tehni\u010dke informacije o korisniku prilikom posjete sajtu, kao \u0161to su informacije o operativnom sistemu, pru\u017eaocu Internet usluga i ostale relevantne informacije.<\/p>\n<p><em>Kola\u010di\u0107i Internet pretra\u017eiva\u010da<\/em><\/p>\n<p>Ovaj sajt prikuplja kola\u010di\u0107e kako bi mogu\u0107nosti sajta bile bolje prilago\u0111ene potrebama korisnika. Pored toga, internet pretra\u017eiva\u010d skladi\u0161ti kola\u010di\u0107e za potrebe vo\u0111enja evidencije posjeta sajtu. Korisnici mogu promijeniti pode\u0161avanja svog pretra\u017eiva\u010da i na taj na\u010din onemogu\u0107iti prikupljanje kola\u010di\u0107a. Tako\u0111e je mogu\u0107e aktivirati upozorenje pretra\u017eiva\u010da svaki put kada neki sajt zahtjeva kola\u010di\u0107e. Ukoliko korisnik onemogu\u0107i slanje kola\u010di\u0107a neki dijelovi sajta mo\u017eda ne\u0107e biti u funkciji.<\/p>\n<p><strong>Kako koristimo prikupljene informacije?<br \/>\n<\/strong>Integral in\u017eenjering a.d prikuplja i koristi informacije korisnika da bi stalno pobolj\u0161avao sadr\u017eaj sajta i prilago\u0111avao ga potrebama korisnika.<strong>\u00a0<\/strong><\/p>\n<p><strong>Kako \u0161titimo informacije korisnika?<\/strong><\/p>\n<p>Prilikom izrade ovog sajta implementirane su razumne mjere bezbjednosti u skladu sa najboljim praksama u ovoj oblasti\u00a0 (ISO \/ IEC 27001). Ove mjere, pored ostaloga uklju\u010duju prikupljanje, \u010duvanje i obradu podataka. Na ovaj na\u010din su li\u010dni i ostali podaci klijenata koji su prikupljeni na sajtu za\u0161ti\u0107eni od neovla\u0161tenog pristupa, promjene, otkrivanja ili uni\u0161tavanja.<\/p>\n<p><strong>Dijeljenje li\u010dnih podataka<br \/>\n<\/strong>Li\u010dni podaci ne\u0107e biti prodavani, razmjenjeni ili iznajmljeni tre\u0107im licima. Li\u010dni podaci mogu se otkriti tre\u0107im licima samo u skladu sa va\u017ee\u0107im odredbama zakona o za\u0161titi li\u010dnih podataka i drugh \u00a0va\u017ee\u0107ih propisa, koji se odnose na ovu oblast.<\/p>\n<p><strong>Za\u0161tita privatnosti li\u010dnih podataka &#8211; veb sajt<br \/>\n<\/strong>Ova politika privatnosti se odnosi samo na informacije prikupljene putem na\u0161eg sajta, a ne odnosi se na li\u010dne podatke prikupljene na druge na\u010dine.<\/p>\n<p><strong>Izmjene politike privatnosti li\u010dnih podataka<\/strong><\/p>\n<p>Integral in\u017eenjering a.d ima pravo na vr\u0161enje izmjena politike privatnosti li\u010dnih podataka u bilo kojem trenutku. U slu\u010daju promjene politike, Integral in\u017eenjering a.d \u0107e informisati korisnike o izmjenama putem obavje\u0161tenja na po\u010detnoj strani sajta. Ovo obavje\u0161tenje \u0107e tako\u0111e sadr\u017eati i datum od kojeg \u0107e po\u010deti primjena nove politike privatnosti. Molimo korisnike da redovno posje\u0107uju stranicu kako bi blagovremeno bili informisani o svim izmjenama politike privatnosti. Kori\u0161\u0107enjem sajta korisnik prihvata odgovornost za redovnu provjeru sajta kako bi se informisao o izmjenama politike privatnosti.<\/p>\n<p><strong>Prihvatanje uslova<\/strong><\/p>\n<p>Kori\u0161\u0107enjem ovog sajta, korisnik je saglasan sa politikom privatnosti li\u010dnih podataka na sajtu. Ukoliko se ne sla\u017eete s politikom, nemojte koristiti na\u0161 sajt. Ukoliko nastavite sa kori\u0161\u0107enjem sajta, smatra\u0107e se da ste saglasni sa svim odredbama va\u017ee\u0107e politike privatnosti.<\/p>\n<p>&nbsp;<\/p>\n<p><strong>Kontakt<\/strong><\/p>\n<p>Ukoliko imate pitanja u vezi sa politikom privatnosti li\u010dnih podataka kontaktirajte nas na:<\/p>\n<p>Integral in\u017eenjering a.d.<br \/>\nTrg Republike Srpske 8\/XII,78000 Banja Luka; Republika Srpska, BiH<br \/>\ntel. + <a href=\"tel:+38751337401\">387 (0)51 337 401<\/a><\/p>\n<p><a href=\"mailto:iicbl@integragrupa.com\">iicbl@integragrupa.com<\/a><\/p>\n<p>[\/vc_column_text][\/vc_column][vc_column width=&#8221;1\/3&#8243;][\/vc_column][\/vc_row]<\/p>\n","protected":false},"excerpt":{"rendered":"<p>[vc_row grid=&#8221;true&#8221; css=&#8221;.vc_custom_1471257151482{padding-top: 80px !important;padding-bottom: 80px !important;background-color: #363f45 !important;}&#8221;][vc_column][vc_column_text css_animation=&#8221;right-to-left&#8221;] POLITIKA PRIVATNOSTI [\/vc_column_text][\/vc_column][\/vc_row][vc_row grid=&#8221;true&#8221; css=&#8221;.vc_custom_1454570851728{padding-top: 40px !important;}&#8221;][vc_column width=&#8221;2\/3&#8243;][vc_empty_space][vc_column_text css_animation=&#8221;left-to-right&#8221; css=&#8221;.vc_custom_1571638582365{padding-top: 40px !important;}&#8221;]Koje podatke prikupljamo? Integral in\u017eenjering a.d. mo\u017ee prikupiti sljede\u0107e podatke prilikom posjete sajtu: Li\u010dni identifikacioni podaci Li\u010dne informacije korisnika mogu se prikupiti na razli\u010dite na\u010dine. Ove informacije mogu biti vezane za aktivnosti, usluge, funkcije [&hellip;]<\/p>\n","protected":false},"author":2,"featured_media":0,"parent":0,"menu_order":0,"comment_status":"closed","ping_status":"closed","template":"page-templates\/page-fullwidth.php","meta":{"_acf_changed":false,"_et_pb_use_builder":"","_et_pb_old_content":"","_et_gb_content_width":"","inline_featured_image":false,"footnotes":""},"class_list":["post-7349","page","type-page","status-publish","hentry"],"acf":[],"yoast_head":"<!-- This site is optimized with the Yoast SEO plugin v27.4 - https:\/\/yoast.com\/product\/yoast-seo-wordpress\/ -->\n<title>ZAOKRU\u017dEN POSLOVNI KONCEPT | Integral in\u017eenjering a.d.<\/title>\n<meta name=\"description\" content=\"Integral In\u017eenjering a.d. je potpuno zatvorio krug kriti\u010dnih elemenata neophodnih za uspje\u0161no poslovanje u sektoru gra\u0111evinarstva...\" \/>\n<meta name=\"robots\" content=\"index, follow, max-snippet:-1, max-image-preview:large, max-video-preview:-1\" \/>\n<link rel=\"canonical\" href=\"https:\/\/integral.ba\/en\/politika-privatnosti\/\" \/>\n<meta property=\"og:locale\" content=\"en_US\" \/>\n<meta property=\"og:type\" content=\"article\" \/>\n<meta property=\"og:title\" content=\"ZAOKRU\u017dEN POSLOVNI KONCEPT | Integral in\u017eenjering a.d.\" \/>\n<meta property=\"og:description\" content=\"Integral In\u017eenjering a.d. je potpuno zatvorio krug kriti\u010dnih elemenata neophodnih za uspje\u0161no poslovanje u sektoru gra\u0111evinarstva...\" \/>\n<meta property=\"og:url\" content=\"https:\/\/integral.ba\/en\/politika-privatnosti\/\" \/>\n<meta property=\"og:site_name\" content=\"Integral In\u017eenjering\" \/>\n<meta property=\"og:image\" content=\"https:\/\/integral.ba\/wp-content\/uploads\/2020\/08\/iic-vladicin-han.jpg\" \/>\n\t<meta property=\"og:image:width\" content=\"1200\" \/>\n\t<meta property=\"og:image:height\" content=\"630\" \/>\n\t<meta property=\"og:image:type\" content=\"image\/jpeg\" \/>\n<meta name=\"twitter:card\" content=\"summary_large_image\" \/>\n<meta name=\"twitter:label1\" content=\"Est. reading time\" \/>\n\t<meta name=\"twitter:data1\" content=\"3 minutes\" \/>\n<script type=\"application\/ld+json\" class=\"yoast-schema-graph\">{\"@context\":\"https:\\\/\\\/schema.org\",\"@graph\":[{\"@type\":\"WebPage\",\"@id\":\"https:\\\/\\\/integral.ba\\\/en\\\/politika-privatnosti\\\/\",\"url\":\"https:\\\/\\\/integral.ba\\\/en\\\/politika-privatnosti\\\/\",\"name\":\"ZAOKRU\u017dEN POSLOVNI KONCEPT | Integral in\u017eenjering a.d.\",\"isPartOf\":{\"@id\":\"https:\\\/\\\/integral.ba\\\/en\\\/#website\"},\"datePublished\":\"2019-10-21T06:16:24+00:00\",\"description\":\"Integral In\u017eenjering a.d. je potpuno zatvorio krug kriti\u010dnih elemenata neophodnih za uspje\u0161no poslovanje u sektoru gra\u0111evinarstva...\",\"breadcrumb\":{\"@id\":\"https:\\\/\\\/integral.ba\\\/en\\\/politika-privatnosti\\\/#breadcrumb\"},\"inLanguage\":\"en-US\",\"potentialAction\":[{\"@type\":\"ReadAction\",\"target\":[\"https:\\\/\\\/integral.ba\\\/en\\\/politika-privatnosti\\\/\"]}]},{\"@type\":\"BreadcrumbList\",\"@id\":\"https:\\\/\\\/integral.ba\\\/en\\\/politika-privatnosti\\\/#breadcrumb\",\"itemListElement\":[{\"@type\":\"ListItem\",\"position\":1,\"name\":\"Home\",\"item\":\"https:\\\/\\\/integral.ba\\\/en\\\/?lang=en\"},{\"@type\":\"ListItem\",\"position\":2,\"name\":\"Politika privatnosti\"}]},{\"@type\":\"WebSite\",\"@id\":\"https:\\\/\\\/integral.ba\\\/en\\\/#website\",\"url\":\"https:\\\/\\\/integral.ba\\\/en\\\/\",\"name\":\"Integral In\u017eenjering\",\"description\":\"iic\",\"publisher\":{\"@id\":\"https:\\\/\\\/integral.ba\\\/en\\\/#organization\"},\"potentialAction\":[{\"@type\":\"SearchAction\",\"target\":{\"@type\":\"EntryPoint\",\"urlTemplate\":\"https:\\\/\\\/integral.ba\\\/en\\\/?s={search_term_string}\"},\"query-input\":{\"@type\":\"PropertyValueSpecification\",\"valueRequired\":true,\"valueName\":\"search_term_string\"}}],\"inLanguage\":\"en-US\"},{\"@type\":\"Organization\",\"@id\":\"https:\\\/\\\/integral.ba\\\/en\\\/#organization\",\"name\":\"Integral In\u017eenjering\",\"url\":\"https:\\\/\\\/integral.ba\\\/en\\\/\",\"logo\":{\"@type\":\"ImageObject\",\"inLanguage\":\"en-US\",\"@id\":\"https:\\\/\\\/integral.ba\\\/en\\\/#\\\/schema\\\/logo\\\/image\\\/\",\"url\":\"https:\\\/\\\/integral.ba\\\/wp-content\\\/uploads\\\/2020\\\/08\\\/favicon.png\",\"contentUrl\":\"https:\\\/\\\/integral.ba\\\/wp-content\\\/uploads\\\/2020\\\/08\\\/favicon.png\",\"width\":512,\"height\":512,\"caption\":\"Integral In\u017eenjering\"},\"image\":{\"@id\":\"https:\\\/\\\/integral.ba\\\/en\\\/#\\\/schema\\\/logo\\\/image\\\/\"},\"sameAs\":[\"https:\\\/\\\/www.youtube.com\\\/user\\\/IntegralGrupa\",\"https:\\\/\\\/sr.wikipedia.org\\\/sr-el\\\/\u0418\u043d\u0442\u0435\u0433\u0440\u0430\u043b_\u0438\u043d\u0436\u0435\u045a\u0435\u0440\u0438\u043d\u0433\"]}]}<\/script>\n<!-- \/ Yoast SEO plugin. -->","yoast_head_json":{"title":"ZAOKRU\u017dEN POSLOVNI KONCEPT | Integral in\u017eenjering a.d.","description":"Integral In\u017eenjering a.d. je potpuno zatvorio krug kriti\u010dnih elemenata neophodnih za uspje\u0161no poslovanje u sektoru gra\u0111evinarstva...","robots":{"index":"index","follow":"follow","max-snippet":"max-snippet:-1","max-image-preview":"max-image-preview:large","max-video-preview":"max-video-preview:-1"},"canonical":"https:\/\/integral.ba\/en\/politika-privatnosti\/","og_locale":"en_US","og_type":"article","og_title":"ZAOKRU\u017dEN POSLOVNI KONCEPT | Integral in\u017eenjering a.d.","og_description":"Integral In\u017eenjering a.d. je potpuno zatvorio krug kriti\u010dnih elemenata neophodnih za uspje\u0161no poslovanje u sektoru gra\u0111evinarstva...","og_url":"https:\/\/integral.ba\/en\/politika-privatnosti\/","og_site_name":"Integral In\u017eenjering","og_image":[{"width":1200,"height":630,"url":"https:\/\/integral.ba\/wp-content\/uploads\/2020\/08\/iic-vladicin-han.jpg","type":"image\/jpeg"}],"twitter_card":"summary_large_image","twitter_misc":{"Est. reading time":"3 minutes"},"schema":{"@context":"https:\/\/schema.org","@graph":[{"@type":"WebPage","@id":"https:\/\/integral.ba\/en\/politika-privatnosti\/","url":"https:\/\/integral.ba\/en\/politika-privatnosti\/","name":"ZAOKRU\u017dEN POSLOVNI KONCEPT | Integral in\u017eenjering a.d.","isPartOf":{"@id":"https:\/\/integral.ba\/en\/#website"},"datePublished":"2019-10-21T06:16:24+00:00","description":"Integral In\u017eenjering a.d. je potpuno zatvorio krug kriti\u010dnih elemenata neophodnih za uspje\u0161no poslovanje u sektoru gra\u0111evinarstva...","breadcrumb":{"@id":"https:\/\/integral.ba\/en\/politika-privatnosti\/#breadcrumb"},"inLanguage":"en-US","potentialAction":[{"@type":"ReadAction","target":["https:\/\/integral.ba\/en\/politika-privatnosti\/"]}]},{"@type":"BreadcrumbList","@id":"https:\/\/integral.ba\/en\/politika-privatnosti\/#breadcrumb","itemListElement":[{"@type":"ListItem","position":1,"name":"Home","item":"https:\/\/integral.ba\/en\/?lang=en"},{"@type":"ListItem","position":2,"name":"Politika privatnosti"}]},{"@type":"WebSite","@id":"https:\/\/integral.ba\/en\/#website","url":"https:\/\/integral.ba\/en\/","name":"Integral In\u017eenjering","description":"iic","publisher":{"@id":"https:\/\/integral.ba\/en\/#organization"},"potentialAction":[{"@type":"SearchAction","target":{"@type":"EntryPoint","urlTemplate":"https:\/\/integral.ba\/en\/?s={search_term_string}"},"query-input":{"@type":"PropertyValueSpecification","valueRequired":true,"valueName":"search_term_string"}}],"inLanguage":"en-US"},{"@type":"Organization","@id":"https:\/\/integral.ba\/en\/#organization","name":"Integral In\u017eenjering","url":"https:\/\/integral.ba\/en\/","logo":{"@type":"ImageObject","inLanguage":"en-US","@id":"https:\/\/integral.ba\/en\/#\/schema\/logo\/image\/","url":"https:\/\/integral.ba\/wp-content\/uploads\/2020\/08\/favicon.png","contentUrl":"https:\/\/integral.ba\/wp-content\/uploads\/2020\/08\/favicon.png","width":512,"height":512,"caption":"Integral In\u017eenjering"},"image":{"@id":"https:\/\/integral.ba\/en\/#\/schema\/logo\/image\/"},"sameAs":["https:\/\/www.youtube.com\/user\/IntegralGrupa","https:\/\/sr.wikipedia.org\/sr-el\/\u0418\u043d\u0442\u0435\u0433\u0440\u0430\u043b_\u0438\u043d\u0436\u0435\u045a\u0435\u0440\u0438\u043d\u0433"]}]}},"_links":{"self":[{"href":"https:\/\/integral.ba\/en\/wp-json\/wp\/v2\/pages\/7349","targetHints":{"allow":["GET"]}}],"collection":[{"href":"https:\/\/integral.ba\/en\/wp-json\/wp\/v2\/pages"}],"about":[{"href":"https:\/\/integral.ba\/en\/wp-json\/wp\/v2\/types\/page"}],"author":[{"embeddable":true,"href":"https:\/\/integral.ba\/en\/wp-json\/wp\/v2\/users\/2"}],"replies":[{"embeddable":true,"href":"https:\/\/integral.ba\/en\/wp-json\/wp\/v2\/comments?post=7349"}],"version-history":[{"count":0,"href":"https:\/\/integral.ba\/en\/wp-json\/wp\/v2\/pages\/7349\/revisions"}],"wp:attachment":[{"href":"https:\/\/integral.ba\/en\/wp-json\/wp\/v2\/media?parent=7349"}],"curies":[{"name":"wp","href":"https:\/\/api.w.org\/{rel}","templated":true}]}}