{"id":8740,"date":"2019-11-16T09:38:25","date_gmt":"2019-11-16T08:38:25","guid":{"rendered":"https:\/\/integral.ba\/?page_id=8740"},"modified":"2020-05-12T13:01:17","modified_gmt":"2020-05-12T11:01:17","slug":"privacy-policy","status":"publish","type":"page","link":"https:\/\/integral.ba\/en\/about-us\/privacy-policy\/","title":{"rendered":"Privacy policy"},"content":{"rendered":"<p>[et_pb_section fb_built=&#8221;1&#8243; fullwidth=&#8221;on&#8221; admin_label=&#8221;Section&#8221; _builder_version=&#8221;4.4.6&#8243; use_background_color_gradient=&#8221;on&#8221; background_color_gradient_start=&#8221;rgba(16,21,81,0)&#8221; background_color_gradient_end=&#8221;rgba(20,1,0,0.57)&#8221; background_color_gradient_overlays_image=&#8221;on&#8221; custom_margin=&#8221;||0px||false|false&#8221; custom_padding=&#8221;||0px||false|false&#8221; hover_enabled=&#8221;0&#8243; locked=&#8221;off&#8221; title_text=&#8221;stock-footage-blue-futuristic-stream-digital-data-flow-creative-abstract-background-dynamic-pattern-with-power&#8221; background_video_mp4=&#8221;https:\/\/integral.ba\/wp-content\/uploads\/2020\/05\/stock-footage-blue-futuristic-stream-digital-data-flow-creative-abstract-background-dynamic-pattern-with-power.mp4&#8243;][et_pb_fullwidth_header title=&#8221;PRIVACY POLICY&#8221; _builder_version=&#8221;4.4.6&#8243; title_font=&#8221;Raleway|900||on|||||&#8221; title_text_align=&#8221;left&#8221; title_font_size=&#8221;3vw&#8221; background_enable_color=&#8221;off&#8221; custom_padding=&#8221;15vw||1vw||false|false&#8221; animation_style=&#8221;slide&#8221; animation_direction=&#8221;bottom&#8221; animation_intensity_slide=&#8221;5%&#8221; hover_enabled=&#8221;0&#8243; title_font_size_tablet=&#8221;7vw&#8221; title_font_size_phone=&#8221;9vw&#8221; title_font_size_last_edited=&#8221;on|phone&#8221;][\/et_pb_fullwidth_header][\/et_pb_section][et_pb_section fb_built=&#8221;1&#8243; admin_label=&#8221;section&#8221; _builder_version=&#8221;3.22&#8243;][et_pb_row admin_label=&#8221;row&#8221; _builder_version=&#8221;3.25&#8243; background_size=&#8221;initial&#8221; background_position=&#8221;top_left&#8221; background_repeat=&#8221;repeat&#8221;][et_pb_column type=&#8221;4_4&#8243; _builder_version=&#8221;3.25&#8243; custom_padding=&#8221;|||&#8221; custom_padding__hover=&#8221;|||&#8221;][et_pb_text admin_label=&#8221;Text&#8221; _builder_version=&#8221;4.4.5&#8243; text_font_size=&#8221;1.2vw&#8221; text_line_height=&#8221;1.8vw&#8221; header_4_font=&#8221;|700|||||||&#8221; header_4_text_color=&#8221;#504d4f&#8221; header_4_font_size=&#8221;39px&#8221; background_size=&#8221;initial&#8221; background_position=&#8221;top_left&#8221; background_repeat=&#8221;repeat&#8221; custom_margin=&#8221;||45px||false|false&#8221; animation_style=&#8221;slide&#8221; animation_direction=&#8221;left&#8221; animation_intensity_slide=&#8221;4%&#8221; text_font_size_tablet=&#8221;2.9vw&#8221; text_font_size_phone=&#8221;4vw&#8221; text_font_size_last_edited=&#8221;on|desktop&#8221; text_line_height_tablet=&#8221;3.9vw&#8221; text_line_height_phone=&#8221;5.3vw&#8221; text_line_height_last_edited=&#8221;on|phone&#8221;]<\/p>\n<p><strong>What information do we collect from visitors of the website?\u00a0<\/strong><\/p>\n<p>Integral in\u017eenjering plc may collect following \u00a0personal information from visitors of the website:<\/p>\n<p><em>Personal identification information<br \/><\/em><br \/>We may collect personal information from visitors in a variety of ways. These personal information may be\u00a0 related to activities, services, features or resources, which are available on our site. Visitors may visit our site anonymously. We will collect personal identification information from visitors only if they voluntarily submit such information to us. Visitors can always refuse to supply personally identification information, except that it may prevent them from engaging in certain site related activities.<\/p>\n<p><em>Non-personal identification information<br \/><\/em><br \/>We may collect non-personal identification information about visitors whenever they interact with our site. Non-personal identification information may include the browser name, the type of computer and technical information about visitor\u2019s means of connection to our site \u2013 such as the operating system, the Internet service providers utilized and other similar information.<\/p>\n<p><em>Web browser cookies\u00a0<\/em><br \/>Our site may use \u201ccookies\u201d to enhance visitor\u2019s experience. Visitor\u2019s web browser places cookies on their hard drive for record-keeping purposes and sometimes to track information about them. Visitor may choose to set their web browser to refuse cookies, or to alert you when cookies are being sent. If they do so, note that some parts of the site may not function properly.<\/p>\n<p><strong>How do we use collected information?<\/strong><br \/>Integral in\u017eenjering plc collects and uses collected information in order to continually\u00a0 improve its content and to tailor it to visitor\u2019s interests;<\/p>\n<p><strong>How do we protect your information?<br \/><\/strong>We have aplied reasonable security measures in line with best practises in this area (ISO \/ IEC 27001). Among others, these security measures include data collection, data storage and data processing practices aimed to protect against unauthorized access, alteration, disclosure or destruction of your personal and non personal information data stored on our site.<\/p>\n<p><strong>Sharing of your personal information<br \/><\/strong>We do not sell, trade, or rent visitors personal identification information to others. Personal data can be shared only in compliance with legal requirements stipulated in applicable data protection legislation, as well as all relevant regulations regarding this matter.<\/p>\n<p><strong>Online Privacy Policy Only<\/strong><br \/>This online privacy policy applies only to information collected through our website and not to information collected offline.<\/p>\n<p><strong>Changes to this privacy policy<\/strong><br \/>Integral in\u017eenjering plc has the discretion to update this privacy policy at any time. When we do, we will post a notification on the main page of our webite. The notification will include the applicable date of the change. We encourage visitors to frequently check this page for any changes to stay informed about all changes of this privacy policy. You acknowledge and agree that it is your responsibility to review this privacy policy periodically and become aware of its modifications.<\/p>\n<p><strong>Your acceptance of these terms<\/strong><br \/>By using this site, you signify your acceptance of this privacy policy. If you do not agree to this policy, please do not use our site. Your continued use of the site will be deemed as your acceptance of all actual\u00a0 privacy policy terms.<\/p>\n<p><strong>Contact<\/strong><br \/>If you have any questions about this privacy policy, please contact us at:<\/p>\n<p>Integral in\u017eenjering plc<br \/>Omladinska 44, 78250 Lakta\u0161i, Republika Srpska, BiH<br \/>phone:<span>\u00a0<\/span><a>+385 51 337 001<\/a><u><br \/><\/u><a>iicbl@integragrupa.com<\/a><\/p>\n<p>[\/et_pb_text][\/et_pb_column][\/et_pb_row][\/et_pb_section]<\/p>\n","protected":false},"excerpt":{"rendered":"<p>What information do we collect from visitors of the website?\u00a0 Integral in\u017eenjering plc may collect following \u00a0personal information from visitors of the website: Personal identification informationWe may collect personal information from visitors in a variety of ways. These personal information may be\u00a0 related to activities, services, features or resources, which are available on our site. [&hellip;]<\/p>\n","protected":false},"author":2,"featured_media":0,"parent":8727,"menu_order":0,"comment_status":"closed","ping_status":"closed","template":"","meta":{"_acf_changed":false,"_et_pb_use_builder":"on","_et_pb_old_content":"[vc_row grid=\"true\" css=\".vc_custom_1528099813786{padding-top: 80px !important;padding-bottom: 80px !important;background: #fdca22 url(https:\/\/integral.ba\/wp-content\/uploads\/2018\/06\/bg25-1.jpg?id=5628) !important;}\" min_height=\"100px\"][vc_column][vc_column_text css_animation=\"right-to-left\"]\r\n<h1 class=\"vc_custom_heading\" style=\"text-align: left;\">TOP MENAD\u017dMENT\u2026<\/h1>\r\n[\/vc_column_text][\/vc_column][\/vc_row][vc_row grid=\"true\" css=\".vc_custom_1473872435550{padding-top: 40px !important;padding-bottom: 0px !important;}\"][vc_column][vc_empty_space][vc_column_text css_animation=\"appear\"]\r\n<h2><strong>\u2026sa vizijom i zna\u010dajnim me\u0111unarodnim iskustvom \u010dine:<\/strong><\/h2>\r\n<strong>Slobodan Stankovi\u0107<\/strong>, Direktor\r\n<strong>Maja Pra\u0161talo<\/strong>, Zamjenik direktora\r\n<strong>Tamara Regodi\u0107 Stankovi\u0107<\/strong>, Zamjenik direktora\r\n<strong>Dragan Jevtovi\u0107<\/strong>, Izvr\u0161ni direktor za tehni\u010dke poslove\r\n<strong>Vlajko Nikoli\u0107<\/strong>, Izvr\u0161ni direktor za mehanizaciju\r\n<strong>Zdravko Pra\u0161talo<\/strong>, Izvr\u0161ni direktor za stabilna postrojenja i proizvodnju gra\u0111evinskog materijala\r\n<strong>Angelina Ivanovi\u0107<\/strong>, Izvr\u0161ni direktor za finansijske poslove\r\n<strong>Nikola Radovanovi\u0107<\/strong>, Izvr\u0161ni direktor za marketing\r\n<strong>Biljana Kondi\u0107<\/strong>, Izvr\u0161ni direktor za pravne, kadrovske i op\u0161te poslove\r\n<strong>Radivoje Kuli\u0107<\/strong>, Direktor, Poslovna jedinica \"Integral\" Sarajevo\r\n<strong>Hamdija Lipova\u010da<\/strong>, Direktor, Poslovna jednica \u201cIntegral\u201d Biha\u0107\r\n<strong>Mitar Vukovi\u0107<\/strong>, Direktor, Ogranak Integral in\u017eenjering\u00a0Ni\u0161\r\n<strong>Vladimir Ma\u010dki\u0107<\/strong>, Direktor, Integral in\u017eenjering d.o.o. Beograd\r\n<strong>Damjan Kralj<\/strong>, Direktor, Integral in\u017eenjering a.d. \u2013 Podru\u017enica Zabok za gra\u0111enje[\/vc_column_text][vc_row_inner][vc_column_inner width=\"1\/4\"][\/vc_column_inner][vc_column_inner width=\"1\/2\"][vc_single_image image=\"5619\" img_size=\"full\" alignment=\"center\" css_animation=\"bottom-to-top\"][\/vc_column_inner][vc_column_inner width=\"1\/4\"][\/vc_column_inner][\/vc_row_inner][\/vc_column][\/vc_row]","_et_gb_content_width":"","inline_featured_image":false,"footnotes":""},"class_list":["post-8740","page","type-page","status-publish","hentry"],"acf":[],"yoast_head":"<!-- This site is optimized with the Yoast SEO plugin v27.2 - https:\/\/yoast.com\/product\/yoast-seo-wordpress\/ -->\n<title>TOP MENAD\u017dMENT | Integral in\u017eenjering a.d.<\/title>\n<meta name=\"description\" content=\"Top menad\u017eement sa vizijom i zna\u010dajnim me\u0111unarodnim iskustvom \u010dine...\" \/>\n<meta name=\"robots\" content=\"index, follow, max-snippet:-1, max-image-preview:large, max-video-preview:-1\" \/>\n<link rel=\"canonical\" href=\"https:\/\/integral.ba\/en\/about-us\/privacy-policy\/\" \/>\n<meta property=\"og:locale\" content=\"en_US\" \/>\n<meta property=\"og:type\" content=\"article\" \/>\n<meta property=\"og:title\" content=\"TOP MENAD\u017dMENT | Integral in\u017eenjering a.d.\" \/>\n<meta property=\"og:description\" content=\"Top menad\u017eement sa vizijom i zna\u010dajnim me\u0111unarodnim iskustvom \u010dine...\" \/>\n<meta property=\"og:url\" content=\"https:\/\/integral.ba\/en\/about-us\/privacy-policy\/\" \/>\n<meta property=\"og:site_name\" content=\"Integral In\u017eenjering\" \/>\n<meta property=\"article:modified_time\" content=\"2020-05-12T11:01:17+00:00\" \/>\n<meta property=\"og:image\" content=\"https:\/\/integral.ba\/wp-content\/uploads\/2020\/08\/iic-vladicin-han.jpg\" \/>\n\t<meta property=\"og:image:width\" content=\"1200\" \/>\n\t<meta property=\"og:image:height\" content=\"630\" \/>\n\t<meta property=\"og:image:type\" content=\"image\/jpeg\" \/>\n<meta name=\"twitter:card\" content=\"summary_large_image\" \/>\n<meta name=\"twitter:label1\" content=\"Est. reading time\" \/>\n\t<meta name=\"twitter:data1\" content=\"4 minutes\" \/>\n<script type=\"application\/ld+json\" class=\"yoast-schema-graph\">{\"@context\":\"https:\/\/schema.org\",\"@graph\":[{\"@type\":\"WebPage\",\"@id\":\"https:\/\/integral.ba\/en\/about-us\/privacy-policy\/\",\"url\":\"https:\/\/integral.ba\/en\/about-us\/privacy-policy\/\",\"name\":\"TOP MENAD\u017dMENT | Integral in\u017eenjering a.d.\",\"isPartOf\":{\"@id\":\"https:\/\/integral.ba\/en\/#website\"},\"datePublished\":\"2019-11-16T08:38:25+00:00\",\"dateModified\":\"2020-05-12T11:01:17+00:00\",\"description\":\"Top menad\u017eement sa vizijom i zna\u010dajnim me\u0111unarodnim iskustvom \u010dine...\",\"breadcrumb\":{\"@id\":\"https:\/\/integral.ba\/en\/about-us\/privacy-policy\/#breadcrumb\"},\"inLanguage\":\"en-US\",\"potentialAction\":[{\"@type\":\"ReadAction\",\"target\":[\"https:\/\/integral.ba\/en\/about-us\/privacy-policy\/\"]}]},{\"@type\":\"BreadcrumbList\",\"@id\":\"https:\/\/integral.ba\/en\/about-us\/privacy-policy\/#breadcrumb\",\"itemListElement\":[{\"@type\":\"ListItem\",\"position\":1,\"name\":\"Home\",\"item\":\"https:\/\/integral.ba\/en\/?lang=en\"},{\"@type\":\"ListItem\",\"position\":2,\"name\":\"About us\",\"item\":\"https:\/\/integral.ba\/en\/about-us\/?lang=en\"},{\"@type\":\"ListItem\",\"position\":3,\"name\":\"Privacy policy\"}]},{\"@type\":\"WebSite\",\"@id\":\"https:\/\/integral.ba\/en\/#website\",\"url\":\"https:\/\/integral.ba\/en\/\",\"name\":\"Integral In\u017eenjering\",\"description\":\"iic\",\"publisher\":{\"@id\":\"https:\/\/integral.ba\/en\/#organization\"},\"potentialAction\":[{\"@type\":\"SearchAction\",\"target\":{\"@type\":\"EntryPoint\",\"urlTemplate\":\"https:\/\/integral.ba\/en\/?s={search_term_string}\"},\"query-input\":{\"@type\":\"PropertyValueSpecification\",\"valueRequired\":true,\"valueName\":\"search_term_string\"}}],\"inLanguage\":\"en-US\"},{\"@type\":\"Organization\",\"@id\":\"https:\/\/integral.ba\/en\/#organization\",\"name\":\"Integral In\u017eenjering\",\"url\":\"https:\/\/integral.ba\/en\/\",\"logo\":{\"@type\":\"ImageObject\",\"inLanguage\":\"en-US\",\"@id\":\"https:\/\/integral.ba\/en\/#\/schema\/logo\/image\/\",\"url\":\"https:\/\/integral.ba\/wp-content\/uploads\/2020\/08\/favicon.png\",\"contentUrl\":\"https:\/\/integral.ba\/wp-content\/uploads\/2020\/08\/favicon.png\",\"width\":512,\"height\":512,\"caption\":\"Integral In\u017eenjering\"},\"image\":{\"@id\":\"https:\/\/integral.ba\/en\/#\/schema\/logo\/image\/\"},\"sameAs\":[\"https:\/\/www.youtube.com\/user\/IntegralGrupa\",\"https:\/\/sr.wikipedia.org\/sr-el\/\u0418\u043d\u0442\u0435\u0433\u0440\u0430\u043b_\u0438\u043d\u0436\u0435\u045a\u0435\u0440\u0438\u043d\u0433\"]}]}<\/script>\n<!-- \/ Yoast SEO plugin. -->","yoast_head_json":{"title":"TOP MENAD\u017dMENT | Integral in\u017eenjering a.d.","description":"Top menad\u017eement sa vizijom i zna\u010dajnim me\u0111unarodnim iskustvom \u010dine...","robots":{"index":"index","follow":"follow","max-snippet":"max-snippet:-1","max-image-preview":"max-image-preview:large","max-video-preview":"max-video-preview:-1"},"canonical":"https:\/\/integral.ba\/en\/about-us\/privacy-policy\/","og_locale":"en_US","og_type":"article","og_title":"TOP MENAD\u017dMENT | Integral in\u017eenjering a.d.","og_description":"Top menad\u017eement sa vizijom i zna\u010dajnim me\u0111unarodnim iskustvom \u010dine...","og_url":"https:\/\/integral.ba\/en\/about-us\/privacy-policy\/","og_site_name":"Integral In\u017eenjering","article_modified_time":"2020-05-12T11:01:17+00:00","og_image":[{"width":1200,"height":630,"url":"https:\/\/integral.ba\/wp-content\/uploads\/2020\/08\/iic-vladicin-han.jpg","type":"image\/jpeg"}],"twitter_card":"summary_large_image","twitter_misc":{"Est. reading time":"4 minutes"},"schema":{"@context":"https:\/\/schema.org","@graph":[{"@type":"WebPage","@id":"https:\/\/integral.ba\/en\/about-us\/privacy-policy\/","url":"https:\/\/integral.ba\/en\/about-us\/privacy-policy\/","name":"TOP MENAD\u017dMENT | Integral in\u017eenjering a.d.","isPartOf":{"@id":"https:\/\/integral.ba\/en\/#website"},"datePublished":"2019-11-16T08:38:25+00:00","dateModified":"2020-05-12T11:01:17+00:00","description":"Top menad\u017eement sa vizijom i zna\u010dajnim me\u0111unarodnim iskustvom \u010dine...","breadcrumb":{"@id":"https:\/\/integral.ba\/en\/about-us\/privacy-policy\/#breadcrumb"},"inLanguage":"en-US","potentialAction":[{"@type":"ReadAction","target":["https:\/\/integral.ba\/en\/about-us\/privacy-policy\/"]}]},{"@type":"BreadcrumbList","@id":"https:\/\/integral.ba\/en\/about-us\/privacy-policy\/#breadcrumb","itemListElement":[{"@type":"ListItem","position":1,"name":"Home","item":"https:\/\/integral.ba\/en\/?lang=en"},{"@type":"ListItem","position":2,"name":"About us","item":"https:\/\/integral.ba\/en\/about-us\/?lang=en"},{"@type":"ListItem","position":3,"name":"Privacy policy"}]},{"@type":"WebSite","@id":"https:\/\/integral.ba\/en\/#website","url":"https:\/\/integral.ba\/en\/","name":"Integral In\u017eenjering","description":"iic","publisher":{"@id":"https:\/\/integral.ba\/en\/#organization"},"potentialAction":[{"@type":"SearchAction","target":{"@type":"EntryPoint","urlTemplate":"https:\/\/integral.ba\/en\/?s={search_term_string}"},"query-input":{"@type":"PropertyValueSpecification","valueRequired":true,"valueName":"search_term_string"}}],"inLanguage":"en-US"},{"@type":"Organization","@id":"https:\/\/integral.ba\/en\/#organization","name":"Integral In\u017eenjering","url":"https:\/\/integral.ba\/en\/","logo":{"@type":"ImageObject","inLanguage":"en-US","@id":"https:\/\/integral.ba\/en\/#\/schema\/logo\/image\/","url":"https:\/\/integral.ba\/wp-content\/uploads\/2020\/08\/favicon.png","contentUrl":"https:\/\/integral.ba\/wp-content\/uploads\/2020\/08\/favicon.png","width":512,"height":512,"caption":"Integral In\u017eenjering"},"image":{"@id":"https:\/\/integral.ba\/en\/#\/schema\/logo\/image\/"},"sameAs":["https:\/\/www.youtube.com\/user\/IntegralGrupa","https:\/\/sr.wikipedia.org\/sr-el\/\u0418\u043d\u0442\u0435\u0433\u0440\u0430\u043b_\u0438\u043d\u0436\u0435\u045a\u0435\u0440\u0438\u043d\u0433"]}]}},"_links":{"self":[{"href":"https:\/\/integral.ba\/en\/wp-json\/wp\/v2\/pages\/8740","targetHints":{"allow":["GET"]}}],"collection":[{"href":"https:\/\/integral.ba\/en\/wp-json\/wp\/v2\/pages"}],"about":[{"href":"https:\/\/integral.ba\/en\/wp-json\/wp\/v2\/types\/page"}],"author":[{"embeddable":true,"href":"https:\/\/integral.ba\/en\/wp-json\/wp\/v2\/users\/2"}],"replies":[{"embeddable":true,"href":"https:\/\/integral.ba\/en\/wp-json\/wp\/v2\/comments?post=8740"}],"version-history":[{"count":4,"href":"https:\/\/integral.ba\/en\/wp-json\/wp\/v2\/pages\/8740\/revisions"}],"predecessor-version":[{"id":10851,"href":"https:\/\/integral.ba\/en\/wp-json\/wp\/v2\/pages\/8740\/revisions\/10851"}],"up":[{"embeddable":true,"href":"https:\/\/integral.ba\/en\/wp-json\/wp\/v2\/pages\/8727"}],"wp:attachment":[{"href":"https:\/\/integral.ba\/en\/wp-json\/wp\/v2\/media?parent=8740"}],"curies":[{"name":"wp","href":"https:\/\/api.w.org\/{rel}","templated":true}]}}