{"id":9102,"date":"2019-11-20T11:44:45","date_gmt":"2019-11-20T10:44:45","guid":{"rendered":"https:\/\/integral.ba\/?page_id=9102"},"modified":"2020-10-13T11:44:54","modified_gmt":"2020-10-13T09:44:54","slug":"human-resources","status":"publish","type":"page","link":"https:\/\/integral.ba\/en\/our-strenght\/human-resources\/","title":{"rendered":"Human resources"},"content":{"rendered":"<p>[et_pb_section fb_built=&#8221;1&#8243; fullwidth=&#8221;on&#8221; admin_label=&#8221;Section&#8221; _builder_version=&#8221;4.6.5&#8243; background_image=&#8221;https:\/\/integral.ba\/wp-content\/uploads\/2019\/11\/ljudski_resursi-2.jpg&#8221; hover_enabled=&#8221;0&#8243; locked=&#8221;off&#8221; animation_style=&#8221;fade&#8221; sticky_enabled=&#8221;0&#8243; animation_delay=&#8221;150ms&#8221; animation_speed_curve=&#8221;linear&#8221;][et_pb_fullwidth_header title=&#8221;HUMAN RESOURCES&#8221; _builder_version=&#8221;4.4.5&#8243; title_font=&#8221;Raleway|900||on|||||&#8221; title_text_align=&#8221;left&#8221; title_font_size=&#8221;3vw&#8221; background_enable_color=&#8221;off&#8221; custom_padding=&#8221;15vw||1vw||false|false&#8221; animation_style=&#8221;slide&#8221; animation_direction=&#8221;bottom&#8221; animation_intensity_slide=&#8221;5%&#8221; title_font_size_tablet=&#8221;7vw&#8221; title_font_size_phone=&#8221;9vw&#8221; title_font_size_last_edited=&#8221;on|phone&#8221;][\/et_pb_fullwidth_header][\/et_pb_section][et_pb_section fb_built=&#8221;1&#8243; admin_label=&#8221;section&#8221; _builder_version=&#8221;3.22&#8243;][et_pb_row admin_label=&#8221;row&#8221; _builder_version=&#8221;3.25&#8243; background_size=&#8221;initial&#8221; background_position=&#8221;top_left&#8221; background_repeat=&#8221;repeat&#8221;][et_pb_column type=&#8221;4_4&#8243; _builder_version=&#8221;3.25&#8243; custom_padding=&#8221;|||&#8221; custom_padding__hover=&#8221;|||&#8221;][et_pb_text admin_label=&#8221;Text&#8221; _builder_version=&#8221;4.4.7&#8243; text_font_size=&#8221;1.2vw&#8221; text_line_height=&#8221;1.8vw&#8221; header_4_font=&#8221;|700|||||||&#8221; header_4_text_color=&#8221;#504d4f&#8221; header_4_font_size=&#8221;39px&#8221; background_size=&#8221;initial&#8221; background_position=&#8221;top_left&#8221; background_repeat=&#8221;repeat&#8221; animation_style=&#8221;slide&#8221; animation_direction=&#8221;left&#8221; animation_intensity_slide=&#8221;4%&#8221; text_font_size_tablet=&#8221;2.9vw&#8221; text_font_size_phone=&#8221;4vw&#8221; text_font_size_last_edited=&#8221;on|desktop&#8221; text_line_height_tablet=&#8221;3.9vw&#8221; text_line_height_phone=&#8221;5.3vw&#8221; text_line_height_last_edited=&#8221;on|phone&#8221;]<\/p>\n<p>Aware that the human factor is the key factor which prevails in demanding and competitive modern market, \u201cIntegral In\u017eenjering\u201c PLC devotes special attention to human resources &#8211; their selection and development, regardless of their position and level of responsibility.<\/p>\n<p>Today, \u201cIntegral In\u017eenjering\u201c PLC, thanks to its multiannual systematic planning in the field of human resources management, has an ideal combination of youth, expertise, enthusiasm, experience, creativity and productivity at all levels of our operations.<\/p>\n<p>\u201cIntegral In\u017eenjering\u201c PLC exerts a constant effort in finding, hiring and retaining the best available staff at the labour market, because only with such human resources and quality, the high competitiveness and top market results are possible.<\/p>\n<p>[\/et_pb_text][\/et_pb_column][\/et_pb_row][\/et_pb_section]<\/p>\n","protected":false},"excerpt":{"rendered":"<p>Aware that the human factor is the key factor which prevails in demanding and competitive modern market, \u201cIntegral In\u017eenjering\u201c PLC devotes special attention to human resources &#8211; their selection and development, regardless of their position and level of responsibility. Today, \u201cIntegral In\u017eenjering\u201c PLC, thanks to its multiannual systematic planning in the field of human resources [&hellip;]<\/p>\n","protected":false},"author":2,"featured_media":0,"parent":8796,"menu_order":0,"comment_status":"closed","ping_status":"closed","template":"","meta":{"_acf_changed":false,"_et_pb_use_builder":"on","_et_pb_old_content":"[et_pb_section fb_built=\"1\" admin_label=\"section\" _builder_version=\"3.22\"][et_pb_row admin_label=\"row\" _builder_version=\"3.25\" background_size=\"initial\" background_position=\"top_left\" background_repeat=\"repeat\"][et_pb_column type=\"4_4\" _builder_version=\"3.25\" custom_padding=\"|||\" custom_padding__hover=\"|||\"][et_pb_text admin_label=\"Text\" _builder_version=\"3.27.4\" background_size=\"initial\" background_position=\"top_left\" background_repeat=\"repeat\"][vc_row grid=\"true\" css=\".vc_custom_1471257122922{padding-top: 80px !important;padding-bottom: 80px !important;background-color: #363f45 !important;}\"][vc_column][vc_column_text css_animation=\"right-to-left\"]\n<h1 class=\"vc_custom_heading\" style=\"text-align: left;\">VRHUNSKI LJUDSKI RESURSI<\/h1>\n[\/vc_column_text][\/vc_column][\/vc_row][vc_row grid=\"true\" css=\".vc_custom_1471294279185{padding-top: 40px !important;padding-bottom: 0px !important;background-position: 0 0 !important;background-repeat: no-repeat !important;}\"][vc_column css=\".vc_custom_1471294244934{background-position: center !important;background-repeat: no-repeat !important;background-size: contain !important;}\"][vc_column_text css_animation=\"right-to-left\"]Svjesni da je ljudski faktor klju\u010dni faktor koji odnosi prevagu na zahtjevnom i konkurencijom optere\u0107enom modernom tr\u017ei\u0161tu, u Integral in\u017eenjeringu posve\u0107ujemo naro\u010ditu pa\u017enju ljudskim resursima; selekciji, razvoju i napredovanju svog na\u0161eg personala na svim radnim mjestima i nivoima odgovornosti.\n\nIntegral In\u017eenjering, zahvaljuju\u0107i svom vi\u0161egodi\u0161njem sistematskom planiranju u sferi menad\u017emeta ljudskim resursima, danas posjeduje idealnu kombinaciju mladosti, stru\u010dnosti, elana, iskustva, kreativnosti i produktivnosti na svim nivoima poslovanja.\nIntegral Grupa, \u010dija je Integral In\u017eenjering firma vodilja, ula\u017ee konstantan napor na pronala\u017eenju, zapo\u0161ljavanju i zadr\u017eavanju najboljih dostupnih kadrova na tr\u017ei\u0161tu rada, jer samo sa takvim ljudskim potencijalom i kvalitetom mogu\u0107a je visoka konkurentnost i vrhunski tr\u017ei\u0161ni rezultat.[\/vc_column_text][vc_row_inner][vc_column_inner width=\"1\/2\"][\/vc_column_inner][vc_column_inner width=\"1\/2\"][vc_single_image image=\"4807\" img_size=\"full\" css_animation=\"bottom-to-top\" css=\".vc_custom_1493290110032{padding-top: 0px !important;padding-bottom: 0px !important;}\"][\/vc_column_inner][\/vc_row_inner][\/vc_column][\/vc_row][\/et_pb_text][\/et_pb_column][\/et_pb_row][\/et_pb_section]","_et_gb_content_width":"","inline_featured_image":false,"footnotes":""},"class_list":["post-9102","page","type-page","status-publish","hentry"],"acf":[],"yoast_head":"<!-- This site is optimized with the Yoast SEO plugin v27.2 - https:\/\/yoast.com\/product\/yoast-seo-wordpress\/ -->\n<title>LJUDSKI RESURSI | Integral in\u017eenjering a.d.<\/title>\n<meta name=\"description\" content=\"Svjesni da je ljudski faktor klju\u010dni faktor koji odnosi prevagu na zahtjevnom i konkurencijom optere\u0107enom modernom tr\u017ei\u0161tu...\" \/>\n<meta name=\"robots\" content=\"index, follow, max-snippet:-1, max-image-preview:large, max-video-preview:-1\" \/>\n<link rel=\"canonical\" href=\"https:\/\/integral.ba\/en\/our-strenght\/human-resources\/\" \/>\n<meta property=\"og:locale\" content=\"en_US\" \/>\n<meta property=\"og:type\" content=\"article\" \/>\n<meta property=\"og:title\" content=\"LJUDSKI RESURSI | Integral in\u017eenjering a.d.\" \/>\n<meta property=\"og:description\" content=\"Svjesni da je ljudski faktor klju\u010dni faktor koji odnosi prevagu na zahtjevnom i konkurencijom optere\u0107enom modernom tr\u017ei\u0161tu...\" \/>\n<meta property=\"og:url\" content=\"https:\/\/integral.ba\/en\/our-strenght\/human-resources\/\" \/>\n<meta property=\"og:site_name\" content=\"Integral In\u017eenjering\" \/>\n<meta property=\"article:modified_time\" content=\"2020-10-13T09:44:54+00:00\" \/>\n<meta property=\"og:image\" content=\"https:\/\/integral.ba\/wp-content\/uploads\/2020\/08\/iic-vladicin-han.jpg\" \/>\n\t<meta property=\"og:image:width\" content=\"1200\" \/>\n\t<meta property=\"og:image:height\" content=\"630\" \/>\n\t<meta property=\"og:image:type\" content=\"image\/jpeg\" \/>\n<meta name=\"twitter:card\" content=\"summary_large_image\" \/>\n<meta name=\"twitter:label1\" content=\"Est. reading time\" \/>\n\t<meta name=\"twitter:data1\" content=\"2 minutes\" \/>\n<script type=\"application\/ld+json\" class=\"yoast-schema-graph\">{\"@context\":\"https:\/\/schema.org\",\"@graph\":[{\"@type\":\"WebPage\",\"@id\":\"https:\/\/integral.ba\/en\/our-strenght\/human-resources\/\",\"url\":\"https:\/\/integral.ba\/en\/our-strenght\/human-resources\/\",\"name\":\"LJUDSKI RESURSI | Integral in\u017eenjering a.d.\",\"isPartOf\":{\"@id\":\"https:\/\/integral.ba\/en\/#website\"},\"datePublished\":\"2019-11-20T10:44:45+00:00\",\"dateModified\":\"2020-10-13T09:44:54+00:00\",\"description\":\"Svjesni da je ljudski faktor klju\u010dni faktor koji odnosi prevagu na zahtjevnom i konkurencijom optere\u0107enom modernom tr\u017ei\u0161tu...\",\"breadcrumb\":{\"@id\":\"https:\/\/integral.ba\/en\/our-strenght\/human-resources\/#breadcrumb\"},\"inLanguage\":\"en-US\",\"potentialAction\":[{\"@type\":\"ReadAction\",\"target\":[\"https:\/\/integral.ba\/en\/our-strenght\/human-resources\/\"]}]},{\"@type\":\"BreadcrumbList\",\"@id\":\"https:\/\/integral.ba\/en\/our-strenght\/human-resources\/#breadcrumb\",\"itemListElement\":[{\"@type\":\"ListItem\",\"position\":1,\"name\":\"Home\",\"item\":\"https:\/\/integral.ba\/en\/?lang=en\"},{\"@type\":\"ListItem\",\"position\":2,\"name\":\"Our strenght\",\"item\":\"https:\/\/integral.ba\/en\/our-strenght\/?lang=en\"},{\"@type\":\"ListItem\",\"position\":3,\"name\":\"Human resources\"}]},{\"@type\":\"WebSite\",\"@id\":\"https:\/\/integral.ba\/en\/#website\",\"url\":\"https:\/\/integral.ba\/en\/\",\"name\":\"Integral In\u017eenjering\",\"description\":\"iic\",\"publisher\":{\"@id\":\"https:\/\/integral.ba\/en\/#organization\"},\"potentialAction\":[{\"@type\":\"SearchAction\",\"target\":{\"@type\":\"EntryPoint\",\"urlTemplate\":\"https:\/\/integral.ba\/en\/?s={search_term_string}\"},\"query-input\":{\"@type\":\"PropertyValueSpecification\",\"valueRequired\":true,\"valueName\":\"search_term_string\"}}],\"inLanguage\":\"en-US\"},{\"@type\":\"Organization\",\"@id\":\"https:\/\/integral.ba\/en\/#organization\",\"name\":\"Integral In\u017eenjering\",\"url\":\"https:\/\/integral.ba\/en\/\",\"logo\":{\"@type\":\"ImageObject\",\"inLanguage\":\"en-US\",\"@id\":\"https:\/\/integral.ba\/en\/#\/schema\/logo\/image\/\",\"url\":\"https:\/\/integral.ba\/wp-content\/uploads\/2020\/08\/favicon.png\",\"contentUrl\":\"https:\/\/integral.ba\/wp-content\/uploads\/2020\/08\/favicon.png\",\"width\":512,\"height\":512,\"caption\":\"Integral In\u017eenjering\"},\"image\":{\"@id\":\"https:\/\/integral.ba\/en\/#\/schema\/logo\/image\/\"},\"sameAs\":[\"https:\/\/www.youtube.com\/user\/IntegralGrupa\",\"https:\/\/sr.wikipedia.org\/sr-el\/\u0418\u043d\u0442\u0435\u0433\u0440\u0430\u043b_\u0438\u043d\u0436\u0435\u045a\u0435\u0440\u0438\u043d\u0433\"]}]}<\/script>\n<!-- \/ Yoast SEO plugin. -->","yoast_head_json":{"title":"LJUDSKI RESURSI | Integral in\u017eenjering a.d.","description":"Svjesni da je ljudski faktor klju\u010dni faktor koji odnosi prevagu na zahtjevnom i konkurencijom optere\u0107enom modernom tr\u017ei\u0161tu...","robots":{"index":"index","follow":"follow","max-snippet":"max-snippet:-1","max-image-preview":"max-image-preview:large","max-video-preview":"max-video-preview:-1"},"canonical":"https:\/\/integral.ba\/en\/our-strenght\/human-resources\/","og_locale":"en_US","og_type":"article","og_title":"LJUDSKI RESURSI | Integral in\u017eenjering a.d.","og_description":"Svjesni da je ljudski faktor klju\u010dni faktor koji odnosi prevagu na zahtjevnom i konkurencijom optere\u0107enom modernom tr\u017ei\u0161tu...","og_url":"https:\/\/integral.ba\/en\/our-strenght\/human-resources\/","og_site_name":"Integral In\u017eenjering","article_modified_time":"2020-10-13T09:44:54+00:00","og_image":[{"width":1200,"height":630,"url":"https:\/\/integral.ba\/wp-content\/uploads\/2020\/08\/iic-vladicin-han.jpg","type":"image\/jpeg"}],"twitter_card":"summary_large_image","twitter_misc":{"Est. reading time":"2 minutes"},"schema":{"@context":"https:\/\/schema.org","@graph":[{"@type":"WebPage","@id":"https:\/\/integral.ba\/en\/our-strenght\/human-resources\/","url":"https:\/\/integral.ba\/en\/our-strenght\/human-resources\/","name":"LJUDSKI RESURSI | Integral in\u017eenjering a.d.","isPartOf":{"@id":"https:\/\/integral.ba\/en\/#website"},"datePublished":"2019-11-20T10:44:45+00:00","dateModified":"2020-10-13T09:44:54+00:00","description":"Svjesni da je ljudski faktor klju\u010dni faktor koji odnosi prevagu na zahtjevnom i konkurencijom optere\u0107enom modernom tr\u017ei\u0161tu...","breadcrumb":{"@id":"https:\/\/integral.ba\/en\/our-strenght\/human-resources\/#breadcrumb"},"inLanguage":"en-US","potentialAction":[{"@type":"ReadAction","target":["https:\/\/integral.ba\/en\/our-strenght\/human-resources\/"]}]},{"@type":"BreadcrumbList","@id":"https:\/\/integral.ba\/en\/our-strenght\/human-resources\/#breadcrumb","itemListElement":[{"@type":"ListItem","position":1,"name":"Home","item":"https:\/\/integral.ba\/en\/?lang=en"},{"@type":"ListItem","position":2,"name":"Our strenght","item":"https:\/\/integral.ba\/en\/our-strenght\/?lang=en"},{"@type":"ListItem","position":3,"name":"Human resources"}]},{"@type":"WebSite","@id":"https:\/\/integral.ba\/en\/#website","url":"https:\/\/integral.ba\/en\/","name":"Integral In\u017eenjering","description":"iic","publisher":{"@id":"https:\/\/integral.ba\/en\/#organization"},"potentialAction":[{"@type":"SearchAction","target":{"@type":"EntryPoint","urlTemplate":"https:\/\/integral.ba\/en\/?s={search_term_string}"},"query-input":{"@type":"PropertyValueSpecification","valueRequired":true,"valueName":"search_term_string"}}],"inLanguage":"en-US"},{"@type":"Organization","@id":"https:\/\/integral.ba\/en\/#organization","name":"Integral In\u017eenjering","url":"https:\/\/integral.ba\/en\/","logo":{"@type":"ImageObject","inLanguage":"en-US","@id":"https:\/\/integral.ba\/en\/#\/schema\/logo\/image\/","url":"https:\/\/integral.ba\/wp-content\/uploads\/2020\/08\/favicon.png","contentUrl":"https:\/\/integral.ba\/wp-content\/uploads\/2020\/08\/favicon.png","width":512,"height":512,"caption":"Integral In\u017eenjering"},"image":{"@id":"https:\/\/integral.ba\/en\/#\/schema\/logo\/image\/"},"sameAs":["https:\/\/www.youtube.com\/user\/IntegralGrupa","https:\/\/sr.wikipedia.org\/sr-el\/\u0418\u043d\u0442\u0435\u0433\u0440\u0430\u043b_\u0438\u043d\u0436\u0435\u045a\u0435\u0440\u0438\u043d\u0433"]}]}},"_links":{"self":[{"href":"https:\/\/integral.ba\/en\/wp-json\/wp\/v2\/pages\/9102","targetHints":{"allow":["GET"]}}],"collection":[{"href":"https:\/\/integral.ba\/en\/wp-json\/wp\/v2\/pages"}],"about":[{"href":"https:\/\/integral.ba\/en\/wp-json\/wp\/v2\/types\/page"}],"author":[{"embeddable":true,"href":"https:\/\/integral.ba\/en\/wp-json\/wp\/v2\/users\/2"}],"replies":[{"embeddable":true,"href":"https:\/\/integral.ba\/en\/wp-json\/wp\/v2\/comments?post=9102"}],"version-history":[{"count":7,"href":"https:\/\/integral.ba\/en\/wp-json\/wp\/v2\/pages\/9102\/revisions"}],"predecessor-version":[{"id":41319,"href":"https:\/\/integral.ba\/en\/wp-json\/wp\/v2\/pages\/9102\/revisions\/41319"}],"up":[{"embeddable":true,"href":"https:\/\/integral.ba\/en\/wp-json\/wp\/v2\/pages\/8796"}],"wp:attachment":[{"href":"https:\/\/integral.ba\/en\/wp-json\/wp\/v2\/media?parent=9102"}],"curies":[{"name":"wp","href":"https:\/\/api.w.org\/{rel}","templated":true}]}}