{"id":9116,"date":"2019-11-20T12:03:06","date_gmt":"2019-11-20T11:03:06","guid":{"rendered":"https:\/\/integral.ba\/?page_id=9116"},"modified":"2025-12-17T11:36:33","modified_gmt":"2025-12-17T10:36:33","slug":"kvalitet-integrisani-sistem-upravljanja","status":"publish","type":"page","link":"https:\/\/integral.ba\/en\/our-strenght\/kvalitet-integrisani-sistem-upravljanja\/","title":{"rendered":"Integrated Management System IMS"},"content":{"rendered":"<p>[et_pb_section fb_built=&#8221;1&#8243; fullwidth=&#8221;on&#8221; admin_label=&#8221;Section&#8221; _builder_version=&#8221;4.16&#8243; background_image=&#8221;https:\/\/integral.ba\/wp-content\/uploads\/2020\/03\/sistem_upravljanja-1.jpg&#8221; parallax=&#8221;on&#8221; animation_style=&#8221;fade&#8221; animation_delay=&#8221;150ms&#8221; animation_speed_curve=&#8221;linear&#8221; da_disable_devices=&#8221;off|off|off&#8221; locked=&#8221;off&#8221; global_colors_info=&#8221;{}&#8221; da_is_popup=&#8221;off&#8221; da_exit_intent=&#8221;off&#8221; da_has_close=&#8221;on&#8221; da_alt_close=&#8221;off&#8221; da_dark_close=&#8221;off&#8221; da_not_modal=&#8221;on&#8221; da_is_singular=&#8221;off&#8221; da_with_loader=&#8221;off&#8221; da_has_shadow=&#8221;on&#8221;][et_pb_fullwidth_header title=&#8221;Integrated Management System (IMS)&#8221; _builder_version=&#8221;4.16&#8243; title_font=&#8221;Raleway|900||on|||||&#8221; title_text_align=&#8221;left&#8221; title_font_size=&#8221;3.02vw&#8221; background_enable_color=&#8221;off&#8221; custom_padding=&#8221;15vw||1vw||false|false&#8221; animation_style=&#8221;slide&#8221; animation_direction=&#8221;bottom&#8221; animation_intensity_slide=&#8221;5%&#8221; title_font_size_tablet=&#8221;7vw&#8221; title_font_size_phone=&#8221;9vw&#8221; title_font_size_last_edited=&#8221;on|phone&#8221; global_colors_info=&#8221;{}&#8221;][\/et_pb_fullwidth_header][\/et_pb_section][et_pb_section fb_built=&#8221;1&#8243; admin_label=&#8221;section&#8221; _builder_version=&#8221;4.16&#8243; da_disable_devices=&#8221;off|off|off&#8221; locked=&#8221;off&#8221; global_colors_info=&#8221;{}&#8221; da_is_popup=&#8221;off&#8221; da_exit_intent=&#8221;off&#8221; da_has_close=&#8221;on&#8221; da_alt_close=&#8221;off&#8221; da_dark_close=&#8221;off&#8221; da_not_modal=&#8221;on&#8221; da_is_singular=&#8221;off&#8221; da_with_loader=&#8221;off&#8221; da_has_shadow=&#8221;on&#8221;][et_pb_row admin_label=&#8221;row&#8221; _builder_version=&#8221;4.16&#8243; background_size=&#8221;initial&#8221; background_position=&#8221;top_left&#8221; background_repeat=&#8221;repeat&#8221; max_width=&#8221;1100px&#8221; global_colors_info=&#8221;{}&#8221;][et_pb_column type=&#8221;4_4&#8243; _builder_version=&#8221;4.16&#8243; custom_padding=&#8221;|||&#8221; global_colors_info=&#8221;{}&#8221; custom_padding__hover=&#8221;|||&#8221;][et_pb_text admin_label=&#8221;Text&#8221; _builder_version=&#8221;4.27.4&#8243; text_font_size=&#8221;1.2vw&#8221; text_line_height=&#8221;1.8vw&#8221; header_4_font=&#8221;|700|||||||&#8221; header_4_text_color=&#8221;#504d4f&#8221; header_4_font_size=&#8221;39px&#8221; background_size=&#8221;initial&#8221; background_position=&#8221;top_left&#8221; background_repeat=&#8221;repeat&#8221; animation_style=&#8221;slide&#8221; animation_direction=&#8221;left&#8221; animation_intensity_slide=&#8221;4%&#8221; text_font_size_tablet=&#8221;2.9vw&#8221; text_font_size_phone=&#8221;4vw&#8221; text_font_size_last_edited=&#8221;on|desktop&#8221; text_line_height_tablet=&#8221;3.9vw&#8221; text_line_height_phone=&#8221;5.3vw&#8221; text_line_height_last_edited=&#8221;on|phone&#8221; global_colors_info=&#8221;{}&#8221;]<\/p>\n<p><span>We introduced Quality Management System according to the standards ISO 9001 in 2003 and today, we apply Integrated Management System (IMS) which includes international standards ISO 9001, ISO 14001, ISO 45001 and ISO\/IEC 27001.<\/span><\/p>\n<p><span><span lang=\"EN\">Within the framework of the ISO 14001 standard, we report on greenhouse gas emissions according to the requirements of the ISO 14064-1:2018 standard. The initial reporting year is 2023.<\/span><\/span><\/p>\n<p>[\/et_pb_text][et_pb_text admin_label=&#8221;Text&#8221; module_class=&#8221;pdfovi&#8221; _builder_version=&#8221;4.27.4&#8243; text_font_size=&#8221;0.9vw&#8221; ul_font_size=&#8221;0.9vw&#8221; ul_line_height=&#8221;1.5vw&#8221; background_size=&#8221;initial&#8221; background_position=&#8221;top_left&#8221; background_repeat=&#8221;repeat&#8221; custom_margin=&#8221;||50px|15px|false|false&#8221; custom_padding=&#8221;|||20px|false|false&#8221; animation_style=&#8221;slide&#8221; animation_direction=&#8221;left&#8221; animation_delay=&#8221;250ms&#8221; animation_intensity_slide=&#8221;2%&#8221; hover_enabled=&#8221;0&#8243; text_font_size_tablet=&#8221;2.4vw&#8221; text_font_size_phone=&#8221;3.6vw&#8221; text_font_size_last_edited=&#8221;on|tablet&#8221; ul_font_size_tablet=&#8221;2.4vw&#8221; ul_font_size_phone=&#8221;3.6vw&#8221; ul_font_size_last_edited=&#8221;on|desktop&#8221; ul_line_height_tablet=&#8221;3.6vw&#8221; ul_line_height_phone=&#8221;4.9vw&#8221; ul_line_height_last_edited=&#8221;on|phone&#8221; border_width_left=&#8221;3px&#8221; border_color_left=&#8221;#f8b900&#8243; global_colors_info=&#8221;{}&#8221; sticky_enabled=&#8221;0&#8243;]<\/p>\n<ul>\n<li><a href=\"https:\/\/integral.ba\/standardi\/IMS-Policy-Integral.pdf\" target=\"_blank\" rel=\"noopener noreferrer\">Integrated Management System Policy \u2013\u00a0<strong>IMS<\/strong><\/a><\/li>\n<li><a href=\"https:\/\/integral.ba\/standardi\/Integral_9001-2015_en.pdf\" target=\"_blank\" rel=\"noopener noreferrer\">Quality Management System Certificate <span>\u00a0<\/span><strong><span class=\"lead\">ISO 9001:2015<\/span><\/strong><\/a><\/li>\n<li><a href=\"https:\/\/integral.ba\/standardi\/Integral_14001-2015_en.pdf\" target=\"_blank\" rel=\"noopener noreferrer\">Environmental Management System Certificate <span>\u00a0<\/span><strong><span class=\"lead\">ISO 14001:2015<\/span><\/strong><\/a><\/li>\n<li><a href=\"https:\/\/integral.ba\/wp-content\/uploads\/2025\/12\/Integral-ISO-27001_eng-2024.pdf\" target=\"_blank\" rel=\"noopener noreferrer\">Information Security Management System Certificate <span>\u00a0<\/span><strong><span class=\"lead\">ISO\/IEC 27001:2022<\/span><\/strong><\/a><\/li>\n<li><span class=\"lead\"><a href=\"https:\/\/integral.ba\/wp-content\/uploads\/2024\/09\/24-L-0253_INTEGRAL-INZENJERING-AD-LAKTASI.pdf\" target=\"_blank\" rel=\"noopener noreferrer\">Anti-bribery Management System Certificate\u00a0<\/a><\/span><span class=\"lead\"><a href=\"https:\/\/integral.ba\/wp-content\/uploads\/2024\/09\/24-L-0253_INTEGRAL-INZENJERING-AD-LAKTASI.pdf\" target=\"_blank\" rel=\"noopener noreferrer\"><strong><\/strong><\/a><strong><a href=\"https:\/\/integral.ba\/wp-content\/uploads\/2025\/09\/Cert_iso37001_eng-Rev4.pdf\" target=\"_blank\" rel=\"noopener noreferrer\">ISO 37001:2016<\/a><\/strong><\/span><strong><span class=\"lead\"><\/span><\/strong><\/li>\n<li><a href=\"https:\/\/integral.ba\/standardi\/ISO-45001-1-e.pdf\" target=\"_blank\" rel=\"noopener noreferrer\"><span><span lang=\"EN-US\">Occupational Health and Safety Management Systems Certificate <\/span> <\/span><strong><span class=\"lead\">ISO 45001:2018<\/span><\/strong><\/a><\/li>\n<\/ul>\n<p>[\/et_pb_text][\/et_pb_column][\/et_pb_row][\/et_pb_section]<\/p>\n","protected":false},"excerpt":{"rendered":"<p>We introduced Quality Management System according to the standards ISO 9001 in 2003 and today, we apply Integrated Management System (IMS) which includes international standards ISO 9001, ISO 14001, ISO 45001 and ISO\/IEC 27001. Within the framework of the ISO 14001 standard, we report on greenhouse gas emissions according to the requirements of the ISO [&hellip;]<\/p>\n","protected":false},"author":2,"featured_media":0,"parent":8796,"menu_order":0,"comment_status":"closed","ping_status":"closed","template":"","meta":{"_acf_changed":false,"_et_pb_use_builder":"on","_et_pb_old_content":"[vc_row grid=\"true\" css=\".vc_custom_1471257261505{padding-top: 80px !important;padding-bottom: 80px !important;background-color: #363f45 !important;}\"][vc_column][vc_column_text css_animation=\"right-to-left\"]\r\n<h1 class=\"vc_custom_heading\" style=\"text-align: left;\">Integrisani sistem upravljanja <strong>IMS<\/strong><\/h1>\r\n[\/vc_column_text][\/vc_column][\/vc_row][vc_row grid=\"true\" css=\".vc_custom_1454570554917{padding-top: 80px !important;padding-bottom: 20px !important;}\"][vc_column][vc_column_text]<img class=\"wp-image-2018 alignleft\" src=\"https:\/\/integral.ba\/wp-content\/uploads\/2015\/08\/4T9Ejpy8c.png\" alt=\"\" width=\"120\" height=\"112\">Kvalitetno izvo\u0111enje radova, kao i zavr\u0161avanje preuzetih projekata u roku predstavlja osnovnu pretpostavku i razlog na\u0161eg uspje\u0161nog poslovanja, te ostvarivanja i odr\u017eavanja stalnog rasta na\u0161eg tr\u017ei\u0161nog u\u010de\u0161\u0107a.\r\nSistem upravljanja kvalitetom u skladu sa standardima ISO 9001 uveli smo 2003. godine, a danas primjenjujemo Integrisani sistem upravljanja\u00a0(IMS) koji uklju\u010duje me\u0111unarodne standarde ISO 9001, ISO 14001, OHSAS 18001 i ISO\/IEC 27001.[\/vc_column_text][\/vc_column][\/vc_row][vc_row grid=\"true\" css=\".vc_custom_1454570558772{padding-top: 20px !important;padding-bottom: 80px !important;}\"][vc_column width=\"2\/3\"][vc_column_text css_animation=\"left-to-right\"]<a href=\"\/standardi\/politika_kvaliteta.pdf\" target=\"_blank\" rel=\"noopener noreferrer\">\r\n<i class=\"fa fa-file-pdf-o fa-lg\"><\/i> Politika integrisanog sistema upravljanja <strong><span class=\"lead\"> IMS <\/span><\/strong>\r\n<\/a>[\/vc_column_text][vc_column_text css_animation=\"right-to-left\"]<a href=\"\/standardi\/Integral_9001-2015_sr.pdf\" target=\"_blank\" rel=\"noopener noreferrer\"><i class=\"fa fa-file-pdf-o fa-lg\"><\/i> Sertifikat o uspostavljanju sistema upravljanja kvalitetom <strong><span class=\"lead\">ISO 9001:2015<\/span><\/strong>\r\n<\/a>[\/vc_column_text][vc_column_text css_animation=\"left-to-right\"]<a href=\"\/standardi\/Integral_14001-2015_sr.pdf\" target=\"_blank\" rel=\"noopener noreferrer\"><i class=\"fa fa-file-pdf-o fa-lg\"><\/i> Sertifikat o sistemu upravljanja za\u0161titom \u017eivotne sredine <strong><span class=\"lead\">ISO 14001:2015<\/span><\/strong><\/a>[\/vc_column_text][vc_column_text css_animation=\"right-to-left\"]<a href=\"\/standardi\/Cert%20OHSAS%20Srp.pdf\" target=\"_blank\" rel=\"noopener noreferrer\"><i class=\"fa fa-file-pdf-o fa-lg\"><\/i> Sertifikat o sistemu upravljanja za\u0161titom zdravlja i bezbjedno\u0161\u0107u na radu <strong><span class=\"lead\"> OHSAS 18001:2007<\/span><\/strong><\/a>[\/vc_column_text][vc_column_text css_animation=\"left-to-right\"]<a href=\"\/standardi\/Integral-ISMS27001-SR.pdf\" target=\"_blank\" rel=\"noopener noreferrer\"><i class=\"fa fa-file-pdf-o fa-lg\"><\/i> Sertifikat o uspostavljanju sistema upravljanja bezbjednosti informacija <strong><span class=\"lead\"> ISO\/IEC 27001:2013<\/span><\/strong><\/a>[\/vc_column_text][\/vc_column][vc_column width=\"1\/3\"][vc_single_image image=\"2261\" img_size=\"full\" alignment=\"center\" css_animation=\"appear\"][\/vc_column][\/vc_row]","_et_gb_content_width":"","inline_featured_image":false,"footnotes":""},"class_list":["post-9116","page","type-page","status-publish","hentry"],"acf":[],"yoast_head":"<!-- This site is optimized with the Yoast SEO plugin v27.2 - https:\/\/yoast.com\/product\/yoast-seo-wordpress\/ -->\n<title>INTGRISANI SISTEM UPRAVLJANJA | Integral in\u017eenjering a.d.<\/title>\n<meta name=\"description\" content=\"Integrisani sistem upravljanja (IMS) koji uklju\u010duje me\u0111unarodne standarde ISO 9001, ISO 14001, OHSAS 18001 i ISO\/IEC 27001.\" \/>\n<meta name=\"robots\" content=\"index, follow, max-snippet:-1, max-image-preview:large, max-video-preview:-1\" \/>\n<link rel=\"canonical\" href=\"https:\/\/integral.ba\/en\/our-strenght\/kvalitet-integrisani-sistem-upravljanja\/\" \/>\n<meta property=\"og:locale\" content=\"en_US\" \/>\n<meta property=\"og:type\" content=\"article\" \/>\n<meta property=\"og:title\" content=\"INTGRISANI SISTEM UPRAVLJANJA | Integral in\u017eenjering a.d.\" \/>\n<meta property=\"og:description\" content=\"Integrisani sistem upravljanja (IMS) koji uklju\u010duje me\u0111unarodne standarde ISO 9001, ISO 14001, OHSAS 18001 i ISO\/IEC 27001.\" \/>\n<meta property=\"og:url\" content=\"https:\/\/integral.ba\/en\/our-strenght\/kvalitet-integrisani-sistem-upravljanja\/\" \/>\n<meta property=\"og:site_name\" content=\"Integral In\u017eenjering\" \/>\n<meta property=\"article:modified_time\" content=\"2025-12-17T10:36:33+00:00\" \/>\n<meta property=\"og:image\" content=\"https:\/\/integral.ba\/wp-content\/uploads\/2020\/08\/iic-vladicin-han.jpg\" \/>\n\t<meta property=\"og:image:width\" content=\"1200\" \/>\n\t<meta property=\"og:image:height\" content=\"630\" \/>\n\t<meta property=\"og:image:type\" content=\"image\/jpeg\" \/>\n<meta name=\"twitter:card\" content=\"summary_large_image\" \/>\n<meta name=\"twitter:label1\" content=\"Est. reading time\" \/>\n\t<meta name=\"twitter:data1\" content=\"1 minute\" \/>\n<script type=\"application\/ld+json\" class=\"yoast-schema-graph\">{\"@context\":\"https:\/\/schema.org\",\"@graph\":[{\"@type\":\"WebPage\",\"@id\":\"https:\/\/integral.ba\/en\/our-strenght\/kvalitet-integrisani-sistem-upravljanja\/\",\"url\":\"https:\/\/integral.ba\/en\/our-strenght\/kvalitet-integrisani-sistem-upravljanja\/\",\"name\":\"INTGRISANI SISTEM UPRAVLJANJA | Integral in\u017eenjering a.d.\",\"isPartOf\":{\"@id\":\"https:\/\/integral.ba\/en\/#website\"},\"datePublished\":\"2019-11-20T11:03:06+00:00\",\"dateModified\":\"2025-12-17T10:36:33+00:00\",\"description\":\"Integrisani sistem upravljanja (IMS) koji uklju\u010duje me\u0111unarodne standarde ISO 9001, ISO 14001, OHSAS 18001 i ISO\/IEC 27001.\",\"breadcrumb\":{\"@id\":\"https:\/\/integral.ba\/en\/our-strenght\/kvalitet-integrisani-sistem-upravljanja\/#breadcrumb\"},\"inLanguage\":\"en-US\",\"potentialAction\":[{\"@type\":\"ReadAction\",\"target\":[\"https:\/\/integral.ba\/en\/our-strenght\/kvalitet-integrisani-sistem-upravljanja\/\"]}]},{\"@type\":\"BreadcrumbList\",\"@id\":\"https:\/\/integral.ba\/en\/our-strenght\/kvalitet-integrisani-sistem-upravljanja\/#breadcrumb\",\"itemListElement\":[{\"@type\":\"ListItem\",\"position\":1,\"name\":\"Home\",\"item\":\"https:\/\/integral.ba\/en\/?lang=en\"},{\"@type\":\"ListItem\",\"position\":2,\"name\":\"Our strenght\",\"item\":\"https:\/\/integral.ba\/en\/our-strenght\/?lang=en\"},{\"@type\":\"ListItem\",\"position\":3,\"name\":\"Integrated Management System IMS\"}]},{\"@type\":\"WebSite\",\"@id\":\"https:\/\/integral.ba\/en\/#website\",\"url\":\"https:\/\/integral.ba\/en\/\",\"name\":\"Integral In\u017eenjering\",\"description\":\"iic\",\"publisher\":{\"@id\":\"https:\/\/integral.ba\/en\/#organization\"},\"potentialAction\":[{\"@type\":\"SearchAction\",\"target\":{\"@type\":\"EntryPoint\",\"urlTemplate\":\"https:\/\/integral.ba\/en\/?s={search_term_string}\"},\"query-input\":{\"@type\":\"PropertyValueSpecification\",\"valueRequired\":true,\"valueName\":\"search_term_string\"}}],\"inLanguage\":\"en-US\"},{\"@type\":\"Organization\",\"@id\":\"https:\/\/integral.ba\/en\/#organization\",\"name\":\"Integral In\u017eenjering\",\"url\":\"https:\/\/integral.ba\/en\/\",\"logo\":{\"@type\":\"ImageObject\",\"inLanguage\":\"en-US\",\"@id\":\"https:\/\/integral.ba\/en\/#\/schema\/logo\/image\/\",\"url\":\"https:\/\/integral.ba\/wp-content\/uploads\/2020\/08\/favicon.png\",\"contentUrl\":\"https:\/\/integral.ba\/wp-content\/uploads\/2020\/08\/favicon.png\",\"width\":512,\"height\":512,\"caption\":\"Integral In\u017eenjering\"},\"image\":{\"@id\":\"https:\/\/integral.ba\/en\/#\/schema\/logo\/image\/\"},\"sameAs\":[\"https:\/\/www.youtube.com\/user\/IntegralGrupa\",\"https:\/\/sr.wikipedia.org\/sr-el\/\u0418\u043d\u0442\u0435\u0433\u0440\u0430\u043b_\u0438\u043d\u0436\u0435\u045a\u0435\u0440\u0438\u043d\u0433\"]}]}<\/script>\n<!-- \/ Yoast SEO plugin. -->","yoast_head_json":{"title":"INTGRISANI SISTEM UPRAVLJANJA | Integral in\u017eenjering a.d.","description":"Integrisani sistem upravljanja (IMS) koji uklju\u010duje me\u0111unarodne standarde ISO 9001, ISO 14001, OHSAS 18001 i ISO\/IEC 27001.","robots":{"index":"index","follow":"follow","max-snippet":"max-snippet:-1","max-image-preview":"max-image-preview:large","max-video-preview":"max-video-preview:-1"},"canonical":"https:\/\/integral.ba\/en\/our-strenght\/kvalitet-integrisani-sistem-upravljanja\/","og_locale":"en_US","og_type":"article","og_title":"INTGRISANI SISTEM UPRAVLJANJA | Integral in\u017eenjering a.d.","og_description":"Integrisani sistem upravljanja (IMS) koji uklju\u010duje me\u0111unarodne standarde ISO 9001, ISO 14001, OHSAS 18001 i ISO\/IEC 27001.","og_url":"https:\/\/integral.ba\/en\/our-strenght\/kvalitet-integrisani-sistem-upravljanja\/","og_site_name":"Integral In\u017eenjering","article_modified_time":"2025-12-17T10:36:33+00:00","og_image":[{"width":1200,"height":630,"url":"https:\/\/integral.ba\/wp-content\/uploads\/2020\/08\/iic-vladicin-han.jpg","type":"image\/jpeg"}],"twitter_card":"summary_large_image","twitter_misc":{"Est. reading time":"1 minute"},"schema":{"@context":"https:\/\/schema.org","@graph":[{"@type":"WebPage","@id":"https:\/\/integral.ba\/en\/our-strenght\/kvalitet-integrisani-sistem-upravljanja\/","url":"https:\/\/integral.ba\/en\/our-strenght\/kvalitet-integrisani-sistem-upravljanja\/","name":"INTGRISANI SISTEM UPRAVLJANJA | Integral in\u017eenjering a.d.","isPartOf":{"@id":"https:\/\/integral.ba\/en\/#website"},"datePublished":"2019-11-20T11:03:06+00:00","dateModified":"2025-12-17T10:36:33+00:00","description":"Integrisani sistem upravljanja (IMS) koji uklju\u010duje me\u0111unarodne standarde ISO 9001, ISO 14001, OHSAS 18001 i ISO\/IEC 27001.","breadcrumb":{"@id":"https:\/\/integral.ba\/en\/our-strenght\/kvalitet-integrisani-sistem-upravljanja\/#breadcrumb"},"inLanguage":"en-US","potentialAction":[{"@type":"ReadAction","target":["https:\/\/integral.ba\/en\/our-strenght\/kvalitet-integrisani-sistem-upravljanja\/"]}]},{"@type":"BreadcrumbList","@id":"https:\/\/integral.ba\/en\/our-strenght\/kvalitet-integrisani-sistem-upravljanja\/#breadcrumb","itemListElement":[{"@type":"ListItem","position":1,"name":"Home","item":"https:\/\/integral.ba\/en\/?lang=en"},{"@type":"ListItem","position":2,"name":"Our strenght","item":"https:\/\/integral.ba\/en\/our-strenght\/?lang=en"},{"@type":"ListItem","position":3,"name":"Integrated Management System IMS"}]},{"@type":"WebSite","@id":"https:\/\/integral.ba\/en\/#website","url":"https:\/\/integral.ba\/en\/","name":"Integral In\u017eenjering","description":"iic","publisher":{"@id":"https:\/\/integral.ba\/en\/#organization"},"potentialAction":[{"@type":"SearchAction","target":{"@type":"EntryPoint","urlTemplate":"https:\/\/integral.ba\/en\/?s={search_term_string}"},"query-input":{"@type":"PropertyValueSpecification","valueRequired":true,"valueName":"search_term_string"}}],"inLanguage":"en-US"},{"@type":"Organization","@id":"https:\/\/integral.ba\/en\/#organization","name":"Integral In\u017eenjering","url":"https:\/\/integral.ba\/en\/","logo":{"@type":"ImageObject","inLanguage":"en-US","@id":"https:\/\/integral.ba\/en\/#\/schema\/logo\/image\/","url":"https:\/\/integral.ba\/wp-content\/uploads\/2020\/08\/favicon.png","contentUrl":"https:\/\/integral.ba\/wp-content\/uploads\/2020\/08\/favicon.png","width":512,"height":512,"caption":"Integral In\u017eenjering"},"image":{"@id":"https:\/\/integral.ba\/en\/#\/schema\/logo\/image\/"},"sameAs":["https:\/\/www.youtube.com\/user\/IntegralGrupa","https:\/\/sr.wikipedia.org\/sr-el\/\u0418\u043d\u0442\u0435\u0433\u0440\u0430\u043b_\u0438\u043d\u0436\u0435\u045a\u0435\u0440\u0438\u043d\u0433"]}]}},"_links":{"self":[{"href":"https:\/\/integral.ba\/en\/wp-json\/wp\/v2\/pages\/9116","targetHints":{"allow":["GET"]}}],"collection":[{"href":"https:\/\/integral.ba\/en\/wp-json\/wp\/v2\/pages"}],"about":[{"href":"https:\/\/integral.ba\/en\/wp-json\/wp\/v2\/types\/page"}],"author":[{"embeddable":true,"href":"https:\/\/integral.ba\/en\/wp-json\/wp\/v2\/users\/2"}],"replies":[{"embeddable":true,"href":"https:\/\/integral.ba\/en\/wp-json\/wp\/v2\/comments?post=9116"}],"version-history":[{"count":20,"href":"https:\/\/integral.ba\/en\/wp-json\/wp\/v2\/pages\/9116\/revisions"}],"predecessor-version":[{"id":88868,"href":"https:\/\/integral.ba\/en\/wp-json\/wp\/v2\/pages\/9116\/revisions\/88868"}],"up":[{"embeddable":true,"href":"https:\/\/integral.ba\/en\/wp-json\/wp\/v2\/pages\/8796"}],"wp:attachment":[{"href":"https:\/\/integral.ba\/en\/wp-json\/wp\/v2\/media?parent=9116"}],"curies":[{"name":"wp","href":"https:\/\/api.w.org\/{rel}","templated":true}]}}